{"id":102,"date":"2024-11-14T09:10:39","date_gmt":"2024-11-14T09:10:39","guid":{"rendered":"https:\/\/2025.lycee-nelson-mandela.fr\/?page_id=102"},"modified":"2026-02-27T13:18:01","modified_gmt":"2026-02-27T13:18:01","slug":"nos-bacs-pro","status":"publish","type":"page","link":"https:\/\/2025.lycee-nelson-mandela.fr\/?page_id=102","title":{"rendered":"NOS BACS PRO"},"content":{"rendered":"<div class=\"\" style=\"\" >\n    \n    <section class=\"u-align-center u-clearfix u-container-align-center u-section-2\" id=\"sec-b00e\">\n      <div class=\"u-align-left u-clearfix u-sheet u-sheet-1\">\n        <p class=\"u-align-center-xs u-text u-text-default u-text-1\">NOS BACS PRO <\/p>\n        <div class=\"u-expanded-width-xs u-list u-list-1\">\n          <div class=\"u-repeater u-repeater-1\">\n            <div class=\"u-container-style u-custom-color-31 u-custom-item u-list-item u-repeater-item u-shape-rectangle\" data-href=\"https:\/\/2025.lycee-nelson-mandela.fr\/?page_id=115\">\n              <div class=\"u-container-layout u-similar-container u-valign-bottom-lg u-valign-bottom-md u-valign-bottom-sm u-container-layout-1\"><span class=\"u-align-center u-custom-item u-file-icon u-icon u-icon-1\"><img decoding=\"async\" src=\"https:\/\/2025.lycee-nelson-mandela.fr\/wp-content\/uploads\/2024\/11\/Logo_MHR2-1.webp\" alt=\"\"><\/span>\n                <div class=\"u-align-center u-container-style u-custom-color-1 u-group u-group-1\">\n                  <div class=\"u-container-layout u-valign-middle-xs u-container-layout-2\">\n                    <h2 class=\"u-align-center u-text u-text-default u-text-2\">CUISINE <\/h2>\n                  <\/div>\n                <\/div>\n                <a href=\"https:\/\/2025.lycee-nelson-mandela.fr\/?page_id=115\" class=\"u-active-none u-align-center u-border-2 u-border-hover-palette-2-light-1 u-border-no-left u-border-no-right u-border-no-top u-border-palette-2-dark-1 u-btn u-button-style u-hover-none u-text-white u-btn-1\">EN SAVOIR + <\/a>\n              <\/div>\n            <\/div>\n            <div class=\"u-container-style u-custom-color-31 u-custom-item u-list-item u-repeater-item u-shape-rectangle\" data-href=\"https:\/\/2025.lycee-nelson-mandela.fr\/?page_id=120\">\n              <div class=\"u-container-layout u-similar-container u-valign-bottom-lg u-valign-bottom-md u-valign-bottom-sm u-container-layout-3\"><span class=\"u-align-center u-custom-item u-file-icon u-icon u-icon-2\"><img decoding=\"async\" src=\"https:\/\/2025.lycee-nelson-mandela.fr\/wp-content\/uploads\/2024\/11\/Logo_MHR2-1.webp\" alt=\"\"><\/span>\n                <div class=\"u-align-center u-container-style u-custom-color-1 u-group u-group-2\">\n                  <div class=\"u-container-layout u-valign-middle-xs u-container-layout-4\">\n                    <h2 class=\"u-align-center u-text u-text-default u-text-3\">COMMERCIALISATION SERVICE EN&nbsp; RESTAURATION <\/h2>\n                  <\/div>\n                <\/div>\n                <a href=\"https:\/\/2025.lycee-nelson-mandela.fr\/?page_id=120\" class=\"u-active-none u-align-center u-border-2 u-border-hover-palette-2-light-1 u-border-no-left u-border-no-right u-border-no-top u-border-palette-2-dark-1 u-btn u-button-style u-hover-none u-text-white u-btn-2\">EN SAVOIR + <\/a>\n              <\/div>\n            <\/div>\n            <div class=\"u-container-style u-custom-item u-list-item u-repeater-item u-shading u-list-item-3\" data-href=\"https:\/\/2025.lycee-nelson-mandela.fr\/?page_id=126\">\n              <div class=\"u-container-layout u-similar-container u-valign-bottom-lg u-valign-bottom-md u-valign-bottom-sm u-container-layout-5\"><span class=\"u-align-center u-custom-item u-file-icon u-icon u-icon-3\"><img decoding=\"async\" src=\"https:\/\/2025.lycee-nelson-mandela.fr\/wp-content\/uploads\/2024\/11\/Logo_commerce-1.webp\" alt=\"\"><\/span>\n                <div class=\"u-align-center u-container-style u-custom-color-1 u-group u-group-3\">\n                  <div class=\"u-container-layout u-valign-middle-xs u-container-layout-6\">\n                    <h2 class=\"u-align-center u-text u-text-default u-text-4\">COMMERCE <\/h2>\n                  <\/div>\n                <\/div>\n                <a href=\"https:\/\/2025.lycee-nelson-mandela.fr\/bac-pro-commerce\" class=\"u-active-none u-align-center u-border-2 u-border-hover-palette-2-light-1 u-border-no-left u-border-no-right u-border-no-top u-border-palette-2-dark-1 u-btn u-button-style u-hover-none u-text-white u-btn-3\">EN SAVOIR + <\/a>\n              <\/div>\n            <\/div>\n            <div class=\"u-container-style u-custom-color-28 u-custom-item u-list-item u-repeater-item\" data-href=\"https:\/\/2025.lycee-nelson-mandela.fr\/?page_id=136\">\n              <div class=\"u-container-layout u-similar-container u-valign-bottom-lg u-valign-bottom-md u-valign-bottom-sm u-container-layout-7\"><span class=\"u-align-center u-custom-item u-file-icon u-icon u-icon-4\"><img decoding=\"async\" src=\"https:\/\/2025.lycee-nelson-mandela.fr\/wp-content\/uploads\/2025\/03\/Logo_MELEC-1.webp\" alt=\"\"><\/span>\n                <div class=\"u-align-center u-container-style u-custom-color-1 u-group u-group-4\">\n                  <div class=\"u-container-layout u-valign-middle-xs u-container-layout-8\">\n                    <h2 class=\"u-align-center u-text u-text-default u-text-5\">ELECTROTECHNIQUE <\/h2>\n                  <\/div>\n                <\/div>\n                <a href=\"https:\/\/2025.lycee-nelson-mandela.fr\/?page_id=136\" class=\"u-active-none u-align-center u-border-2 u-border-hover-palette-2-light-1 u-border-no-left u-border-no-right u-border-no-top u-border-palette-2-dark-1 u-btn u-button-style u-hover-none u-text-white u-btn-4\">EN SAVOIR + <\/a>\n              <\/div>\n            <\/div>\n            <div class=\"u-container-style u-custom-color-30 u-custom-item u-list-item u-repeater-item\" data-href=\"https:\/\/2025.lycee-nelson-mandela.fr\/?page_id=149\">\n              <div class=\"u-container-layout u-similar-container u-valign-bottom-lg u-valign-bottom-md u-valign-bottom-sm u-container-layout-9\"><span class=\"u-align-center u-custom-item u-file-icon u-icon u-icon-5\"><img decoding=\"async\" src=\"https:\/\/2025.lycee-nelson-mandela.fr\/wp-content\/uploads\/2025\/03\/Logo_HPS-11.webp\" alt=\"\"><\/span>\n                <div class=\"u-align-center u-container-style u-custom-color-1 u-group u-group-5\">\n                  <div class=\"u-container-layout u-valign-middle-xs u-container-layout-10\">\n                    <h2 class=\"u-align-center u-text u-text-default u-text-6\">HYGI\u00e8ne propret\u00e9 st\u00e9rilisation <\/h2>\n                  <\/div>\n                <\/div>\n                <a href=\"https:\/\/2025.lycee-nelson-mandela.fr\/?page_id=149\" class=\"u-active-none u-align-center u-border-2 u-border-hover-palette-2-light-1 u-border-no-left u-border-no-right u-border-no-top u-border-palette-2-dark-1 u-btn u-button-style u-hover-none u-text-white u-btn-5\">EN SAVOIR + <\/a>\n              <\/div>\n            <\/div>\n            <div class=\"u-container-style u-custom-color-28 u-custom-item u-list-item u-repeater-item\" data-href=\"https:\/\/2025.lycee-nelson-mandela.fr\/?page_id=142\">\n              <div class=\"u-container-layout u-similar-container u-valign-bottom-lg u-valign-bottom-md u-valign-bottom-sm u-container-layout-11\"><span class=\"u-align-center u-custom-item u-file-icon u-icon u-icon-6\"><img decoding=\"async\" src=\"https:\/\/2025.lycee-nelson-mandela.fr\/wp-content\/uploads\/2025\/03\/Logo_plasturgie-11.webp\" alt=\"\"><\/span>\n                <div class=\"u-align-center u-container-style u-custom-color-1 u-group u-group-6\">\n                  <div class=\"u-container-layout u-valign-middle-xs u-container-layout-12\">\n                    <h2 class=\"u-align-center u-text u-text-default u-text-7\">PLASTURGIE <\/h2>\n                  <\/div>\n                <\/div>\n                <a href=\"https:\/\/2025.lycee-nelson-mandela.fr\/?page_id=142\" class=\"u-active-none u-align-center u-border-2 u-border-hover-palette-2-light-1 u-border-no-left u-border-no-right u-border-no-top u-border-palette-2-dark-1 u-btn u-button-style u-hover-none u-text-white u-btn-6\">EN SAVOIR + <\/a>\n              <\/div>\n            <\/div>\n            <div class=\"u-container-style u-custom-color-28 u-custom-item u-list-item u-repeater-item\" data-href=\"https:\/\/2025.lycee-nelson-mandela.fr\/?page_id=131\">\n              <div class=\"u-container-layout u-similar-container u-valign-bottom-lg u-valign-bottom-md u-valign-bottom-sm u-container-layout-13\"><span class=\"u-align-center u-custom-item u-file-icon u-icon u-icon-7\" data-href=\"https:\/\/2025.lycee-nelson-mandela.fr\/?page_id=131\"><img decoding=\"async\" src=\"https:\/\/2025.lycee-nelson-mandela.fr\/wp-content\/uploads\/2024\/11\/Logo_MSPC1-1-3.webp\" alt=\"\"><\/span>\n                <div class=\"u-align-center u-container-style u-custom-color-1 u-group u-group-7\">\n                  <div class=\"u-container-layout u-valign-middle-xs u-container-layout-14\">\n                    <h2 class=\"u-align-center u-text u-text-default u-text-8\">MAINTENANCE <\/h2>\n                  <\/div>\n                <\/div>\n                <a href=\"https:\/\/2025.lycee-nelson-mandela.fr\/?page_id=142\" class=\"u-active-none u-align-center u-border-2 u-border-hover-palette-2-light-1 u-border-no-left u-border-no-right u-border-no-top u-border-palette-2-dark-1 u-btn u-button-style u-hover-none u-text-white u-btn-7\">EN SAVOIR + <\/a>\n              <\/div>\n            <\/div>\n          <\/div>\n        <\/div>\n      <\/div>\n    <\/section>\n    \n    \n    \n    \n    \n  \n<\/div>","protected":false},"excerpt":{"rendered":"<p>NOS BACS PRO CUISINE EN SAVOIR + COMMERCIALISATION SERVICE EN&nbsp; RESTAURATION EN SAVOIR + COMMERCE EN SAVOIR + ELECTROTECHNIQUE EN SAVOIR + HYGI\u00e8ne propret\u00e9 st\u00e9rilisation EN SAVOIR + PLASTURGIE EN SAVOIR + MAINTENANCE EN SAVOIR +<\/p>\n","protected":false},"author":1,"featured_media":0,"parent":913,"menu_order":0,"comment_status":"closed","ping_status":"closed","template":"","meta":{"_uag_custom_page_level_css":"","footnotes":""},"class_list":["post-102","page","type-page","status-publish"],"uagb_featured_image_src":{"full":false,"thumbnail":false,"medium":false,"medium_large":false,"large":false,"1536x1536":false,"2048x2048":false},"uagb_author_info":{"display_name":"2025Ly_Admin","author_link":"https:\/\/2025.lycee-nelson-mandela.fr\/?author=1"},"uagb_comment_info":0,"uagb_excerpt":"NOS BACS PRO CUISINE EN SAVOIR + COMMERCIALISATION SERVICE EN&nbsp; RESTAURATION EN SAVOIR + COMMERCE EN SAVOIR + ELECTROTECHNIQUE EN SAVOIR + HYGI\u00e8ne propret\u00e9 st\u00e9rilisation EN SAVOIR + PLASTURGIE EN SAVOIR + MAINTENANCE EN SAVOIR +","jetpack_sharing_enabled":true,"_links":{"self":[{"href":"https:\/\/2025.lycee-nelson-mandela.fr\/index.php?rest_route=\/wp\/v2\/pages\/102","targetHints":{"allow":["GET"]}}],"collection":[{"href":"https:\/\/2025.lycee-nelson-mandela.fr\/index.php?rest_route=\/wp\/v2\/pages"}],"about":[{"href":"https:\/\/2025.lycee-nelson-mandela.fr\/index.php?rest_route=\/wp\/v2\/types\/page"}],"author":[{"embeddable":true,"href":"https:\/\/2025.lycee-nelson-mandela.fr\/index.php?rest_route=\/wp\/v2\/users\/1"}],"replies":[{"embeddable":true,"href":"https:\/\/2025.lycee-nelson-mandela.fr\/index.php?rest_route=%2Fwp%2Fv2%2Fcomments&post=102"}],"version-history":[{"count":21,"href":"https:\/\/2025.lycee-nelson-mandela.fr\/index.php?rest_route=\/wp\/v2\/pages\/102\/revisions"}],"predecessor-version":[{"id":2238,"href":"https:\/\/2025.lycee-nelson-mandela.fr\/index.php?rest_route=\/wp\/v2\/pages\/102\/revisions\/2238"}],"up":[{"embeddable":true,"href":"https:\/\/2025.lycee-nelson-mandela.fr\/index.php?rest_route=\/wp\/v2\/pages\/913"}],"wp:attachment":[{"href":"https:\/\/2025.lycee-nelson-mandela.fr\/index.php?rest_route=%2Fwp%2Fv2%2Fmedia&parent=102"}],"curies":[{"name":"wp","href":"https:\/\/api.w.org\/{rel}","templated":true}]}}