{"id":126,"date":"2024-11-14T08:57:58","date_gmt":"2024-11-14T08:57:58","guid":{"rendered":"https:\/\/2025.lycee-nelson-mandela.fr\/?page_id=126"},"modified":"2026-02-27T13:17:34","modified_gmt":"2026-02-27T13:17:34","slug":"bac-pro-commerce","status":"publish","type":"page","link":"https:\/\/2025.lycee-nelson-mandela.fr\/?page_id=126","title":{"rendered":"BAC PRO COMMERCE"},"content":{"rendered":"<div class=\"\" style=\"\" >\n    \n    <section class=\"u-align-left u-clearfix u-container-align-left u-custom-color-31 u-section-2\" src=\"\" data-image-width=\"1080\" data-image-height=\"1080\" id=\"block-2\">\n      <div class=\"u-clearfix u-sheet u-valign-middle-lg u-valign-middle-md u-valign-middle-sm u-valign-middle-xs u-sheet-1\">\n        <div class=\"custom-expanded u-align-left u-container-style u-group u-shading u-group-1\">\n          <div class=\"u-container-layout u-container-layout-1\">\n            <h2 class=\"u-align-center u-text u-text-default u-text-1\">BAC PROFESSIONNEL<\/h2>\n            <p class=\"u-align-center u-large-text u-text u-text-variant u-text-2\"> COMMERCE<\/p>\n            <img decoding=\"async\" class=\"u-align-center u-image u-image-contain u-image-default u-preserve-proportions u-image-1\" src=\"https:\/\/2025.lycee-nelson-mandela.fr\/wp-content\/uploads\/2024\/11\/Logo_commerce-1-1.webp\" alt=\"\" data-image-width=\"143\" data-image-height=\"83\">\n            <blockquote class=\"u-align-center u-text u-text-3\"> M\u00e9tiers du Commerce et de la vente <br>Option A : commerce\n            <\/blockquote>\n          <\/div>\n        <\/div>\n      <\/div>\n    <\/section>\n    <section class=\"u-align-center u-clearfix u-container-align-center u-section-3\" id=\"block-3\">\n      <div class=\"u-clearfix u-sheet u-valign-middle-lg u-valign-middle-md u-valign-middle-sm u-sheet-1\">\n        <div class=\"u-expanded-width u-layout-grid u-list u-list-1\">\n          <div class=\"u-repeater u-repeater-1\">\n            <div class=\"u-align-left-xs u-container-style u-list-item u-repeater-item u-video-cover u-white u-list-item-1\">\n              <div class=\"u-container-layout u-similar-container u-valign-bottom-xs u-valign-top-lg u-valign-top-md u-valign-top-sm u-container-layout-1\">\n                <h4 class=\"u-align-center-lg u-align-center-xl u-align-left-md u-align-left-sm u-text u-text-custom-color-31 u-text-1\"> Vous recherchez un m\u00e9tier :<\/h4>\n                <p class=\"u-align-left-lg u-align-left-md u-align-left-sm u-align-left-xl u-text u-text-2\"> dans l\u2019animation et l\u2019espace commercial , l'accueil, le conseil aux clients et la vente de produits et services..<br>\n                <\/p>\n              <\/div>\n            <\/div>\n            <div class=\"u-align-left-xs u-container-style u-list-item u-repeater-item u-video-cover u-white u-list-item-2\">\n              <div class=\"u-container-layout u-similar-container u-valign-bottom-xs u-valign-top-lg u-valign-top-md u-valign-top-sm u-container-layout-2\">\n                <h4 class=\"u-align-center-lg u-align-center-xl u-align-left-md u-align-left-sm u-text u-text-custom-color-31 u-text-3\"> Vous devenez :<\/h4>\n                <p class=\"u-align-left-lg u-align-left-md u-align-left-sm u-align-left-xl u-text u-text-4\"> \u2022\tvendeur(se) sp\u00e9cialis\u00e9(e), employ\u00e9(e) <\/p>\n              <\/div>\n            <\/div>\n            <div class=\"u-align-left-xs u-container-style u-list-item u-repeater-item u-white u-list-item-3\">\n              <div class=\"u-container-layout u-similar-container u-valign-bottom-xs u-valign-top-lg u-valign-top-md u-valign-top-sm u-container-layout-3\">\n                <h4 class=\"u-align-center-lg u-align-center-xl u-align-left-md u-align-left-sm u-text u-text-custom-color-31 u-text-5\"> Formation ouverte : <\/h4>\n                <p class=\"u-align-left-lg u-align-left-md u-align-left-sm u-align-left-xl u-text u-text-6\"> \u2022\taux \u00e9l\u00e8ves de 3\u00e8me de coll\u00e8ge <br>\u2022\tapr\u00e8s une 2nde commune MRC (M\u00e9tiers de la Relation Client) <br>\u2022\taux \u00e9l\u00e8ves en classe de 2nde de lyc\u00e9e g\u00e9n\u00e9ral, technologique ou\u2002professionnel dans\u2002le\u2002cadre\u2002d\u2019une orientation passerelle en classe de 1\u00e8re MCV\n                <\/p>\n              <\/div>\n            <\/div>\n            <div class=\"u-align-left-xs u-container-style u-list-item u-repeater-item u-video-cover u-white u-list-item-4\">\n              <div class=\"u-container-layout u-similar-container u-valign-bottom-xs u-valign-top-lg u-valign-top-md u-valign-top-sm u-container-layout-4\">\n                <h4 class=\"u-align-center-lg u-align-center-xl u-align-left-md u-align-left-sm u-text u-text-custom-color-30 u-text-7\">Les +<\/h4>\n                <p class=\"u-align-left-lg u-align-left-md u-align-left-sm u-align-left-xl u-text u-text-8\"> \u2022\tsection Europ\u00e9enne espagnole <br>\u2022\ttravaux pratiques externalis\u00e9s en entreprise et au sein de notre magasin p\u00e9dagogique <br>\u2022\tcr\u00e9ation de mini-entreprises <br>\u2022\tstage en entreprise \u00e0 l\u2019\u00e9tranger (Irlande, Espagne) <br>\u2022\t20 semaines de stage en entreprises <br>\u2022\tapprentissage possible d\u00e8s la classe de 1\u00e8re\n                <\/p>\n              <\/div>\n            <\/div>\n            <div class=\"u-align-left-xs u-container-style u-list-item u-repeater-item u-video-cover u-white u-list-item-5\">\n              <div class=\"u-container-layout u-similar-container u-valign-bottom-xs u-valign-top-lg u-valign-top-md u-valign-top-sm u-container-layout-5\">\n                <h4 class=\"u-align-center-lg u-align-center-xl u-align-left-md u-align-left-sm u-text u-text-custom-color-31 u-text-9\"> Poursuite :<\/h4>\n                <p class=\"u-align-left-lg u-align-left-md u-align-left-sm u-align-left-xl u-text u-text-10\"> \u2022\tBTS MCO : Management Commercial Op\u00e9rationnel <br>\u2022\tBTS NDRC : N\u00e9gociation et Digitalisation de la Relation Client <br>\u2022\tBTS GTLA : Gestion des Transports et Logistique Associ\u00e9e\n                <\/p>\n              <\/div>\n            <\/div>\n            <div class=\"u-align-left-xs u-container-style u-list-item u-repeater-item u-video-cover u-white u-list-item-6\">\n              <div class=\"u-container-layout u-similar-container u-valign-bottom-xs u-valign-top-lg u-valign-top-md u-valign-top-sm u-container-layout-6\">\n                <h4 class=\"u-align-center-lg u-align-center-xl u-align-left-md u-align-left-sm u-text u-text-custom-color-28 u-text-11\">&nbsp; &nbsp; &nbsp; &nbsp;<\/h4>\n                <p class=\"u-align-left-lg u-align-left-md u-align-left-sm u-align-left-xl u-text u-text-12\">&nbsp;<\/p>\n              <\/div>\n            <\/div>\n          <\/div>\n        <\/div>\n        <div class=\"u-video u-video-contain u-video-1\">\n          <div class=\"embed-responsive embed-responsive-1\">\n            <iframe style=\"position: absolute;top: 0;left: 0;width: 100%;height: 100%;\" class=\"embed-responsive-item\" src=\"https:\/\/www.youtube.com\/embed\/spTGTXI5n6s?mute=0&amp;showinfo=0&amp;controls=0&amp;start=0\" frameborder=\"0\" allowfullscreen=\"\"><\/iframe>\n          <\/div>\n        <\/div>\n      <\/div>\n    <\/section>\n    \n    \n    \n    \n    \n  \n<\/div>","protected":false},"excerpt":{"rendered":"<p>BAC PROFESSIONNEL COMMERCE M\u00e9tiers du Commerce et de la vente Option A : commerce Vous recherchez un m\u00e9tier : dans l\u2019animation et l\u2019espace commercial , l&rsquo;accueil, le conseil aux clients et la vente de produits et services.. Vous devenez : \u2022 vendeur(se) sp\u00e9cialis\u00e9(e), employ\u00e9(e) Formation ouverte : \u2022 aux \u00e9l\u00e8ves de 3\u00e8me de coll\u00e8ge \u2022 &#8230; <a title=\"BAC PRO COMMERCE\" class=\"read-more\" href=\"https:\/\/2025.lycee-nelson-mandela.fr\/?page_id=126\" aria-label=\"En savoir plus sur BAC PRO COMMERCE\">Lire la suite<\/a><\/p>\n","protected":false},"author":1,"featured_media":0,"parent":913,"menu_order":0,"comment_status":"closed","ping_status":"closed","template":"","meta":{"_uag_custom_page_level_css":"","footnotes":""},"class_list":["post-126","page","type-page","status-publish"],"uagb_featured_image_src":{"full":false,"thumbnail":false,"medium":false,"medium_large":false,"large":false,"1536x1536":false,"2048x2048":false},"uagb_author_info":{"display_name":"2025Ly_Admin","author_link":"https:\/\/2025.lycee-nelson-mandela.fr\/?author=1"},"uagb_comment_info":0,"uagb_excerpt":"BAC PROFESSIONNEL COMMERCE M\u00e9tiers du Commerce et de la vente Option A : commerce Vous recherchez un m\u00e9tier : dans l\u2019animation et l\u2019espace commercial , l'accueil, le conseil aux clients et la vente de produits et services.. Vous devenez : \u2022 vendeur(se) sp\u00e9cialis\u00e9(e), employ\u00e9(e) Formation ouverte : \u2022 aux \u00e9l\u00e8ves de 3\u00e8me de coll\u00e8ge \u2022\u2026","jetpack_sharing_enabled":true,"_links":{"self":[{"href":"https:\/\/2025.lycee-nelson-mandela.fr\/index.php?rest_route=\/wp\/v2\/pages\/126","targetHints":{"allow":["GET"]}}],"collection":[{"href":"https:\/\/2025.lycee-nelson-mandela.fr\/index.php?rest_route=\/wp\/v2\/pages"}],"about":[{"href":"https:\/\/2025.lycee-nelson-mandela.fr\/index.php?rest_route=\/wp\/v2\/types\/page"}],"author":[{"embeddable":true,"href":"https:\/\/2025.lycee-nelson-mandela.fr\/index.php?rest_route=\/wp\/v2\/users\/1"}],"replies":[{"embeddable":true,"href":"https:\/\/2025.lycee-nelson-mandela.fr\/index.php?rest_route=%2Fwp%2Fv2%2Fcomments&post=126"}],"version-history":[{"count":12,"href":"https:\/\/2025.lycee-nelson-mandela.fr\/index.php?rest_route=\/wp\/v2\/pages\/126\/revisions"}],"predecessor-version":[{"id":2309,"href":"https:\/\/2025.lycee-nelson-mandela.fr\/index.php?rest_route=\/wp\/v2\/pages\/126\/revisions\/2309"}],"up":[{"embeddable":true,"href":"https:\/\/2025.lycee-nelson-mandela.fr\/index.php?rest_route=\/wp\/v2\/pages\/913"}],"wp:attachment":[{"href":"https:\/\/2025.lycee-nelson-mandela.fr\/index.php?rest_route=%2Fwp%2Fv2%2Fmedia&parent=126"}],"curies":[{"name":"wp","href":"https:\/\/api.w.org\/{rel}","templated":true}]}}