{"id":136,"date":"2024-11-14T10:34:15","date_gmt":"2024-11-14T10:34:15","guid":{"rendered":"https:\/\/2025.lycee-nelson-mandela.fr\/?page_id=136"},"modified":"2026-02-25T14:33:59","modified_gmt":"2026-02-25T14:33:59","slug":"bac-pro-melec","status":"publish","type":"page","link":"https:\/\/2025.lycee-nelson-mandela.fr\/?page_id=136","title":{"rendered":"BAC PRO MELEC"},"content":{"rendered":"<div class=\"\" style=\"\" >\n    \n    <section class=\"u-align-left u-clearfix u-container-align-left u-custom-color-28 u-section-2\" src=\"\" data-image-width=\"1080\" data-image-height=\"1080\" id=\"block-2\">\n      <div class=\"u-clearfix u-sheet u-valign-middle-lg u-valign-middle-md u-valign-middle-sm u-valign-middle-xs u-sheet-1\">\n        <div class=\"custom-expanded u-align-left u-container-align-center-lg u-container-align-center-md u-container-align-center-sm u-container-align-center-xl u-container-align-left u-container-style u-group u-shading u-group-1\">\n          <div class=\"u-container-layout u-valign-middle-lg u-valign-middle-md u-valign-middle-sm u-valign-middle-xl u-container-layout-1\">\n            <h2 class=\"u-align-center u-text u-text-default u-text-1\">BAC PROFESSIONNEL<\/h2>\n            <p class=\"u-align-center u-large-text u-text u-text-variant u-text-2\"> MELEC<\/p>\n            <img decoding=\"async\" class=\"u-align-center u-image u-image-contain u-image-default u-preserve-proportions u-image-1\" src=\"https:\/\/2025.lycee-nelson-mandela.fr\/wp-content\/uploads\/2026\/02\/Logo_MELEC-1.webp\" alt=\"\" data-image-width=\"138\" data-image-height=\"119\">\n          <\/div>\n        <\/div>\n      <\/div>\n    <\/section>\n    <section class=\"u-align-center u-clearfix u-container-align-center u-section-3\" id=\"block-4\">\n      <div class=\"u-clearfix u-sheet u-valign-middle-lg u-valign-middle-md u-valign-middle-sm u-sheet-1\">\n        <div class=\"u-expanded-width u-layout-grid u-list u-list-1\">\n          <div class=\"u-repeater u-repeater-1\">\n            <div class=\"u-align-left-xs u-container-style u-list-item u-repeater-item u-video-cover u-white u-list-item-1\">\n              <div class=\"u-container-layout u-similar-container u-valign-bottom-xs u-valign-top-lg u-valign-top-md u-valign-top-sm u-container-layout-1\">\n                <h4 class=\"u-align-center-lg u-align-center-xl u-align-left-md u-align-left-sm u-text u-text-custom-color-28 u-text-1\"> Vous recherchez un m\u00e9tier :<\/h4>\n                <p class=\"u-align-left-lg u-align-left-md u-align-left-sm u-align-left-xl u-text u-text-default u-text-2\"> en lien avec l\u2019\u00e9lectricit\u00e9 et ses nouvelles technologies : auto-consommation, domotique, \u00e9nergies  renouvelables d\u00e9carbonn\u00e9es et autres \u00e9nergies du futur.<br>\n                <\/p>\n              <\/div>\n            <\/div>\n            <div class=\"u-align-left-xs u-container-align-center u-container-style u-list-item u-repeater-item u-video-cover u-white u-list-item-2\">\n              <div class=\"u-container-layout u-similar-container u-valign-bottom-xs u-valign-top-lg u-valign-top-md u-valign-top-sm u-container-layout-2\">\n                <h4 class=\"u-align-center-lg u-align-center-xl u-align-left-md u-align-left-sm u-text u-text-custom-color-28 u-text-3\"> Vous devenez :<\/h4>\n                <p class=\"u-align-left-lg u-align-left-md u-align-left-sm u-align-left-xl u-text u-text-default u-text-4\"> \u2022\ttechnicien(ne) en \u00e9lectrotechnique qualifi\u00e9(e) avec des  comp\u00e9tences  sp\u00e9cifiques en \u00e9nergies renouvelables.<\/p>\n              <\/div>\n            <\/div>\n            <div class=\"u-align-left-xs u-container-style u-list-item u-repeater-item u-white u-list-item-3\">\n              <div class=\"u-container-layout u-similar-container u-valign-bottom-xs u-valign-top-lg u-valign-top-md u-valign-top-sm u-container-layout-3\">\n                <h4 class=\"u-align-center-lg u-align-center-xl u-align-left-md u-align-left-sm u-text u-text-custom-color-28 u-text-5\"> Formation ouverte : <\/h4>\n                <p class=\"u-align-left-lg u-align-left-md u-align-left-sm u-align-left-xl u-text u-text-default u-text-6\"> \u2022\taux \u00e9l\u00e8ves de 3\u00e8me de coll\u00e8ge, apr\u00e8s une 2nde commune MTNE (M\u00e9tiers des Transitions Num\u00e9rique et \u00c9nerg\u00e9tique) <br>\u2022\taux\u2002\u00e9l\u00e8ves\u2002de\u2002lyc\u00e9e\u2002dans\u2002le\u2002cadre\u2002d\u2019une orientation passerelle en 1\u00e8reMELEC\n                <\/p>\n              <\/div>\n            <\/div>\n            <div class=\"u-align-left-xs u-container-style u-list-item u-repeater-item u-video-cover u-white u-list-item-4\">\n              <div class=\"u-container-layout u-similar-container u-valign-bottom-xs u-valign-top-lg u-valign-top-md u-valign-top-sm u-container-layout-4\">\n                <h4 class=\"u-align-center-lg u-align-center-xl u-align-left-md u-align-left-sm u-text u-text-custom-color-28 u-text-7\">Les +<\/h4>\n                <p class=\"u-align-left-lg u-align-left-md u-align-left-sm u-align-left-xl u-text u-text-default u-text-8\"> \u2022\tsection Europ\u00e9enne anglaise <br>\u2022\tpr\u00e9paration \u00e0 la certification RGE-QualiPV <br>\u2022\toption \u00abphotovolta\u00efque\u00bb <br>\u2022\tformation \u00e0 l\u2019habilitation \u00e9lectrique <br>\u2022\tsensibilisation \u00e0 l\u2019hydrog\u00e8ne d\u00e9carbonn\u00e9e <br>\u2022\t20 semaines de stage en entreprise <br>\u2022\tapprentissage possible d\u00e8s la classe de 1\u00e8re\n                <\/p>\n              <\/div>\n            <\/div>\n            <div class=\"u-align-left-xs u-container-align-center u-container-style u-list-item u-repeater-item u-video-cover u-white u-list-item-5\">\n              <div class=\"u-container-layout u-similar-container u-valign-bottom-xs u-valign-top-lg u-valign-top-md u-valign-top-sm u-container-layout-5\">\n                <h4 class=\"u-align-center-lg u-align-center-xl u-align-left-md u-align-left-sm u-text u-text-custom-color-28 u-text-9\"> Poursuite :<\/h4>\n                <p class=\"u-align-left-lg u-align-left-md u-align-left-sm u-align-left-xl u-text u-text-default u-text-10\"> \u2022\tBTS \u00c9lectrotechnique <br>\u2022\tBTS Maintenance industrielle <br>\u2022\tBTS Assistant Technique d'Ing\u00e9nieur&nbsp;\n                <\/p>\n              <\/div>\n            <\/div>\n            <div class=\"u-align-left-xs u-container-style u-list-item u-repeater-item u-video-cover u-white u-list-item-6\">\n              <div class=\"u-container-layout u-similar-container u-valign-bottom-xs u-valign-top-lg u-valign-top-md u-valign-top-sm u-container-layout-6\">\n                <h4 class=\"u-align-center-lg u-align-center-xl u-align-left-md u-align-left-sm u-text u-text-custom-color-28 u-text-11\">&nbsp; &nbsp; &nbsp; &nbsp;<\/h4>\n                <p class=\"u-align-left-lg u-align-left-md u-align-left-sm u-align-left-xl u-text u-text-default u-text-12\">&nbsp;<\/p>\n              <\/div>\n            <\/div>\n          <\/div>\n        <\/div>\n      <\/div>\n    <\/section>\n    \n    \n    \n    \n    \n  \n<\/div>","protected":false},"excerpt":{"rendered":"<p>BAC PROFESSIONNEL MELEC Vous recherchez un m\u00e9tier : en lien avec l\u2019\u00e9lectricit\u00e9 et ses nouvelles technologies : auto-consommation, domotique, \u00e9nergies renouvelables d\u00e9carbonn\u00e9es et autres \u00e9nergies du futur. Vous devenez : \u2022 technicien(ne) en \u00e9lectrotechnique qualifi\u00e9(e) avec des comp\u00e9tences sp\u00e9cifiques en \u00e9nergies renouvelables. Formation ouverte : \u2022 aux \u00e9l\u00e8ves de 3\u00e8me de coll\u00e8ge, apr\u00e8s une 2nde &#8230; <a title=\"BAC PRO MELEC\" class=\"read-more\" href=\"https:\/\/2025.lycee-nelson-mandela.fr\/?page_id=136\" aria-label=\"En savoir plus sur BAC PRO MELEC\">Lire la suite<\/a><\/p>\n","protected":false},"author":1,"featured_media":0,"parent":913,"menu_order":0,"comment_status":"closed","ping_status":"closed","template":"","meta":{"_uag_custom_page_level_css":"","footnotes":""},"class_list":["post-136","page","type-page","status-publish"],"uagb_featured_image_src":{"full":false,"thumbnail":false,"medium":false,"medium_large":false,"large":false,"1536x1536":false,"2048x2048":false},"uagb_author_info":{"display_name":"2025Ly_Admin","author_link":"https:\/\/2025.lycee-nelson-mandela.fr\/?author=1"},"uagb_comment_info":0,"uagb_excerpt":"BAC PROFESSIONNEL MELEC Vous recherchez un m\u00e9tier : en lien avec l\u2019\u00e9lectricit\u00e9 et ses nouvelles technologies : auto-consommation, domotique, \u00e9nergies renouvelables d\u00e9carbonn\u00e9es et autres \u00e9nergies du futur. Vous devenez : \u2022 technicien(ne) en \u00e9lectrotechnique qualifi\u00e9(e) avec des comp\u00e9tences sp\u00e9cifiques en \u00e9nergies renouvelables. Formation ouverte : \u2022 aux \u00e9l\u00e8ves de 3\u00e8me de coll\u00e8ge, apr\u00e8s une 2nde\u2026","jetpack_sharing_enabled":true,"_links":{"self":[{"href":"https:\/\/2025.lycee-nelson-mandela.fr\/index.php?rest_route=\/wp\/v2\/pages\/136","targetHints":{"allow":["GET"]}}],"collection":[{"href":"https:\/\/2025.lycee-nelson-mandela.fr\/index.php?rest_route=\/wp\/v2\/pages"}],"about":[{"href":"https:\/\/2025.lycee-nelson-mandela.fr\/index.php?rest_route=\/wp\/v2\/types\/page"}],"author":[{"embeddable":true,"href":"https:\/\/2025.lycee-nelson-mandela.fr\/index.php?rest_route=\/wp\/v2\/users\/1"}],"replies":[{"embeddable":true,"href":"https:\/\/2025.lycee-nelson-mandela.fr\/index.php?rest_route=%2Fwp%2Fv2%2Fcomments&post=136"}],"version-history":[{"count":10,"href":"https:\/\/2025.lycee-nelson-mandela.fr\/index.php?rest_route=\/wp\/v2\/pages\/136\/revisions"}],"predecessor-version":[{"id":2293,"href":"https:\/\/2025.lycee-nelson-mandela.fr\/index.php?rest_route=\/wp\/v2\/pages\/136\/revisions\/2293"}],"up":[{"embeddable":true,"href":"https:\/\/2025.lycee-nelson-mandela.fr\/index.php?rest_route=\/wp\/v2\/pages\/913"}],"wp:attachment":[{"href":"https:\/\/2025.lycee-nelson-mandela.fr\/index.php?rest_route=%2Fwp%2Fv2%2Fmedia&parent=136"}],"curies":[{"name":"wp","href":"https:\/\/api.w.org\/{rel}","templated":true}]}}