{"id":149,"date":"2024-11-14T10:34:11","date_gmt":"2024-11-14T10:34:11","guid":{"rendered":"https:\/\/2025.lycee-nelson-mandela.fr\/?page_id=149"},"modified":"2026-02-27T12:56:26","modified_gmt":"2026-02-27T12:56:26","slug":"bac-pro-hps","status":"publish","type":"page","link":"https:\/\/2025.lycee-nelson-mandela.fr\/?page_id=149","title":{"rendered":"BAC PRO HPS"},"content":{"rendered":"<div class=\"\" style=\"\" >\n    \n    <section class=\"u-align-left u-clearfix u-container-align-left u-custom-color-25 u-section-2\" src=\"\" data-image-width=\"1080\" data-image-height=\"1080\" id=\"block-2\">\n      <div class=\"u-clearfix u-sheet u-valign-middle u-sheet-1\">\n        <div class=\"custom-expanded u-align-left-lg u-align-left-md u-align-left-sm u-align-left-xl u-container-style u-group u-shading u-group-1\">\n          <div class=\"u-container-layout u-valign-middle-lg u-valign-middle-md u-valign-middle-sm u-container-layout-1\">\n            <h2 class=\"u-align-center-lg u-align-center-md u-align-center-sm u-align-center-xl u-align-left-xs u-text u-text-default u-text-white u-text-1\">BAC PROFESSIONNEL<\/h2>\n            <p class=\"u-align-center u-large-text u-text u-text-variant u-text-2\"> HPS<\/p>\n            <img decoding=\"async\" class=\"u-align-center u-image u-image-contain u-image-default u-preserve-proportions u-image-1\" src=\"https:\/\/2025.lycee-nelson-mandela.fr\/wp-content\/uploads\/2024\/11\/Logo_HPS-11.webp\" alt=\"\" data-image-width=\"138\" data-image-height=\"103\">\n            <blockquote class=\"u-align-center u-text u-text-white u-text-3\"> Hygi\u00e8ne, Propret\u00e9 et St\u00e9rilisation<\/blockquote>\n          <\/div>\n        <\/div>\n      <\/div>\n    <\/section>\n    <section class=\"u-align-center u-clearfix u-container-align-center u-section-3\" id=\"block-3\">\n      <div class=\"u-clearfix u-sheet u-valign-middle-lg u-valign-middle-md u-valign-middle-sm u-sheet-1\">\n        <div class=\"u-expanded-width u-layout-grid u-list u-list-1\">\n          <div class=\"u-repeater u-repeater-1\">\n            <div class=\"u-align-left-xs u-container-style u-list-item u-repeater-item u-video-cover u-white u-list-item-1\">\n              <div class=\"u-container-layout u-similar-container u-valign-bottom-xs u-valign-top-lg u-valign-top-md u-valign-top-sm u-container-layout-1\">\n                <h4 class=\"u-align-center-lg u-align-center-xl u-align-left-md u-align-left-sm u-text u-text-custom-color-29 u-text-1\"> Vous recherchez un m\u00e9tier :<\/h4>\n                <p class=\"u-align-left-lg u-align-left-md u-align-left-sm u-align-left-xl u-text u-text-default u-text-2\"> n\u00e9cessitant des connaissances pointues dans les secteur hospitalier, entreprises de propret\u00e9 en contact avec la client\u00e8le et les patients<br>\n                <\/p>\n              <\/div>\n            <\/div>\n            <div class=\"u-align-left-xs u-container-style u-list-item u-repeater-item u-video-cover u-white u-list-item-2\">\n              <div class=\"u-container-layout u-similar-container u-valign-bottom-xs u-valign-top-lg u-valign-top-md u-valign-top-sm u-container-layout-2\">\n                <h4 class=\"u-align-center-lg u-align-center-xl u-align-left-md u-align-left-sm u-text u-text-custom-color-29 u-text-3\"> Vous devenez :<\/h4>\n                <p class=\"u-align-left-lg u-align-left-md u-align-left-sm u-align-left-xl u-text u-text-default u-text-4\"> \u2022\ttechnicien(ne) qualifi\u00e9(e) ou chef(fe) d\u2019\u00e9quipue,avec des comp\u00e9tences sp\u00e9cifiques pour intervenir dans l'entretien des locaux dans les palaces et h\u00f4tels haut de gamme <br>\u2022\ttechnicien(ne) qualifi\u00e9(e) en st\u00e9rilisation en milieu hospitalier\n                <\/p>\n              <\/div>\n            <\/div>\n            <div class=\"u-align-left-xs u-container-style u-list-item u-repeater-item u-white u-list-item-3\">\n              <div class=\"u-container-layout u-similar-container u-valign-bottom-xs u-valign-top-lg u-valign-top-md u-valign-top-sm u-container-layout-3\">\n                <h4 class=\"u-align-center-lg u-align-center-xl u-align-left-md u-align-left-sm u-text u-text-custom-color-29 u-text-5\"> Formation ouverte : <\/h4>\n                <p class=\"u-align-left-lg u-align-left-md u-align-left-sm u-align-left-xl u-text u-text-default u-text-6\"> \u2022\taux \u00e9l\u00e8ves de 3\u00e8me de coll\u00e8ge. <br>\u2022\taux \u00e9l\u00e8ves en classe de 2nde de lyc\u00e9e g\u00e9n\u00e9ral et technologique dans le cadre d\u2019une orientation passerelle en classe de 1\u00e8re HPS\n                <\/p>\n              <\/div>\n            <\/div>\n            <div class=\"u-align-left-xs u-container-style u-list-item u-repeater-item u-video-cover u-white u-list-item-4\">\n              <div class=\"u-container-layout u-similar-container u-valign-bottom-xs u-valign-top-lg u-valign-top-md u-valign-top-sm u-container-layout-4\">\n                <h4 class=\"u-align-center-lg u-align-center-xl u-align-left-md u-align-left-sm u-text u-text-custom-color-29 u-text-7\">Les +<\/h4>\n                <p class=\"u-align-left-lg u-align-left-md u-align-left-sm u-align-left-xl u-text u-text-default u-text-8\"> \u2022\tsection Europ\u00e9enne anglaise <br>\u2022\th\u00f4pital p\u00e9dagogique de 600 m2 <br>\u2022\tv\u00e9ritable service de st\u00e9rilisation <br>\u2022\tstage en entreprise \u00e0 l\u2019\u00e9tranger (Irlande, Portugal) <br>\u2022\t20 semaines de stages en entreprise <br>\u2022\tapprentissage possible d\u00e8s la classe de 1\u00e8re\n                <\/p>\n              <\/div>\n            <\/div>\n            <div class=\"u-align-left-xs u-container-style u-list-item u-repeater-item u-video-cover u-white u-list-item-5\">\n              <div class=\"u-container-layout u-similar-container u-valign-bottom-xs u-valign-top-lg u-valign-top-md u-valign-top-sm u-container-layout-5\">\n                <h4 class=\"u-align-center-lg u-align-center-xl u-align-left-md u-align-left-sm u-text u-text-custom-color-28 u-text-9\"><span class=\"u-text-custom-color-29\">Poursuite <\/span>:\n                <\/h4>\n                <p class=\"u-align-left-lg u-align-left-md u-align-left-sm u-align-left-xl u-text u-text-default u-text-10\"> \u2022\tBTS M.S.E. : M\u00e9tiers des Services \u00e0 l\u2019environnement <br>\u2022\tDipl\u00f4me d'\u00e9tat aide soignant(e)\n                <\/p>\n              <\/div>\n            <\/div>\n            <div class=\"u-align-left-xs u-container-style u-list-item u-repeater-item u-video-cover u-white u-list-item-6\">\n              <div class=\"u-container-layout u-similar-container u-valign-bottom-xs u-valign-top-lg u-valign-top-md u-valign-top-sm u-container-layout-6\">\n                <h4 class=\"u-align-center-lg u-align-center-xl u-align-left-md u-align-left-sm u-text u-text-custom-color-28 u-text-11\">&nbsp; &nbsp; &nbsp; &nbsp;<\/h4>\n                <p class=\"u-align-left-lg u-align-left-md u-align-left-sm u-align-left-xl u-text u-text-default u-text-12\">&nbsp;<\/p>\n              <\/div>\n            <\/div>\n          <\/div>\n        <\/div>\n      <\/div>\n    <\/section>\n    \n    \n    \n    \n    \n  \n<\/div>","protected":false},"excerpt":{"rendered":"<p>BAC PROFESSIONNEL HPS Hygi\u00e8ne, Propret\u00e9 et St\u00e9rilisation Vous recherchez un m\u00e9tier : n\u00e9cessitant des connaissances pointues dans les secteur hospitalier, entreprises de propret\u00e9 en contact avec la client\u00e8le et les patients Vous devenez : \u2022 technicien(ne) qualifi\u00e9(e) ou chef(fe) d\u2019\u00e9quipue,avec des comp\u00e9tences sp\u00e9cifiques pour intervenir dans l&rsquo;entretien des locaux dans les palaces et h\u00f4tels haut &#8230; <a title=\"BAC PRO HPS\" class=\"read-more\" href=\"https:\/\/2025.lycee-nelson-mandela.fr\/?page_id=149\" aria-label=\"En savoir plus sur BAC PRO HPS\">Lire la suite<\/a><\/p>\n","protected":false},"author":1,"featured_media":0,"parent":913,"menu_order":0,"comment_status":"closed","ping_status":"closed","template":"","meta":{"_uag_custom_page_level_css":"","footnotes":""},"class_list":["post-149","page","type-page","status-publish"],"uagb_featured_image_src":{"full":false,"thumbnail":false,"medium":false,"medium_large":false,"large":false,"1536x1536":false,"2048x2048":false},"uagb_author_info":{"display_name":"2025Ly_Admin","author_link":"https:\/\/2025.lycee-nelson-mandela.fr\/?author=1"},"uagb_comment_info":0,"uagb_excerpt":"BAC PROFESSIONNEL HPS Hygi\u00e8ne, Propret\u00e9 et St\u00e9rilisation Vous recherchez un m\u00e9tier : n\u00e9cessitant des connaissances pointues dans les secteur hospitalier, entreprises de propret\u00e9 en contact avec la client\u00e8le et les patients Vous devenez : \u2022 technicien(ne) qualifi\u00e9(e) ou chef(fe) d\u2019\u00e9quipue,avec des comp\u00e9tences sp\u00e9cifiques pour intervenir dans l'entretien des locaux dans les palaces et h\u00f4tels haut\u2026","jetpack_sharing_enabled":true,"_links":{"self":[{"href":"https:\/\/2025.lycee-nelson-mandela.fr\/index.php?rest_route=\/wp\/v2\/pages\/149","targetHints":{"allow":["GET"]}}],"collection":[{"href":"https:\/\/2025.lycee-nelson-mandela.fr\/index.php?rest_route=\/wp\/v2\/pages"}],"about":[{"href":"https:\/\/2025.lycee-nelson-mandela.fr\/index.php?rest_route=\/wp\/v2\/types\/page"}],"author":[{"embeddable":true,"href":"https:\/\/2025.lycee-nelson-mandela.fr\/index.php?rest_route=\/wp\/v2\/users\/1"}],"replies":[{"embeddable":true,"href":"https:\/\/2025.lycee-nelson-mandela.fr\/index.php?rest_route=%2Fwp%2Fv2%2Fcomments&post=149"}],"version-history":[{"count":11,"href":"https:\/\/2025.lycee-nelson-mandela.fr\/index.php?rest_route=\/wp\/v2\/pages\/149\/revisions"}],"predecessor-version":[{"id":2306,"href":"https:\/\/2025.lycee-nelson-mandela.fr\/index.php?rest_route=\/wp\/v2\/pages\/149\/revisions\/2306"}],"up":[{"embeddable":true,"href":"https:\/\/2025.lycee-nelson-mandela.fr\/index.php?rest_route=\/wp\/v2\/pages\/913"}],"wp:attachment":[{"href":"https:\/\/2025.lycee-nelson-mandela.fr\/index.php?rest_route=%2Fwp%2Fv2%2Fmedia&parent=149"}],"curies":[{"name":"wp","href":"https:\/\/api.w.org\/{rel}","templated":true}]}}