{"id":198,"date":"2024-11-15T15:03:26","date_gmt":"2024-11-15T15:03:26","guid":{"rendered":"https:\/\/2025.lycee-nelson-mandela.fr\/?page_id=198"},"modified":"2025-11-27T10:37:53","modified_gmt":"2025-11-27T10:37:53","slug":"orchestre","status":"publish","type":"page","link":"https:\/\/2025.lycee-nelson-mandela.fr\/?page_id=198","title":{"rendered":"Orchestre"},"content":{"rendered":"<div class=\"\" style=\"\" >\n    \n    <section class=\"u-clearfix u-section-2\" id=\"sec-199f\">\n      <div class=\"u-clearfix u-sheet u-sheet-1\">\n        <img decoding=\"async\" class=\"u-image u-image-contain u-image-default u-image-1\" src=\"https:\/\/2025.lycee-nelson-mandela.fr\/wp-content\/uploads\/2024\/11\/logoORCHESTRElcole.webp\" alt=\"\" data-image-width=\"425\" data-image-height=\"337\">\n        <div class=\"u-border-3 u-border-grey-dark-1 u-line u-line-horizontal u-line-1\"><\/div>\n        <p class=\"u-text u-text-default u-text-1\">Orchestre \u00e0 l'\u00e9cole <\/p>\n        <p class=\"u-text u-text-2\">Le lyc\u00e9e Nelson Mandela propose \u00e0 ses \u00e9l\u00e8ves, en lien avec l\u2019association Orchestre A l\u2019Ecole et ses diff\u00e9rents partenaires, de d\u00e9couvrir la pratique d\u2019un instrument de musique. Clarinette, saxophone, cor, trombone, trompette, euphonium, tuba, percussions (batterie, claviers, timbales, grosse caisse, petits accessoires\u2026).&nbsp;<\/p>\n        <img decoding=\"async\" class=\"u-expanded-width-xs u-image u-image-contain u-image-default u-preserve-proportions u-image-2\" src=\"https:\/\/2025.lycee-nelson-mandela.fr\/wp-content\/uploads\/2024\/11\/OAE_music-service.webp\" alt=\"\" data-image-width=\"222\" data-image-height=\"90\">\n        <p class=\"u-text u-text-3\">Grace aux partenariats avec l\u2019association Orchestre A l\u2019Ecole et le MOLOCO (Sc\u00e8ne de Musiques Actuelles), nous proposons aux \u00e9l\u00e8ves b\u00e9n\u00e9ficiant du dispositif un objectif final&nbsp;: un concert avec un artiste professionnel, sur une sc\u00e8ne professionnelle et entour\u00e9e de professionnels (r\u00e9gisseurs sons et lumi\u00e8res). Les deux premi\u00e8res ann\u00e9es ont vue des partenariats avec le groupe de reggae Mystical Faya, le duo Sorg et Napol\u00e9on Madox ainsi que le groupe Grand Singe. <\/p>\n        <img decoding=\"async\" class=\"u-expanded-width-xs u-image u-image-default u-image-3\" src=\"https:\/\/2025.lycee-nelson-mandela.fr\/wp-content\/uploads\/2024\/11\/OAE_Harmonie_municipale.webp\" alt=\"\" data-image-width=\"297\" data-image-height=\"197\">\n        <p class=\"u-text u-text-4\"> \u00c0 raison d\u20191&nbsp;h&nbsp;30 par semaine, entour\u00e9es de professeurs de musique de l\u2019Harmonie Municipale d\u2019Audincourt, les classes choisies apprennent \u00e0 utiliser leurs instruments de musique et \u00e0 jouer ensemble pour construire des morceaux et se produire en concert au MOLOCO avec un artiste professionnel. Car oui, pour embarquer les \u00e9l\u00e8ves avec nous dans cette aventure et cette d\u00e9couverte riche dans nombreux domaines, nous ne nous contentons pas d\u2019apprendre \u00e0 jouer pour nous et entre nous.<\/p>\n        <img decoding=\"async\" class=\"u-expanded-width-xs u-image u-image-default u-preserve-proportions u-image-4\" src=\"https:\/\/2025.lycee-nelson-mandela.fr\/wp-content\/uploads\/2024\/11\/OAE_MOLOCO.webp\" alt=\"\" data-image-width=\"237\" data-image-height=\"54\">\n        <p class=\"u-text u-text-5\"> Bien loin des clich\u00e9s de la musique classique associ\u00e9e \u00e0 la pratique de ces instruments, c\u2019est bien une r\u00e9elle adaptation et appropriations des musiques de nous proposons aux \u00e9l\u00e8ves.&nbsp; Rencontre avec les artistes, travail avec eux lors de leurs diff\u00e9rentes venues, deux demi-journ\u00e9es de r\u00e9p\u00e9tition g\u00e9n\u00e9rale sur la sc\u00e8ne du MOLOCO et un concert public enrichissent cette aventure qui durera le temps de leur scolarit\u00e9 au lyc\u00e9e Nelson Mandela.<\/p>\n      <\/div>\n    <\/section>\n    \n    \n    \n    \n    \n  \n<\/div>","protected":false},"excerpt":{"rendered":"<p>Orchestre \u00e0 l&rsquo;\u00e9cole Le lyc\u00e9e Nelson Mandela propose \u00e0 ses \u00e9l\u00e8ves, en lien avec l\u2019association Orchestre A l\u2019Ecole et ses diff\u00e9rents partenaires, de d\u00e9couvrir la pratique d\u2019un instrument de musique. Clarinette, saxophone, cor, trombone, trompette, euphonium, tuba, percussions (batterie, claviers, timbales, grosse caisse, petits accessoires\u2026).&nbsp; Grace aux partenariats avec l\u2019association Orchestre A l\u2019Ecole et le &#8230; <a title=\"Orchestre\" class=\"read-more\" href=\"https:\/\/2025.lycee-nelson-mandela.fr\/?page_id=198\" aria-label=\"En savoir plus sur Orchestre\">Lire la suite<\/a><\/p>\n","protected":false},"author":1,"featured_media":0,"parent":323,"menu_order":0,"comment_status":"closed","ping_status":"closed","template":"","meta":{"_uag_custom_page_level_css":"","footnotes":""},"class_list":["post-198","page","type-page","status-publish"],"uagb_featured_image_src":{"full":false,"thumbnail":false,"medium":false,"medium_large":false,"large":false,"1536x1536":false,"2048x2048":false},"uagb_author_info":{"display_name":"2025Ly_Admin","author_link":"https:\/\/2025.lycee-nelson-mandela.fr\/?author=1"},"uagb_comment_info":0,"uagb_excerpt":"Orchestre \u00e0 l'\u00e9cole Le lyc\u00e9e Nelson Mandela propose \u00e0 ses \u00e9l\u00e8ves, en lien avec l\u2019association Orchestre A l\u2019Ecole et ses diff\u00e9rents partenaires, de d\u00e9couvrir la pratique d\u2019un instrument de musique. Clarinette, saxophone, cor, trombone, trompette, euphonium, tuba, percussions (batterie, claviers, timbales, grosse caisse, petits accessoires\u2026).&nbsp; Grace aux partenariats avec l\u2019association Orchestre A l\u2019Ecole et le\u2026","jetpack_sharing_enabled":true,"_links":{"self":[{"href":"https:\/\/2025.lycee-nelson-mandela.fr\/index.php?rest_route=\/wp\/v2\/pages\/198","targetHints":{"allow":["GET"]}}],"collection":[{"href":"https:\/\/2025.lycee-nelson-mandela.fr\/index.php?rest_route=\/wp\/v2\/pages"}],"about":[{"href":"https:\/\/2025.lycee-nelson-mandela.fr\/index.php?rest_route=\/wp\/v2\/types\/page"}],"author":[{"embeddable":true,"href":"https:\/\/2025.lycee-nelson-mandela.fr\/index.php?rest_route=\/wp\/v2\/users\/1"}],"replies":[{"embeddable":true,"href":"https:\/\/2025.lycee-nelson-mandela.fr\/index.php?rest_route=%2Fwp%2Fv2%2Fcomments&post=198"}],"version-history":[{"count":4,"href":"https:\/\/2025.lycee-nelson-mandela.fr\/index.php?rest_route=\/wp\/v2\/pages\/198\/revisions"}],"predecessor-version":[{"id":207,"href":"https:\/\/2025.lycee-nelson-mandela.fr\/index.php?rest_route=\/wp\/v2\/pages\/198\/revisions\/207"}],"up":[{"embeddable":true,"href":"https:\/\/2025.lycee-nelson-mandela.fr\/index.php?rest_route=\/wp\/v2\/pages\/323"}],"wp:attachment":[{"href":"https:\/\/2025.lycee-nelson-mandela.fr\/index.php?rest_route=%2Fwp%2Fv2%2Fmedia&parent=198"}],"curies":[{"name":"wp","href":"https:\/\/api.w.org\/{rel}","templated":true}]}}