{"id":347,"date":"2024-11-14T14:16:29","date_gmt":"2024-11-14T14:16:29","guid":{"rendered":"https:\/\/2025.lycee-nelson-mandela.fr\/?page_id=347"},"modified":"2025-11-21T13:45:51","modified_gmt":"2025-11-21T13:45:51","slug":"chiffres","status":"publish","type":"page","link":"https:\/\/2025.lycee-nelson-mandela.fr\/?page_id=347","title":{"rendered":"chiffres"},"content":{"rendered":"<div class=\"\" style=\"\" >\n    \n    <section class=\"u-clearfix u-section-2\" id=\"sec-7a11\">\n      <div class=\"u-clearfix u-sheet u-sheet-1\">\n        <div class=\"u-expanded-width u-list u-list-1\">\n          <div class=\"u-repeater u-repeater-1\">\n            <div class=\"u-align-center u-container-style u-list-item u-repeater-item u-shape-rectangle u-list-item-1\">\n              <div class=\"u-container-layout u-similar-container u-valign-bottom-lg u-valign-bottom-md u-valign-bottom-sm u-valign-bottom-xs u-container-layout-1\">\n                <h3 class=\"u-align-center u-custom-item u-text u-text-default u-text-1\" data-animation-name=\"counter\" data-animation-event=\"scroll\" data-animation-duration=\"3000\">650 <\/h3>\n                <p class=\"u-align-center u-text u-text-2\">\u00c9l\u00e8ves <\/p>\n              <\/div>\n            <\/div>\n            <div class=\"u-align-center u-container-style u-list-item u-repeater-item u-shape-rectangle u-list-item-2\">\n              <div class=\"u-container-layout u-similar-container u-valign-bottom-lg u-valign-bottom-md u-valign-bottom-sm u-valign-bottom-xs u-container-layout-2\">\n                <h3 class=\"u-align-center u-custom-item u-text u-text-3\" data-animation-name=\"counter\" data-animation-event=\"scroll\" data-animation-duration=\"3000\">30 <\/h3>\n                <p class=\"u-align-center u-text u-text-4\">Apprentis <\/p>\n              <\/div>\n            <\/div>\n            <div class=\"u-align-center u-container-style u-list-item u-repeater-item u-shape-rectangle u-list-item-3\">\n              <div class=\"u-container-layout u-similar-container u-valign-bottom-lg u-valign-bottom-md u-valign-bottom-sm u-valign-bottom-xs u-container-layout-3\">\n                <h3 class=\"u-align-center u-custom-item u-text u-text-default u-text-5\" data-animation-name=\"counter\" data-animation-event=\"scroll\" data-animation-duration=\"3000\">40% <\/h3>\n                <p class=\"u-align-center u-text u-text-6\">Des stages de terminales BAC PRO effectu\u00e9s \u00e0 l'\u00e9tranger avec ERASMUS <\/p>\n              <\/div>\n            <\/div>\n            <div class=\"u-align-center u-container-style u-list-item u-repeater-item u-shape-rectangle u-list-item-4\" data-href=\"https:\/\/2025.lycee-nelson-mandela.fr\/?page_id=918\">\n              <div class=\"u-container-layout u-similar-container u-valign-bottom-lg u-valign-bottom-md u-valign-bottom-sm u-valign-bottom-xs u-container-layout-4\">\n                <h3 class=\"u-align-center u-custom-item u-text u-text-default u-text-7\" data-animation-name=\"counter\" data-animation-event=\"scroll\" data-animation-duration=\"3000\">6 <\/h3>\n                <p class=\"u-align-center u-text u-text-8\">CAP <\/p>\n              <\/div>\n            <\/div>\n            <div class=\"u-align-center u-container-style u-list-item u-repeater-item u-shape-rectangle u-list-item-5\" data-href=\"https:\/\/2025.lycee-nelson-mandela.fr\/?page_id=102\">\n              <div class=\"u-container-layout u-similar-container u-valign-bottom-lg u-valign-bottom-md u-valign-bottom-sm u-valign-bottom-xs u-container-layout-5\">\n                <h3 class=\"u-align-center u-custom-item u-text u-text-default u-text-9\" data-animation-name=\"counter\" data-animation-event=\"scroll\" data-animation-duration=\"3000\">7 <\/h3>\n                <p class=\"u-align-center u-text u-text-10\">BAC PRO <\/p>\n              <\/div>\n            <\/div>\n            <div class=\"u-align-center u-container-style u-list-item u-repeater-item u-shape-rectangle u-list-item-6\" data-href=\"https:\/\/2025.lycee-nelson-mandela.fr\/?page_id=67\">\n              <div class=\"u-container-layout u-similar-container u-valign-bottom-lg u-valign-bottom-md u-valign-bottom-sm u-valign-bottom-xs u-container-layout-6\">\n                <h3 class=\"u-align-center u-custom-item u-text u-text-default u-text-11\" data-animation-name=\"counter\" data-animation-event=\"scroll\" data-animation-duration=\"3000\">1 <\/h3>\n                <p class=\"u-align-center u-text u-text-12\">BTS <\/p>\n              <\/div>\n            <\/div>\n            <div class=\"u-align-center u-container-style u-list-item u-repeater-item u-shape-rectangle u-list-item-7\" data-href=\"https:\/\/2025.lycee-nelson-mandela.fr\/?page_id=88\">\n              <div class=\"u-container-layout u-similar-container u-valign-bottom-lg u-valign-bottom-md u-valign-bottom-sm u-valign-bottom-xs u-container-layout-7\">\n                <h3 class=\"u-align-center u-custom-item u-text u-text-default u-text-13\" data-animation-name=\"counter\" data-animation-event=\"scroll\" data-animation-duration=\"3000\">1<\/h3>\n                <p class=\"u-align-center u-text u-text-14\">Licence PRO <\/p>\n              <\/div>\n            <\/div>\n          <\/div>\n        <\/div>\n      <\/div>\n    <\/section>\n    \n    \n    \n    \n    \n  \n<\/div>","protected":false},"excerpt":{"rendered":"<p>650 \u00c9l\u00e8ves 30 Apprentis 40% Des stages de terminales BAC PRO effectu\u00e9s \u00e0 l&rsquo;\u00e9tranger avec ERASMUS 6 CAP 7 BAC PRO 1 BTS 1 Licence PRO<\/p>\n","protected":false},"author":1,"featured_media":0,"parent":323,"menu_order":0,"comment_status":"closed","ping_status":"closed","template":"","meta":{"_uag_custom_page_level_css":"","footnotes":""},"class_list":["post-347","page","type-page","status-publish"],"uagb_featured_image_src":{"full":false,"thumbnail":false,"medium":false,"medium_large":false,"large":false,"1536x1536":false,"2048x2048":false},"uagb_author_info":{"display_name":"2025Ly_Admin","author_link":"https:\/\/2025.lycee-nelson-mandela.fr\/?author=1"},"uagb_comment_info":0,"uagb_excerpt":"650 \u00c9l\u00e8ves 30 Apprentis 40% Des stages de terminales BAC PRO effectu\u00e9s \u00e0 l'\u00e9tranger avec ERASMUS 6 CAP 7 BAC PRO 1 BTS 1 Licence PRO","jetpack_sharing_enabled":true,"_links":{"self":[{"href":"https:\/\/2025.lycee-nelson-mandela.fr\/index.php?rest_route=\/wp\/v2\/pages\/347","targetHints":{"allow":["GET"]}}],"collection":[{"href":"https:\/\/2025.lycee-nelson-mandela.fr\/index.php?rest_route=\/wp\/v2\/pages"}],"about":[{"href":"https:\/\/2025.lycee-nelson-mandela.fr\/index.php?rest_route=\/wp\/v2\/types\/page"}],"author":[{"embeddable":true,"href":"https:\/\/2025.lycee-nelson-mandela.fr\/index.php?rest_route=\/wp\/v2\/users\/1"}],"replies":[{"embeddable":true,"href":"https:\/\/2025.lycee-nelson-mandela.fr\/index.php?rest_route=%2Fwp%2Fv2%2Fcomments&post=347"}],"version-history":[{"count":6,"href":"https:\/\/2025.lycee-nelson-mandela.fr\/index.php?rest_route=\/wp\/v2\/pages\/347\/revisions"}],"predecessor-version":[{"id":1916,"href":"https:\/\/2025.lycee-nelson-mandela.fr\/index.php?rest_route=\/wp\/v2\/pages\/347\/revisions\/1916"}],"up":[{"embeddable":true,"href":"https:\/\/2025.lycee-nelson-mandela.fr\/index.php?rest_route=\/wp\/v2\/pages\/323"}],"wp:attachment":[{"href":"https:\/\/2025.lycee-nelson-mandela.fr\/index.php?rest_route=%2Fwp%2Fv2%2Fmedia&parent=347"}],"curies":[{"name":"wp","href":"https:\/\/api.w.org\/{rel}","templated":true}]}}