{"id":411,"date":"2024-11-14T15:22:06","date_gmt":"2024-11-14T15:22:06","guid":{"rendered":"https:\/\/2025.lycee-nelson-mandela.fr\/?page_id=411"},"modified":"2026-02-27T15:24:29","modified_gmt":"2026-02-27T15:24:29","slug":"cap-cuisine","status":"publish","type":"page","link":"https:\/\/2025.lycee-nelson-mandela.fr\/?page_id=411","title":{"rendered":"CAP CUISINE"},"content":{"rendered":"<div class=\"\" style=\"\" >\n    \n    <section class=\"u-align-left u-clearfix u-container-align-left u-custom-color-32 u-section-2\" src=\"\" data-image-width=\"1080\" data-image-height=\"1080\" id=\"block-3\">\n      <div class=\"u-clearfix u-sheet u-valign-middle u-sheet-1\">\n        <div class=\"custom-expanded u-align-left u-container-style u-group u-shading u-group-1\">\n          <div class=\"u-container-layout u-container-layout-1\">\n            <h2 class=\"u-align-center u-text u-text-default u-text-1\">CAP<\/h2>\n            <p class=\"u-align-center u-large-text u-text u-text-variant u-text-2\">CUISINE<\/p>\n            <img decoding=\"async\" class=\"u-image u-image-contain u-image-default u-preserve-proportions u-image-1\" src=\"https:\/\/2025.lycee-nelson-mandela.fr\/wp-content\/uploads\/2024\/11\/Logo_MHR2-1-1.webp\" alt=\"\" data-image-width=\"237\" data-image-height=\"237\">\n          <\/div>\n        <\/div>\n      <\/div>\n    <\/section>\n    <section class=\"u-align-center u-clearfix u-container-align-center u-section-3\" id=\"block-4\">\n      <div class=\"u-clearfix u-sheet u-valign-middle-lg u-valign-middle-md u-valign-middle-sm u-sheet-1\">\n        <div class=\"u-expanded-width u-layout-grid u-list u-list-1\">\n          <div class=\"u-repeater u-repeater-1\">\n            <div class=\"u-align-left-xs u-container-style u-list-item u-repeater-item u-video-cover u-white u-list-item-1\">\n              <div class=\"u-container-layout u-similar-container u-valign-bottom-xs u-valign-top-lg u-valign-top-md u-valign-top-sm u-container-layout-1\">\n                <h4 class=\"u-align-left-lg u-align-left-md u-align-left-sm u-align-left-xl u-text u-text-custom-color-26 u-text-1\"> Vous recherchez un m\u00e9tier :<\/h4>\n                <p class=\"u-align-left-lg u-align-left-md u-align-left-sm u-align-left-xl u-custom-item u-large-text u-text u-text-default u-text-variant u-text-2\"> qui assure la production culinaire, et la distribution des mets. <\/p>\n              <\/div>\n            <\/div>\n            <div class=\"u-align-left-xs u-container-style u-list-item u-repeater-item u-video-cover u-white u-list-item-2\">\n              <div class=\"u-container-layout u-similar-container u-valign-bottom-xs u-valign-top-lg u-valign-top-md u-valign-top-sm u-container-layout-2\">\n                <h4 class=\"u-align-left-lg u-align-left-md u-align-left-sm u-align-left-xl u-text u-text-custom-color-26 u-text-3\"> Vous devenez :<\/h4>\n                <p class=\"u-align-left-lg u-align-left-md u-align-left-sm u-align-left-xl u-custom-item u-large-text u-text u-text-default u-text-variant u-text-4\"> Commis dans un restaurant ou en restauration collective. <\/p>\n              <\/div>\n            <\/div>\n            <div class=\"u-align-left-xs u-container-style u-list-item u-repeater-item u-white u-list-item-3\">\n              <div class=\"u-container-layout u-similar-container u-valign-bottom-xs u-valign-top-lg u-valign-top-md u-valign-top-sm u-container-layout-3\">\n                <h4 class=\"u-align-left-lg u-align-left-md u-align-left-sm u-align-left-xl u-text u-text-custom-color-26 u-text-5\"> Formation ouverte : <\/h4>\n                <p class=\"u-align-left-lg u-align-left-md u-align-left-sm u-align-left-xl u-custom-item u-large-text u-text u-text-default u-text-variant u-text-6\"> - 3\u00e8me SEGPA<br>- 3\u00e8me d'ULIS<br>- 3\u00e8me Pr\u00e9pa-M\u00e9tiers<br>- 3\u00e8me g\u00e9n\u00e9rale.\n                <\/p>\n              <\/div>\n            <\/div>\n            <div class=\"u-align-left-xs u-container-style u-list-item u-repeater-item u-video-cover u-white u-list-item-4\">\n              <div class=\"u-container-layout u-similar-container u-valign-bottom-xs u-valign-top-lg u-valign-top-md u-valign-top-sm u-container-layout-4\">\n                <h4 class=\"u-align-left-lg u-align-left-md u-align-left-sm u-align-left-xl u-text u-text-custom-color-26 u-text-7\">Les +<\/h4>\n                <p class=\"u-align-left-lg u-align-left-md u-align-left-sm u-align-left-xl u-custom-item u-large-text u-text u-text-default u-text-variant u-text-8\"> - mise en situation r\u00e9elle dans notre restaurant<br>- 14 semaines de stages en entreprise \n                <\/p>\n              <\/div>\n            <\/div>\n            <div class=\"u-align-left-xs u-container-style u-list-item u-repeater-item u-video-cover u-white u-list-item-5\">\n              <div class=\"u-container-layout u-similar-container u-valign-bottom-xs u-valign-top-lg u-valign-top-md u-valign-top-sm u-container-layout-5\">\n                <h4 class=\"u-align-left-lg u-align-left-md u-align-left-sm u-align-left-xl u-text u-text-custom-color-28 u-text-9\"><span class=\"u-text-custom-color-26\">Poursuite <\/span>:\n                <\/h4>\n                <p class=\"u-align-left-lg u-align-left-md u-align-left-sm u-align-left-xl u-custom-item u-large-text u-text u-text-default u-text-variant u-text-10\"> - BAC PRO CUISINE <br>- Mention Compl\u00e9mentaire \n                <\/p>\n              <\/div>\n            <\/div>\n            <div class=\"u-align-left-xs u-container-style u-list-item u-repeater-item u-video-cover u-white u-list-item-6\">\n              <div class=\"u-container-layout u-similar-container u-valign-bottom-xs u-valign-top-lg u-valign-top-md u-valign-top-sm u-container-layout-6\">\n                <h4 class=\"u-align-left-lg u-align-left-md u-align-left-sm u-align-left-xl u-text u-text-custom-color-28 u-text-11\">&nbsp; &nbsp; &nbsp; &nbsp;<\/h4>\n                <p class=\"u-align-left-lg u-align-left-md u-align-left-sm u-align-left-xl u-custom-item u-large-text u-text u-text-default u-text-variant u-text-12\"><\/p>\n              <\/div>\n            <\/div>\n          <\/div>\n        <\/div>\n      <\/div>\n    <\/section>\n    \n    \n    \n    \n    \n  \n<\/div>","protected":false},"excerpt":{"rendered":"<p>CAP CUISINE Vous recherchez un m\u00e9tier : qui assure la production culinaire, et la distribution des mets. Vous devenez : Commis dans un restaurant ou en restauration collective. Formation ouverte : &#8211; 3\u00e8me SEGPA- 3\u00e8me d&rsquo;ULIS- 3\u00e8me Pr\u00e9pa-M\u00e9tiers- 3\u00e8me g\u00e9n\u00e9rale. Les + &#8211; mise en situation r\u00e9elle dans notre restaurant- 14 semaines de stages en &#8230; <a title=\"CAP CUISINE\" class=\"read-more\" href=\"https:\/\/2025.lycee-nelson-mandela.fr\/?page_id=411\" aria-label=\"En savoir plus sur CAP CUISINE\">Lire la suite<\/a><\/p>\n","protected":false},"author":1,"featured_media":0,"parent":913,"menu_order":0,"comment_status":"closed","ping_status":"closed","template":"","meta":{"_uag_custom_page_level_css":"","footnotes":""},"class_list":["post-411","page","type-page","status-publish"],"uagb_featured_image_src":{"full":false,"thumbnail":false,"medium":false,"medium_large":false,"large":false,"1536x1536":false,"2048x2048":false},"uagb_author_info":{"display_name":"2025Ly_Admin","author_link":"https:\/\/2025.lycee-nelson-mandela.fr\/?author=1"},"uagb_comment_info":0,"uagb_excerpt":"CAP CUISINE Vous recherchez un m\u00e9tier : qui assure la production culinaire, et la distribution des mets. Vous devenez : Commis dans un restaurant ou en restauration collective. Formation ouverte : - 3\u00e8me SEGPA- 3\u00e8me d'ULIS- 3\u00e8me Pr\u00e9pa-M\u00e9tiers- 3\u00e8me g\u00e9n\u00e9rale. Les + - mise en situation r\u00e9elle dans notre restaurant- 14 semaines de stages en\u2026","jetpack_sharing_enabled":true,"_links":{"self":[{"href":"https:\/\/2025.lycee-nelson-mandela.fr\/index.php?rest_route=\/wp\/v2\/pages\/411","targetHints":{"allow":["GET"]}}],"collection":[{"href":"https:\/\/2025.lycee-nelson-mandela.fr\/index.php?rest_route=\/wp\/v2\/pages"}],"about":[{"href":"https:\/\/2025.lycee-nelson-mandela.fr\/index.php?rest_route=\/wp\/v2\/types\/page"}],"author":[{"embeddable":true,"href":"https:\/\/2025.lycee-nelson-mandela.fr\/index.php?rest_route=\/wp\/v2\/users\/1"}],"replies":[{"embeddable":true,"href":"https:\/\/2025.lycee-nelson-mandela.fr\/index.php?rest_route=%2Fwp%2Fv2%2Fcomments&post=411"}],"version-history":[{"count":7,"href":"https:\/\/2025.lycee-nelson-mandela.fr\/index.php?rest_route=\/wp\/v2\/pages\/411\/revisions"}],"predecessor-version":[{"id":2315,"href":"https:\/\/2025.lycee-nelson-mandela.fr\/index.php?rest_route=\/wp\/v2\/pages\/411\/revisions\/2315"}],"up":[{"embeddable":true,"href":"https:\/\/2025.lycee-nelson-mandela.fr\/index.php?rest_route=\/wp\/v2\/pages\/913"}],"wp:attachment":[{"href":"https:\/\/2025.lycee-nelson-mandela.fr\/index.php?rest_route=%2Fwp%2Fv2%2Fmedia&parent=411"}],"curies":[{"name":"wp","href":"https:\/\/api.w.org\/{rel}","templated":true}]}}