{"id":416,"date":"2024-11-14T15:22:10","date_gmt":"2024-11-14T15:22:10","guid":{"rendered":"https:\/\/2025.lycee-nelson-mandela.fr\/?page_id=416"},"modified":"2025-03-25T09:45:10","modified_gmt":"2025-03-25T09:45:10","slug":"cap-epc","status":"publish","type":"page","link":"https:\/\/2025.lycee-nelson-mandela.fr\/?page_id=416","title":{"rendered":"CAP EPC"},"content":{"rendered":"<div class=\"\" style=\"\" >\n    \n    <section class=\"u-clearfix u-container-align-center u-section-2\" id=\"sec-fdf2\">\n      <div class=\"data-layout-selected u-clearfix u-expanded-width u-gutter-0 u-layout-wrap u-layout-wrap-1\">\n        <div class=\"u-layout\">\n          <div class=\"u-layout-row\">\n            <div class=\"u-size-15-lg u-size-15-xl u-size-29-sm u-size-29-xs u-size-60-md\">\n              <div class=\"u-layout-col\">\n                <div class=\"u-container-style u-layout-cell u-size-60 u-layout-cell-1\">\n                  <div class=\"u-container-layout u-container-layout-1\">\n                    <p class=\"u-custom-font u-font-lato u-text u-text-black u-text-1\">Equipier polyvalent du commerce <\/p>\n                    <div class=\"custom-expanded u-container-style u-group u-palette-1-dark-1 u-group-1\">\n                      <div class=\"u-container-layout u-container-layout-2\">\n                        <img decoding=\"async\" class=\"u-image u-image-contain u-image-default u-preserve-proportions u-image-1\" src=\"https:\/\/2025.lycee-nelson-mandela.fr\/wp-content\/uploads\/2025\/03\/Logo_commerce-1.webp\" alt=\"\" data-image-width=\"143\" data-image-height=\"83\">\n                        <p class=\"u-align-center u-custom-font u-font-lato u-text u-text-white u-text-2\">CAP<br>E.P.C \n                        <\/p>\n                      <\/div>\n                    <\/div>\n                    <div class=\"u-container-style u-group u-palette-1-dark-1 u-group-2\">\n                      <div class=\"u-container-layout u-valign-middle-xs u-container-layout-3\">\n                        <p class=\"u-text u-text-white u-text-3\">OUVERT : <\/p>\n                      <\/div>\n                    <\/div>\n                    <p class=\"u-text u-text-4\">-<span class=\"u-text-palette-1-base\">\n                        <span style=\"font-weight: 700;\">3\u00e8me SEGPA<\/span>\n                      <\/span>&nbsp;<br>- <span style=\"font-weight: 700;\" class=\"u-text-palette-1-base\">3\u00e8me d'ULIS<\/span>\n                      <br>- <span class=\"u-text-palette-1-base\" style=\"font-weight: 700;\">3\u00e8me Pr\u00e9pa-M\u00e9tiers&nbsp;<\/span>\n                      <br>-&nbsp;<span style=\"font-weight: 700;\" class=\"u-text-palette-1-base\">3\u00e8me g\u00e9n\u00e9rale.<\/span>\n                    <\/p>\n                  <\/div>\n                <\/div>\n              <\/div>\n            <\/div>\n            <div class=\"u-size-31-sm u-size-31-xs u-size-45-lg u-size-45-xl u-size-60-md\">\n              <div class=\"u-layout-col\">\n                <div class=\"u-size-30\">\n                  <div class=\"u-layout-row\">\n                    <div class=\"u-align-center-lg u-align-center-md u-align-center-sm u-align-center-xl u-align-left-xs u-container-align-center-lg u-container-align-center-md u-container-align-center-sm u-container-align-center-xl u-container-style u-layout-cell u-size-30 u-layout-cell-2\">\n                      <div class=\"u-container-layout u-valign-top-xs u-container-layout-4\">\n                        <div class=\"custom-expanded u-container-style u-group u-palette-1-dark-1 u-group-3\">\n                          <div class=\"u-container-layout u-valign-middle u-container-layout-5\">\n                            <p class=\"u-text u-text-white u-text-5\">VOUS RECHERCHEZ UN M\u00c9TIE<span style=\"font-weight: 700;\"><\/span>R : \n                            <\/p>\n                          <\/div>\n                        <\/div>\n                        <blockquote class=\"u-text u-text-6\">pour accueillir le client \u200bet vendre des produits <\/blockquote>\n                      <\/div>\n                    <\/div>\n                    <div class=\"u-container-style u-layout-cell u-size-30 u-layout-cell-3\">\n                      <div class=\"u-container-layout u-valign-top-xs u-container-layout-6\">\n                        <div class=\"custom-expanded u-container-style u-group u-palette-1-dark-1 u-group-4\">\n                          <div class=\"u-container-layout u-valign-middle u-container-layout-7\">\n                            <p class=\"u-text u-text-default u-text-white u-text-7\">VOUS DEVENEZ : <\/p>\n                          <\/div>\n                        <\/div>\n                        <p class=\"u-text u-text-8\">vendeur(se) polyvalent(e), employ\u00e9(e) en commerce <\/p>\n                      <\/div>\n                    <\/div>\n                  <\/div>\n                <\/div>\n                <div class=\"u-size-30\">\n                  <div class=\"u-layout-row\">\n                    <div class=\"u-container-style u-layout-cell u-size-30 u-layout-cell-4\">\n                      <div class=\"u-container-layout u-valign-top-xs u-container-layout-8\">\n                        <div class=\"custom-expanded u-container-style u-expanded-width-lg u-expanded-width-md u-expanded-width-sm u-expanded-width-xl u-group u-palette-1-dark-1 u-group-5\">\n                          <div class=\"u-container-layout u-container-layout-9\">\n                            <p class=\"u-text u-text-default u-text-white u-text-9\">LES PLUS : <\/p>\n                          <\/div>\n                        <\/div>\n                        <p class=\"u-text u-text-10\">- travaux pratiques externalis\u00e9s en entreprise et au sein de notre magasin p\u00e9dagogique<br>- travaux pratiques dans notre magasin p\u00e9dagogique<br>- 14 semaines de stages en entreprises \n                        <\/p>\n                      <\/div>\n                    <\/div>\n                    <div class=\"u-container-style u-layout-cell u-size-30 u-layout-cell-5\">\n                      <div class=\"u-container-layout u-container-layout-10\">\n                        <div class=\"u-container-style u-group u-palette-1-dark-1 u-group-6\">\n                          <div class=\"u-container-layout u-container-layout-11\">\n                            <p class=\"u-text u-text-white u-text-11\">POURSUITE D'\u00c9TUDE : <\/p>\n                          <\/div>\n                        <\/div>\n                        <a href=\"https:\/\/2025.lycee-nelson-mandela.fr\/?page_id=126\" class=\"u-active-none u-border-2 u-border-no-left u-border-no-right u-border-no-top u-border-palette-1-base u-btn u-btn-rectangle u-button-style u-custom-font u-font-montserrat u-hover-none u-none u-btn-1\">- BAC PRO COMMERCE <\/a>\n                      <\/div>\n                    <\/div>\n                  <\/div>\n                <\/div>\n              <\/div>\n            <\/div>\n          <\/div>\n        <\/div>\n      <\/div>\n    <\/section>\n    \n    \n    \n    \n  \n<\/div>","protected":false},"excerpt":{"rendered":"<p>Equipier polyvalent du commerce CAPE.P.C OUVERT : &#8211; 3\u00e8me SEGPA &nbsp;&#8211; 3\u00e8me d&rsquo;ULIS &#8211; 3\u00e8me Pr\u00e9pa-M\u00e9tiers&nbsp; &#8211;&nbsp;3\u00e8me g\u00e9n\u00e9rale. VOUS RECHERCHEZ UN M\u00c9TIER : pour accueillir le client \u200bet vendre des produits VOUS DEVENEZ : vendeur(se) polyvalent(e), employ\u00e9(e) en commerce LES PLUS : &#8211; travaux pratiques externalis\u00e9s en entreprise et au sein de notre magasin p\u00e9dagogique- &#8230; <a title=\"CAP EPC\" class=\"read-more\" href=\"https:\/\/2025.lycee-nelson-mandela.fr\/?page_id=416\" aria-label=\"En savoir plus sur CAP EPC\">Lire la suite<\/a><\/p>\n","protected":false},"author":1,"featured_media":0,"parent":913,"menu_order":0,"comment_status":"closed","ping_status":"closed","template":"","meta":{"_uag_custom_page_level_css":"","footnotes":""},"class_list":["post-416","page","type-page","status-publish"],"uagb_featured_image_src":{"full":false,"thumbnail":false,"medium":false,"medium_large":false,"large":false,"1536x1536":false,"2048x2048":false},"uagb_author_info":{"display_name":"2025Ly_Admin","author_link":"https:\/\/2025.lycee-nelson-mandela.fr\/?author=1"},"uagb_comment_info":0,"uagb_excerpt":"Equipier polyvalent du commerce CAPE.P.C OUVERT : - 3\u00e8me SEGPA &nbsp;- 3\u00e8me d'ULIS - 3\u00e8me Pr\u00e9pa-M\u00e9tiers&nbsp; -&nbsp;3\u00e8me g\u00e9n\u00e9rale. VOUS RECHERCHEZ UN M\u00c9TIER : pour accueillir le client \u200bet vendre des produits VOUS DEVENEZ : vendeur(se) polyvalent(e), employ\u00e9(e) en commerce LES PLUS : - travaux pratiques externalis\u00e9s en entreprise et au sein de notre magasin p\u00e9dagogique-\u2026","jetpack_sharing_enabled":true,"_links":{"self":[{"href":"https:\/\/2025.lycee-nelson-mandela.fr\/index.php?rest_route=\/wp\/v2\/pages\/416","targetHints":{"allow":["GET"]}}],"collection":[{"href":"https:\/\/2025.lycee-nelson-mandela.fr\/index.php?rest_route=\/wp\/v2\/pages"}],"about":[{"href":"https:\/\/2025.lycee-nelson-mandela.fr\/index.php?rest_route=\/wp\/v2\/types\/page"}],"author":[{"embeddable":true,"href":"https:\/\/2025.lycee-nelson-mandela.fr\/index.php?rest_route=\/wp\/v2\/users\/1"}],"replies":[{"embeddable":true,"href":"https:\/\/2025.lycee-nelson-mandela.fr\/index.php?rest_route=%2Fwp%2Fv2%2Fcomments&post=416"}],"version-history":[{"count":9,"href":"https:\/\/2025.lycee-nelson-mandela.fr\/index.php?rest_route=\/wp\/v2\/pages\/416\/revisions"}],"predecessor-version":[{"id":1381,"href":"https:\/\/2025.lycee-nelson-mandela.fr\/index.php?rest_route=\/wp\/v2\/pages\/416\/revisions\/1381"}],"up":[{"embeddable":true,"href":"https:\/\/2025.lycee-nelson-mandela.fr\/index.php?rest_route=\/wp\/v2\/pages\/913"}],"wp:attachment":[{"href":"https:\/\/2025.lycee-nelson-mandela.fr\/index.php?rest_route=%2Fwp%2Fv2%2Fmedia&parent=416"}],"curies":[{"name":"wp","href":"https:\/\/api.w.org\/{rel}","templated":true}]}}