{"id":425,"date":"2024-11-14T15:21:58","date_gmt":"2024-11-14T15:21:58","guid":{"rendered":"https:\/\/2025.lycee-nelson-mandela.fr\/?page_id=425"},"modified":"2025-03-25T10:35:01","modified_gmt":"2025-03-25T10:35:01","slug":"cap-cip","status":"publish","type":"page","link":"https:\/\/2025.lycee-nelson-mandela.fr\/?page_id=425","title":{"rendered":"CAP CIP"},"content":{"rendered":"<div class=\"\" style=\"\" >\n    \n    <section class=\"u-clearfix u-section-2\" id=\"sec-4fbc\">\n      <div class=\"u-clearfix u-sheet u-valign-middle-xs u-sheet-1\">\n        <div class=\"data-layout-selected u-clearfix u-expanded-width u-layout-wrap u-layout-wrap-1\">\n          <div class=\"u-layout\">\n            <div class=\"u-layout-row\">\n              <div class=\"u-size-18-lg u-size-18-xl u-size-29-sm u-size-29-xs u-size-60-md\">\n                <div class=\"u-layout-col\">\n                  <div class=\"u-container-style u-layout-cell u-size-60 u-layout-cell-1\">\n                    <div class=\"u-container-layout u-container-layout-1\">\n                      <p class=\"u-text u-text-1\">Conducteur d'installation de Production<\/p>\n                      <div class=\"u-container-style u-group u-palette-1-dark-1 u-group-1\">\n                        <div class=\"u-container-layout u-container-layout-2\">\n                          <img decoding=\"async\" class=\"u-image u-image-contain u-image-default u-preserve-proportions u-image-1\" src=\"https:\/\/2025.lycee-nelson-mandela.fr\/wp-content\/uploads\/2024\/11\/Logo_MSPC1-1-2.webp\" alt=\"\" data-image-width=\"128\" data-image-height=\"124\">\n                          <p class=\"u-align-center u-custom-font u-font-lato u-text u-text-white u-text-2\">CAP<br>C.I.P. \n                          <\/p>\n                        <\/div>\n                      <\/div>\n                      <div class=\"u-container-style u-group u-palette-1-dark-1 u-group-2\">\n                        <div class=\"u-container-layout u-valign-bottom-xs u-container-layout-3\">\n                          <p class=\"u-text u-text-white u-text-3\">OUVERT : <\/p>\n                        <\/div>\n                      <\/div>\n                      <p class=\"u-text u-text-palette-1-dark-1 u-text-4\">- 3\u00e8me SEGPA<br>- 3\u00e8me d'ULIS<br>- 3\u00e8me Pr\u00e9pa-M\u00e9tiers<br>- 3\u00e8me g\u00e9n\u00e9rale. \n                      <\/p>\n                    <\/div>\n                  <\/div>\n                <\/div>\n              <\/div>\n              <div class=\"u-size-31-sm u-size-31-xs u-size-42-lg u-size-42-xl u-size-60-md\">\n                <div class=\"u-layout-col\">\n                  <div class=\"u-size-30\">\n                    <div class=\"u-layout-row\">\n                      <div class=\"u-container-style u-layout-cell u-size-30 u-layout-cell-2\">\n                        <div class=\"u-container-layout u-container-layout-4\">\n                          <div class=\"u-container-style u-group u-palette-1-dark-1 u-group-3\">\n                            <div class=\"u-container-layout u-valign-middle u-container-layout-5\">\n                              <p class=\"u-text u-text-white u-text-5\">VOUS RECHERCHEZ UN M\u00c9TIE<span style=\"font-weight: 700;\"><\/span>R : \n                              <\/p>\n                            <\/div>\n                          <\/div>\n                          <p class=\"u-text u-text-6\">Vous souhaitez travailler dans tous types d\u2019entreprises industrielles (automobile, m\u00e9tallurgie, agro-alimentaire\u2026) <\/p>\n                        <\/div>\n                      <\/div>\n                      <div class=\"u-container-style u-layout-cell u-size-30 u-layout-cell-3\">\n                        <div class=\"u-container-layout u-container-layout-6\">\n                          <div class=\"u-container-style u-group u-palette-1-dark-1 u-group-4\">\n                            <div class=\"u-container-layout u-valign-middle u-container-layout-7\">\n                              <p class=\"u-text u-text-default u-text-white u-text-7\">VOUS DEVENEZ : <\/p>\n                            <\/div>\n                          <\/div>\n                          <p class=\"u-text u-text-8\">op\u00e9rateur en ligne de production <\/p>\n                        <\/div>\n                      <\/div>\n                    <\/div>\n                  <\/div>\n                  <div class=\"u-size-30\">\n                    <div class=\"u-layout-row\">\n                      <div class=\"u-container-style u-layout-cell u-size-30 u-layout-cell-4\">\n                        <div class=\"u-container-layout u-valign-top u-container-layout-8\">\n                          <div class=\"u-container-style u-group u-palette-1-dark-1 u-group-5\">\n                            <div class=\"u-container-layout u-valign-middle u-container-layout-9\">\n                              <p class=\"u-text u-text-default u-text-white u-text-9\">LES PLUS : <\/p>\n                            <\/div>\n                          <\/div>\n                          <p class=\"u-text u-text-default u-text-10\">- formation \u00e0 l\u2019habilitation \u00e9lectrique&nbsp;<br>- mise en \u0153uvre de diverses technologies<br>- 14 semaines de stages en entreprise \n                          <\/p>\n                        <\/div>\n                      <\/div>\n                      <div class=\"u-container-style u-layout-cell u-size-30 u-layout-cell-5\">\n                        <div class=\"u-container-layout u-container-layout-10\">\n                          <div class=\"u-container-style u-group u-palette-1-dark-1 u-group-6\">\n                            <div class=\"u-container-layout u-valign-middle-xs u-container-layout-11\">\n                              <p class=\"u-text u-text-default u-text-white u-text-11\">POURSUITE D'\u00c9TUDE : <\/p>\n                            <\/div>\n                          <\/div>\n                          <a href=\"https:\/\/2025.lycee-nelson-mandela.fr\/?page_id=131\" class=\"u-active-none u-border-2 u-border-no-left u-border-no-right u-border-no-top u-border-palette-1-base u-btn u-btn-rectangle u-button-style u-custom-font u-font-montserrat u-hover-none u-none u-btn-1\">- BAC PRO MSPC <\/a>\n                          <p class=\"u-text u-text-12\">- Formation compl\u00e9mentaire <\/p>\n                        <\/div>\n                      <\/div>\n                    <\/div>\n                  <\/div>\n                <\/div>\n              <\/div>\n            <\/div>\n          <\/div>\n        <\/div>\n      <\/div>\n    <\/section>\n    \n    \n    \n    \n  \n<\/div>","protected":false},"excerpt":{"rendered":"<p>Conducteur d&rsquo;installation de Production CAPC.I.P. OUVERT : &#8211; 3\u00e8me SEGPA- 3\u00e8me d&rsquo;ULIS- 3\u00e8me Pr\u00e9pa-M\u00e9tiers- 3\u00e8me g\u00e9n\u00e9rale. VOUS RECHERCHEZ UN M\u00c9TIER : Vous souhaitez travailler dans tous types d\u2019entreprises industrielles (automobile, m\u00e9tallurgie, agro-alimentaire\u2026) VOUS DEVENEZ : op\u00e9rateur en ligne de production LES PLUS : &#8211; formation \u00e0 l\u2019habilitation \u00e9lectrique&nbsp;&#8211; mise en \u0153uvre de diverses technologies- 14 &#8230; <a title=\"CAP CIP\" class=\"read-more\" href=\"https:\/\/2025.lycee-nelson-mandela.fr\/?page_id=425\" aria-label=\"En savoir plus sur CAP CIP\">Lire la suite<\/a><\/p>\n","protected":false},"author":1,"featured_media":0,"parent":913,"menu_order":0,"comment_status":"closed","ping_status":"closed","template":"","meta":{"_uag_custom_page_level_css":"","footnotes":""},"class_list":["post-425","page","type-page","status-publish"],"uagb_featured_image_src":{"full":false,"thumbnail":false,"medium":false,"medium_large":false,"large":false,"1536x1536":false,"2048x2048":false},"uagb_author_info":{"display_name":"2025Ly_Admin","author_link":"https:\/\/2025.lycee-nelson-mandela.fr\/?author=1"},"uagb_comment_info":0,"uagb_excerpt":"Conducteur d'installation de Production CAPC.I.P. OUVERT : - 3\u00e8me SEGPA- 3\u00e8me d'ULIS- 3\u00e8me Pr\u00e9pa-M\u00e9tiers- 3\u00e8me g\u00e9n\u00e9rale. VOUS RECHERCHEZ UN M\u00c9TIER : Vous souhaitez travailler dans tous types d\u2019entreprises industrielles (automobile, m\u00e9tallurgie, agro-alimentaire\u2026) VOUS DEVENEZ : op\u00e9rateur en ligne de production LES PLUS : - formation \u00e0 l\u2019habilitation \u00e9lectrique&nbsp;- mise en \u0153uvre de diverses technologies- 14\u2026","jetpack_sharing_enabled":true,"_links":{"self":[{"href":"https:\/\/2025.lycee-nelson-mandela.fr\/index.php?rest_route=\/wp\/v2\/pages\/425","targetHints":{"allow":["GET"]}}],"collection":[{"href":"https:\/\/2025.lycee-nelson-mandela.fr\/index.php?rest_route=\/wp\/v2\/pages"}],"about":[{"href":"https:\/\/2025.lycee-nelson-mandela.fr\/index.php?rest_route=\/wp\/v2\/types\/page"}],"author":[{"embeddable":true,"href":"https:\/\/2025.lycee-nelson-mandela.fr\/index.php?rest_route=\/wp\/v2\/users\/1"}],"replies":[{"embeddable":true,"href":"https:\/\/2025.lycee-nelson-mandela.fr\/index.php?rest_route=%2Fwp%2Fv2%2Fcomments&post=425"}],"version-history":[{"count":7,"href":"https:\/\/2025.lycee-nelson-mandela.fr\/index.php?rest_route=\/wp\/v2\/pages\/425\/revisions"}],"predecessor-version":[{"id":1400,"href":"https:\/\/2025.lycee-nelson-mandela.fr\/index.php?rest_route=\/wp\/v2\/pages\/425\/revisions\/1400"}],"up":[{"embeddable":true,"href":"https:\/\/2025.lycee-nelson-mandela.fr\/index.php?rest_route=\/wp\/v2\/pages\/913"}],"wp:attachment":[{"href":"https:\/\/2025.lycee-nelson-mandela.fr\/index.php?rest_route=%2Fwp%2Fv2%2Fmedia&parent=425"}],"curies":[{"name":"wp","href":"https:\/\/api.w.org\/{rel}","templated":true}]}}