{"id":428,"date":"2024-11-14T15:22:01","date_gmt":"2024-11-14T15:22:01","guid":{"rendered":"https:\/\/2025.lycee-nelson-mandela.fr\/?page_id=428"},"modified":"2025-03-25T10:37:31","modified_gmt":"2025-03-25T10:37:31","slug":"cap-cpc","status":"publish","type":"page","link":"https:\/\/2025.lycee-nelson-mandela.fr\/?page_id=428","title":{"rendered":"CAP CPC"},"content":{"rendered":"<div class=\"\" style=\"\" >\n    \n    <section class=\"u-clearfix u-section-2\" id=\"sec-358b\">\n      <div class=\"u-clearfix u-sheet u-sheet-1\">\n        <div class=\"data-layout-selected u-clearfix u-expanded-width u-layout-wrap u-layout-wrap-1\">\n          <div class=\"u-layout\">\n            <div class=\"u-layout-row\">\n              <div class=\"u-size-16-lg u-size-16-xl u-size-29-sm u-size-29-xs u-size-60-md\">\n                <div class=\"u-layout-col\">\n                  <div class=\"u-container-style u-layout-cell u-size-60 u-layout-cell-1\">\n                    <div class=\"u-container-layout u-container-layout-1\">\n                      <div class=\"u-container-style u-grey-60 u-group u-group-1\">\n                        <div class=\"u-container-layout u-container-layout-2\">\n                          <p class=\"u-align-center u-custom-font u-font-lato u-text u-text-white u-text-1\">CAP<br>C.P.C.\n                          <\/p>\n                          <img decoding=\"async\" class=\"u-image u-image-contain u-image-default u-preserve-proportions u-image-1\" src=\"https:\/\/2025.lycee-nelson-mandela.fr\/wp-content\/uploads\/2024\/11\/Logo_MSPC1-1-2.webp\" alt=\"\" data-image-width=\"128\" data-image-height=\"124\">\n                        <\/div>\n                      <\/div>\n                      <p class=\"u-text u-text-black u-text-2\">Composites et Plastiques Chaudronn\u00e9s <\/p>\n                      <div class=\"u-container-style u-grey-60 u-group u-group-2\">\n                        <div class=\"u-container-layout u-valign-bottom-xs u-container-layout-3\">\n                          <p class=\"u-text u-text-white u-text-3\">OUVERT : <\/p>\n                        <\/div>\n                      <\/div>\n                      <p class=\"u-text u-text-grey-70 u-text-4\">- 3\u00e8me SEGPA<br>- 3\u00e8me d'ULIS<br>- 3\u00e8me Pr\u00e9pa-M\u00e9tiers<br>- 3\u00e8me g\u00e9n\u00e9rale. \n                      <\/p>\n                    <\/div>\n                  <\/div>\n                <\/div>\n              <\/div>\n              <div class=\"u-size-31-sm u-size-31-xs u-size-44-lg u-size-44-xl u-size-60-md\">\n                <div class=\"u-layout-col\">\n                  <div class=\"u-size-30\">\n                    <div class=\"u-layout-row\">\n                      <div class=\"u-container-style u-layout-cell u-size-30 u-layout-cell-2\">\n                        <div class=\"u-container-layout u-container-layout-4\">\n                          <div class=\"u-container-style u-grey-60 u-group u-group-3\">\n                            <div class=\"u-container-layout u-valign-bottom-xs u-container-layout-5\">\n                              <p class=\"u-text u-text-white u-text-5\">VOUS RECHERCHEZ UN M\u00c9TIE<span style=\"font-weight: 700;\"><\/span>R : \n                              <\/p>\n                            <\/div>\n                          <\/div>\n                          <p class=\"u-text u-text-6\">Manuel : creation de pi\u00e8ce en composite ou en plastique chaudronn\u00e9s <\/p>\n                        <\/div>\n                      <\/div>\n                      <div class=\"u-container-style u-layout-cell u-size-30 u-layout-cell-3\">\n                        <div class=\"u-container-layout u-valign-top-xs u-container-layout-6\">\n                          <div class=\"u-container-style u-grey-60 u-group u-group-4\">\n                            <div class=\"u-container-layout u-valign-middle u-container-layout-7\">\n                              <p class=\"u-text u-text-default-lg u-text-default-md u-text-default-sm u-text-default-xl u-text-white u-text-7\">VOUS DEVENEZ : <\/p>\n                            <\/div>\n                          <\/div>\n                          <p class=\"u-text u-text-8\"> - chaudronnier plastique<br>- stratifieur composite\n                          <\/p>\n                        <\/div>\n                      <\/div>\n                    <\/div>\n                  <\/div>\n                  <div class=\"u-size-30\">\n                    <div class=\"u-layout-row\">\n                      <div class=\"u-container-style u-layout-cell u-size-30 u-layout-cell-4\">\n                        <div class=\"u-container-layout u-container-layout-8\">\n                          <div class=\"u-container-style u-grey-60 u-group u-group-5\">\n                            <div class=\"u-container-layout u-valign-top-xs u-container-layout-9\">\n                              <p class=\"u-text u-text-white u-text-9\">LES PLUS : <\/p>\n                            <\/div>\n                          <\/div>\n                          <p class=\"u-text u-text-10\">- formation dans un atelier r\u00e9nov\u00e9 conforme aux attentes des industriels<br>- ma\u00eetrise de toutes les techniques&nbsp;:&nbsp;chaudronnerie, composite<br>- initiation \u00e0 la valorisation des mati\u00e8res plastiques\u202f\u00bb&nbsp;<br>- possibilit\u00e9 de poursuivre dans notre lyc\u00e9e en BAC PRO PLASTURGIE<br>- 14 semaines de stages en entreprise \n                          <\/p>\n                        <\/div>\n                      <\/div>\n                      <div class=\"u-container-style u-layout-cell u-size-30 u-layout-cell-5\">\n                        <div class=\"u-container-layout u-container-layout-10\">\n                          <div class=\"u-container-style u-grey-60 u-group u-group-6\">\n                            <div class=\"u-container-layout u-valign-top-lg u-valign-top-md u-valign-top-sm u-valign-top-xl u-container-layout-11\">\n                              <p class=\"u-text u-text-white u-text-11\">POURSUITE D'\u00c9TUDE : <\/p>\n                            <\/div>\n                          <\/div>\n                          <a href=\"https:\/\/2025.lycee-nelson-mandela.fr\/?page_id=142\" class=\"u-active-none u-border-2 u-border-no-left u-border-no-right u-border-no-top u-border-palette-1-base u-btn u-btn-rectangle u-button-style u-custom-font u-font-montserrat u-hover-none u-none u-btn-1\">- BAC PRO PLASTURGIE <\/a>\n                        <\/div>\n                      <\/div>\n                    <\/div>\n                  <\/div>\n                <\/div>\n              <\/div>\n            <\/div>\n          <\/div>\n        <\/div>\n      <\/div>\n    <\/section>\n    \n    \n    \n    \n  \n<\/div>","protected":false},"excerpt":{"rendered":"<p>CAPC.P.C. Composites et Plastiques Chaudronn\u00e9s OUVERT : &#8211; 3\u00e8me SEGPA- 3\u00e8me d&rsquo;ULIS- 3\u00e8me Pr\u00e9pa-M\u00e9tiers- 3\u00e8me g\u00e9n\u00e9rale. VOUS RECHERCHEZ UN M\u00c9TIER : Manuel : creation de pi\u00e8ce en composite ou en plastique chaudronn\u00e9s VOUS DEVENEZ : &#8211; chaudronnier plastique- stratifieur composite LES PLUS : &#8211; formation dans un atelier r\u00e9nov\u00e9 conforme aux attentes des industriels- ma\u00eetrise &#8230; <a title=\"CAP CPC\" class=\"read-more\" href=\"https:\/\/2025.lycee-nelson-mandela.fr\/?page_id=428\" aria-label=\"En savoir plus sur CAP CPC\">Lire la suite<\/a><\/p>\n","protected":false},"author":1,"featured_media":0,"parent":913,"menu_order":0,"comment_status":"closed","ping_status":"closed","template":"","meta":{"_uag_custom_page_level_css":"","footnotes":""},"class_list":["post-428","page","type-page","status-publish"],"uagb_featured_image_src":{"full":false,"thumbnail":false,"medium":false,"medium_large":false,"large":false,"1536x1536":false,"2048x2048":false},"uagb_author_info":{"display_name":"2025Ly_Admin","author_link":"https:\/\/2025.lycee-nelson-mandela.fr\/?author=1"},"uagb_comment_info":0,"uagb_excerpt":"CAPC.P.C. Composites et Plastiques Chaudronn\u00e9s OUVERT : - 3\u00e8me SEGPA- 3\u00e8me d'ULIS- 3\u00e8me Pr\u00e9pa-M\u00e9tiers- 3\u00e8me g\u00e9n\u00e9rale. VOUS RECHERCHEZ UN M\u00c9TIER : Manuel : creation de pi\u00e8ce en composite ou en plastique chaudronn\u00e9s VOUS DEVENEZ : - chaudronnier plastique- stratifieur composite LES PLUS : - formation dans un atelier r\u00e9nov\u00e9 conforme aux attentes des industriels- ma\u00eetrise\u2026","jetpack_sharing_enabled":true,"_links":{"self":[{"href":"https:\/\/2025.lycee-nelson-mandela.fr\/index.php?rest_route=\/wp\/v2\/pages\/428","targetHints":{"allow":["GET"]}}],"collection":[{"href":"https:\/\/2025.lycee-nelson-mandela.fr\/index.php?rest_route=\/wp\/v2\/pages"}],"about":[{"href":"https:\/\/2025.lycee-nelson-mandela.fr\/index.php?rest_route=\/wp\/v2\/types\/page"}],"author":[{"embeddable":true,"href":"https:\/\/2025.lycee-nelson-mandela.fr\/index.php?rest_route=\/wp\/v2\/users\/1"}],"replies":[{"embeddable":true,"href":"https:\/\/2025.lycee-nelson-mandela.fr\/index.php?rest_route=%2Fwp%2Fv2%2Fcomments&post=428"}],"version-history":[{"count":8,"href":"https:\/\/2025.lycee-nelson-mandela.fr\/index.php?rest_route=\/wp\/v2\/pages\/428\/revisions"}],"predecessor-version":[{"id":1362,"href":"https:\/\/2025.lycee-nelson-mandela.fr\/index.php?rest_route=\/wp\/v2\/pages\/428\/revisions\/1362"}],"up":[{"embeddable":true,"href":"https:\/\/2025.lycee-nelson-mandela.fr\/index.php?rest_route=\/wp\/v2\/pages\/913"}],"wp:attachment":[{"href":"https:\/\/2025.lycee-nelson-mandela.fr\/index.php?rest_route=%2Fwp%2Fv2%2Fmedia&parent=428"}],"curies":[{"name":"wp","href":"https:\/\/api.w.org\/{rel}","templated":true}]}}