{"id":432,"date":"2024-11-14T15:21:53","date_gmt":"2024-11-14T15:21:53","guid":{"rendered":"https:\/\/2025.lycee-nelson-mandela.fr\/?page_id=432"},"modified":"2025-11-19T07:52:16","modified_gmt":"2025-11-19T07:52:16","slug":"cap-aph","status":"publish","type":"page","link":"https:\/\/2025.lycee-nelson-mandela.fr\/?page_id=432","title":{"rendered":"CAP PPB"},"content":{"rendered":"<div class=\"\" style=\"\" >\n    \n    <section class=\"u-clearfix u-section-2\" id=\"block-1\">\n      <div class=\"u-clearfix u-sheet u-valign-middle u-sheet-1\">\n        <h3 class=\"u-text u-text-custom-color-24 u-text-default u-text-1\"><span class=\"u-file-icon u-icon\"><img decoding=\"async\" src=\"https:\/\/2025.lycee-nelson-mandela.fr\/wp-content\/uploads\/2025\/09\/3253156.png\" alt=\"\"><\/span>&nbsp;Page en cours de r\u00e9actualisation , le dipl\u00f4me change de nom et de programme\n        <\/h3>\n      <\/div>\n    <\/section>\n    <section class=\"u-clearfix u-section-3\" id=\"sec-2c3e\">\n      <div class=\"u-clearfix u-sheet u-sheet-1\">\n        <h3 class=\"u-align-center u-text u-text-default u-text-1\">CAP P.P.B.<br>&nbsp;<span style=\"font-size: 3rem;\">p<\/span>ropret\u00e9 et <span style=\"font-size: 3rem;\">p<\/span>r\u00e9vention des <span style=\"font-size: 3rem;\">b<\/span>iocontaminations\n        <\/h3>\n        <div class=\"data-layout-selected u-clearfix u-expanded-width u-layout-wrap u-layout-wrap-1\">\n          <div class=\"u-layout\">\n            <div class=\"u-layout-row\">\n              <div class=\"u-size-17-lg u-size-17-xl u-size-29-sm u-size-29-xs u-size-60-md\">\n                <div class=\"u-layout-col\">\n                  <div class=\"u-container-style u-layout-cell u-size-60 u-layout-cell-1\">\n                    <div class=\"u-container-layout u-container-layout-1\">\n                      <div class=\"u-container-style u-group u-palette-4-dark-2 u-group-1\">\n                        <div class=\"u-container-layout u-container-layout-2\">\n                          <img decoding=\"async\" class=\"u-align-center u-image u-image-contain u-image-default u-preserve-proportions u-image-1\" src=\"https:\/\/2025.lycee-nelson-mandela.fr\/wp-content\/uploads\/2024\/11\/Logo_HPS-11-4.webp\" alt=\"\" data-image-width=\"138\" data-image-height=\"103\">\n                        <\/div>\n                      <\/div>\n                      <div class=\"custom-expanded u-container-style u-expanded-width u-group u-palette-4-dark-2 u-group-2\">\n                        <div class=\"u-container-layout u-container-layout-3\">\n                          <p class=\"u-text u-text-default u-text-white u-text-2\">OUVERT : <\/p>\n                        <\/div>\n                      <\/div>\n                      <p class=\"u-text u-text-custom-color-12 u-text-3\">- 3\u00e8me SEGPA<br>- 3\u00e8me d'ULIS<br>- 3\u00e8me Pr\u00e9pa-M\u00e9tiers<br>- 3\u00e8me g\u00e9n\u00e9rale. \n                      <\/p>\n                    <\/div>\n                  <\/div>\n                <\/div>\n              <\/div>\n              <div class=\"u-size-31-sm u-size-31-xs u-size-43-lg u-size-43-xl u-size-60-md\">\n                <div class=\"u-layout-col\">\n                  <div class=\"u-size-30\">\n                    <div class=\"u-layout-row\">\n                      <div class=\"u-container-style u-layout-cell u-size-30 u-layout-cell-2\">\n                        <div class=\"u-container-layout u-container-layout-4\">\n                          <div class=\"u-container-style u-group u-palette-4-dark-2 u-group-3\">\n                            <div class=\"u-container-layout u-valign-middle-xl u-valign-top-lg u-valign-top-md u-valign-top-sm u-valign-top-xs u-container-layout-5\">\n                              <p class=\"u-align-left-xs u-text u-text-default-xs u-text-white u-text-4\">VOUS RECHERCHEZ UN M\u00c9TIE<span style=\"font-weight: 700;\"><\/span>R : \n                              <\/p>\n                            <\/div>\n                          <\/div>\n                          <p class=\"u-text u-text-5\">- Qui vous permettent de travailler dans de nombreux secteurs (\u00e9tablissement hospitalier et m\u00e9dicaux sociaux, entreprises de propret\u00e9, collectivit\u00e9, nettoyage extr\u00eame, lavage de vitre en hauteur, h\u00f4tel)<br>- Qui recrute&nbsp;<br>- Qui recherche du personnel QUALIFIE \n                          <\/p>\n                        <\/div>\n                      <\/div>\n                      <div class=\"u-container-style u-layout-cell u-size-30 u-layout-cell-3\">\n                        <div class=\"u-container-layout u-valign-top-lg u-valign-top-sm u-container-layout-6\">\n                          <div class=\"custom-expanded u-container-align-center-md u-container-align-center-sm u-container-style u-expanded-width-lg u-expanded-width-md u-expanded-width-sm u-expanded-width-xl u-group u-palette-4-dark-2 u-group-4\">\n                            <div class=\"u-container-layout u-valign-middle-md u-valign-middle-xs u-container-layout-7\">\n                              <p class=\"u-align-center-md u-align-center-sm u-align-left-xs u-text u-text-default u-text-white u-text-6\">VOUS DEVENEZ : <\/p>\n                            <\/div>\n                          <\/div>\n                          <p class=\"u-text u-text-7\">Agent de nettoyage, machiniste, agent de service hospitalier <\/p>\n                        <\/div>\n                      <\/div>\n                    <\/div>\n                  <\/div>\n                  <div class=\"u-size-30\">\n                    <div class=\"u-layout-row\">\n                      <div class=\"u-container-style u-layout-cell u-size-30 u-layout-cell-4\">\n                        <div class=\"u-container-layout u-valign-top-lg u-valign-top-md u-valign-top-sm u-valign-top-xs u-container-layout-8\">\n                          <div class=\"custom-expanded u-container-align-left u-container-style u-expanded-width u-group u-palette-4-dark-2 u-group-5\">\n                            <div class=\"u-container-layout u-container-layout-9\">\n                              <p class=\"u-align-left u-text u-text-default u-text-white u-text-8\">LES PLUS : <\/p>\n                            <\/div>\n                          <\/div>\n                          <p class=\"u-text u-text-9\">- Apprentissage possible en terminal<br>- Des \u00e9volutions de carri\u00e8re possible rapidement<br>- Une classe \u00e0 petits effectifs (12) \n                          <\/p>\n                        <\/div>\n                      <\/div>\n                      <div class=\"u-container-style u-layout-cell u-size-30 u-layout-cell-5\">\n                        <div class=\"u-container-layout u-container-layout-10\">\n                          <div class=\"custom-expanded u-container-style u-expanded-width u-group u-palette-4-dark-2 u-group-6\">\n                            <div class=\"u-container-layout u-container-layout-11\">\n                              <p class=\"u-text u-text-white u-text-10\">POURSUITE D'\u00c9TUDE : <\/p>\n                            <\/div>\n                          <\/div>\n                          <a href=\"https:\/\/2025.lycee-nelson-mandela.fr\/?page_id=149\" class=\"u-active-none u-border-2 u-border-no-left u-border-no-right u-border-no-top u-border-palette-1-base u-btn u-btn-rectangle u-button-style u-custom-font u-font-montserrat u-hover-none u-none u-btn-1\">BAC PRO H.P.S.<\/a>\n                        <\/div>\n                      <\/div>\n                    <\/div>\n                  <\/div>\n                <\/div>\n              <\/div>\n            <\/div>\n          <\/div>\n        <\/div>\n      <\/div>\n    <\/section>\n    \n    \n    \n    \n    \n  \n<\/div>","protected":false},"excerpt":{"rendered":"<p>&nbsp;Page en cours de r\u00e9actualisation , le dipl\u00f4me change de nom et de programme CAP P.P.B.&nbsp;propret\u00e9 et pr\u00e9vention des biocontaminations OUVERT : &#8211; 3\u00e8me SEGPA- 3\u00e8me d&rsquo;ULIS- 3\u00e8me Pr\u00e9pa-M\u00e9tiers- 3\u00e8me g\u00e9n\u00e9rale. VOUS RECHERCHEZ UN M\u00c9TIER : &#8211; Qui vous permettent de travailler dans de nombreux secteurs (\u00e9tablissement hospitalier et m\u00e9dicaux sociaux, entreprises de propret\u00e9, collectivit\u00e9, &#8230; <a title=\"CAP PPB\" class=\"read-more\" href=\"https:\/\/2025.lycee-nelson-mandela.fr\/?page_id=432\" aria-label=\"En savoir plus sur CAP PPB\">Lire la suite<\/a><\/p>\n","protected":false},"author":1,"featured_media":0,"parent":913,"menu_order":0,"comment_status":"closed","ping_status":"closed","template":"","meta":{"_uag_custom_page_level_css":"","footnotes":""},"class_list":["post-432","page","type-page","status-publish"],"uagb_featured_image_src":{"full":false,"thumbnail":false,"medium":false,"medium_large":false,"large":false,"1536x1536":false,"2048x2048":false},"uagb_author_info":{"display_name":"2025Ly_Admin","author_link":"https:\/\/2025.lycee-nelson-mandela.fr\/?author=1"},"uagb_comment_info":0,"uagb_excerpt":"&nbsp;Page en cours de r\u00e9actualisation , le dipl\u00f4me change de nom et de programme CAP P.P.B.&nbsp;propret\u00e9 et pr\u00e9vention des biocontaminations OUVERT : - 3\u00e8me SEGPA- 3\u00e8me d'ULIS- 3\u00e8me Pr\u00e9pa-M\u00e9tiers- 3\u00e8me g\u00e9n\u00e9rale. VOUS RECHERCHEZ UN M\u00c9TIER : - Qui vous permettent de travailler dans de nombreux secteurs (\u00e9tablissement hospitalier et m\u00e9dicaux sociaux, entreprises de propret\u00e9, collectivit\u00e9,\u2026","jetpack_sharing_enabled":true,"_links":{"self":[{"href":"https:\/\/2025.lycee-nelson-mandela.fr\/index.php?rest_route=\/wp\/v2\/pages\/432","targetHints":{"allow":["GET"]}}],"collection":[{"href":"https:\/\/2025.lycee-nelson-mandela.fr\/index.php?rest_route=\/wp\/v2\/pages"}],"about":[{"href":"https:\/\/2025.lycee-nelson-mandela.fr\/index.php?rest_route=\/wp\/v2\/types\/page"}],"author":[{"embeddable":true,"href":"https:\/\/2025.lycee-nelson-mandela.fr\/index.php?rest_route=\/wp\/v2\/users\/1"}],"replies":[{"embeddable":true,"href":"https:\/\/2025.lycee-nelson-mandela.fr\/index.php?rest_route=%2Fwp%2Fv2%2Fcomments&post=432"}],"version-history":[{"count":13,"href":"https:\/\/2025.lycee-nelson-mandela.fr\/index.php?rest_route=\/wp\/v2\/pages\/432\/revisions"}],"predecessor-version":[{"id":2057,"href":"https:\/\/2025.lycee-nelson-mandela.fr\/index.php?rest_route=\/wp\/v2\/pages\/432\/revisions\/2057"}],"up":[{"embeddable":true,"href":"https:\/\/2025.lycee-nelson-mandela.fr\/index.php?rest_route=\/wp\/v2\/pages\/913"}],"wp:attachment":[{"href":"https:\/\/2025.lycee-nelson-mandela.fr\/index.php?rest_route=%2Fwp%2Fv2%2Fmedia&parent=432"}],"curies":[{"name":"wp","href":"https:\/\/api.w.org\/{rel}","templated":true}]}}