{"id":450,"date":"2024-11-14T15:49:26","date_gmt":"2024-11-14T15:49:26","guid":{"rendered":"https:\/\/2025.lycee-nelson-mandela.fr\/?page_id=450"},"modified":"2025-03-28T10:18:49","modified_gmt":"2025-03-28T10:18:49","slug":"3eme-prepa-metiers","status":"publish","type":"page","link":"https:\/\/2025.lycee-nelson-mandela.fr\/?page_id=450","title":{"rendered":"3\u00e8me pr\u00e9pa-m\u00e9tiers"},"content":{"rendered":"<div class=\"\" style=\"\" >\n    \n    <section class=\"u-clearfix u-section-2\" id=\"sec-2937\">\n      <div class=\"u-clearfix u-sheet u-sheet-1\">\n        <div class=\"custom-expanded data-layout-selected u-clearfix u-expanded-width-lg u-expanded-width-xl u-gutter-16 u-layout-wrap u-layout-wrap-1\">\n          <div class=\"u-gutter-0 u-layout\" style=\"\">\n            <div class=\"u-layout-col\" style=\"\">\n              <div class=\"u-size-30\" style=\"\">\n                <div class=\"u-layout-row\" style=\"\">\n                  <div class=\"u-container-style u-custom-color-17 u-layout-cell u-size-17 u-layout-cell-1\">\n                    <div class=\"u-container-layout u-container-layout-1\">\n                      <img decoding=\"async\" class=\"u-image u-image-contain u-image-default u-preserve-proportions u-image-1\" src=\"https:\/\/2025.lycee-nelson-mandela.fr\/wp-content\/uploads\/2024\/11\/Logo3pm-1-2.webp\" alt=\"\" data-image-width=\"144\" data-image-height=\"124\">\n                      <p class=\"u-align-center u-text u-text-white u-text-1\">3\u00e8me Pr\u00e9pa-M\u00e9tiers <\/p>\n                    <\/div>\n                  <\/div>\n                  <div class=\"u-container-style u-layout-cell u-shape-rectangle u-size-23 u-layout-cell-2\">\n                    <div class=\"u-container-layout u-valign-bottom-md u-valign-bottom-sm u-valign-bottom-xs u-container-layout-2\">\n                      <div class=\"custom-expanded u-container-style u-custom-color-17 u-group u-group-1\">\n                        <div class=\"u-container-layout u-valign-middle-xl u-valign-top-lg u-valign-top-md u-valign-top-sm u-valign-top-xs u-container-layout-3\">\n                          <p class=\"u-text u-text-white u-text-2\">VOUS RECHERCHEZ :<\/p>\n                        <\/div>\n                      <\/div>\n                      <p class=\"u-text u-text-3\">- un projet de formation par la d\u00e9couverte de m\u00e9tiers relevant de diff\u00e9rents champs professionnels.<br>- une nouvelle dynamique permettant de mieux r\u00e9ussir. \n                      <\/p>\n                    <\/div>\n                  <\/div>\n                  <div class=\"u-container-style u-hidden-md u-layout-cell u-shape-rectangle u-size-20 u-layout-cell-3\">\n                    <div class=\"u-container-layout u-valign-top-lg u-valign-top-xl u-container-layout-4\">\n                      <div class=\"custom-expanded u-container-style u-custom-color-9 u-group u-group-2\">\n                        <div class=\"u-container-layout u-valign-middle-xl u-valign-top-lg u-valign-top-md u-valign-top-sm u-valign-top-xs u-container-layout-5\">\n                          <p class=\"u-text u-text-white u-text-4\">JE VAIS D\u00c9COUVRIR AU LYC\u00c9E : <\/p>\n                        <\/div>\n                      <\/div>\n                      <p class=\"u-text u-text-5\">les diff\u00e9rents m\u00e9tiers que propose notre \u00e9tablissement<\/p>\n                    <\/div>\n                  <\/div>\n                <\/div>\n              <\/div>\n              <div class=\"u-size-30\">\n                <div class=\"u-layout-row\">\n                  <div class=\"u-container-style u-layout-cell u-shape-rectangle u-size-17 u-layout-cell-4\">\n                    <div class=\"u-container-layout u-valign-top-lg u-valign-top-md u-valign-top-sm u-valign-top-xs u-container-layout-6\">\n                      <div class=\"custom-expanded u-container-style u-custom-color-17 u-group u-group-3\">\n                        <div class=\"u-container-layout u-valign-middle-lg u-valign-middle-md u-valign-middle-sm u-valign-middle-xs u-container-layout-7\">\n                          <p class=\"u-text u-text-white u-text-6\">OUVERT : <\/p>\n                        <\/div>\n                      <\/div>\n                      <p class=\"u-text u-text-7\">- <span class=\"u-text-palette-4-base\">4\u00e8me G\u00e9n\u00e9rale<\/span>\n                      <\/p>\n                    <\/div>\n                  <\/div>\n                  <div class=\"u-container-style u-hidden-xs u-layout-cell u-shape-rectangle u-size-23 u-layout-cell-5\">\n                    <div class=\"u-container-layout u-container-layout-8\">\n                      <div class=\"u-container-style u-custom-color-17 u-group u-group-4\">\n                        <div class=\"u-container-layout u-container-layout-9\">\n                          <p class=\"u-text u-text-8\">- un projet de formation par la d\u00e9couverte de m\u00e9tiers relevant de diff\u00e9rents champs professionnels.<br>- une nouvelle dynamique permettant de mieux r\u00e9ussir. \n                          <\/p>\n                          <p class=\"u-text u-text-white u-text-9\">POURSUITE : <\/p>\n                        <\/div>\n                      <\/div>\n                      <a href=\"https:\/\/2025.lycee-nelson-mandela.fr\/?page_id=913\" class=\"u-active-none u-border-2 u-border-no-left u-border-no-right u-border-no-top u-border-palette-1-base u-btn u-btn-rectangle u-button-style u-hover-none u-none u-btn-1\">- BAC Professionnel<\/a>\n                      <p class=\"u-text u-text-default u-text-10\">- BAC G\u00e9n\u00e9rale <\/p>\n                      <p class=\"u-text u-text-default u-text-11\">- BAC Technologique <\/p>\n                    <\/div>\n                  <\/div>\n                  <div class=\"u-container-style u-layout-cell u-size-20 u-layout-cell-6\">\n                    <div class=\"u-container-layout u-container-layout-10\">\n                      <div class=\"custom-expanded u-container-style u-custom-color-17 u-group u-group-5\">\n                        <div class=\"u-container-layout u-valign-middle-lg u-valign-middle-md u-valign-middle-sm u-valign-middle-xs u-container-layout-11\">\n                          <p class=\"u-text u-text-white u-text-12\">JE VAIS : <\/p>\n                        <\/div>\n                      <\/div>\n                      <p class=\"u-text u-text-13\">- faire \u200bdes stages en entreprise<br>- d\u00e9couvrir diff\u00e9rents m\u00e9tiers tout au long de l\u2019ann\u00e9e<br>- pr\u00e9parer mon DNB PRO \n                      <\/p>\n                    <\/div>\n                  <\/div>\n                <\/div>\n              <\/div>\n            <\/div>\n          <\/div>\n        <\/div>\n      <\/div>\n    <\/section>\n    \n    \n    \n    \n  \n<\/div>","protected":false},"excerpt":{"rendered":"<p>3\u00e8me Pr\u00e9pa-M\u00e9tiers VOUS RECHERCHEZ : &#8211; un projet de formation par la d\u00e9couverte de m\u00e9tiers relevant de diff\u00e9rents champs professionnels.- une nouvelle dynamique permettant de mieux r\u00e9ussir. JE VAIS D\u00c9COUVRIR AU LYC\u00c9E : les diff\u00e9rents m\u00e9tiers que propose notre \u00e9tablissement OUVERT : &#8211; 4\u00e8me G\u00e9n\u00e9rale &#8211; un projet de formation par la d\u00e9couverte de m\u00e9tiers &#8230; <a title=\"3\u00e8me pr\u00e9pa-m\u00e9tiers\" class=\"read-more\" href=\"https:\/\/2025.lycee-nelson-mandela.fr\/?page_id=450\" aria-label=\"En savoir plus sur 3\u00e8me pr\u00e9pa-m\u00e9tiers\">Lire la suite<\/a><\/p>\n","protected":false},"author":1,"featured_media":0,"parent":913,"menu_order":0,"comment_status":"closed","ping_status":"closed","template":"","meta":{"_uag_custom_page_level_css":"","footnotes":""},"class_list":["post-450","page","type-page","status-publish"],"uagb_featured_image_src":{"full":false,"thumbnail":false,"medium":false,"medium_large":false,"large":false,"1536x1536":false,"2048x2048":false},"uagb_author_info":{"display_name":"2025Ly_Admin","author_link":"https:\/\/2025.lycee-nelson-mandela.fr\/?author=1"},"uagb_comment_info":0,"uagb_excerpt":"3\u00e8me Pr\u00e9pa-M\u00e9tiers VOUS RECHERCHEZ : - un projet de formation par la d\u00e9couverte de m\u00e9tiers relevant de diff\u00e9rents champs professionnels.- une nouvelle dynamique permettant de mieux r\u00e9ussir. JE VAIS D\u00c9COUVRIR AU LYC\u00c9E : les diff\u00e9rents m\u00e9tiers que propose notre \u00e9tablissement OUVERT : - 4\u00e8me G\u00e9n\u00e9rale - un projet de formation par la d\u00e9couverte de m\u00e9tiers\u2026","jetpack_sharing_enabled":true,"_links":{"self":[{"href":"https:\/\/2025.lycee-nelson-mandela.fr\/index.php?rest_route=\/wp\/v2\/pages\/450","targetHints":{"allow":["GET"]}}],"collection":[{"href":"https:\/\/2025.lycee-nelson-mandela.fr\/index.php?rest_route=\/wp\/v2\/pages"}],"about":[{"href":"https:\/\/2025.lycee-nelson-mandela.fr\/index.php?rest_route=\/wp\/v2\/types\/page"}],"author":[{"embeddable":true,"href":"https:\/\/2025.lycee-nelson-mandela.fr\/index.php?rest_route=\/wp\/v2\/users\/1"}],"replies":[{"embeddable":true,"href":"https:\/\/2025.lycee-nelson-mandela.fr\/index.php?rest_route=%2Fwp%2Fv2%2Fcomments&post=450"}],"version-history":[{"count":13,"href":"https:\/\/2025.lycee-nelson-mandela.fr\/index.php?rest_route=\/wp\/v2\/pages\/450\/revisions"}],"predecessor-version":[{"id":2249,"href":"https:\/\/2025.lycee-nelson-mandela.fr\/index.php?rest_route=\/wp\/v2\/pages\/450\/revisions\/2249"}],"up":[{"embeddable":true,"href":"https:\/\/2025.lycee-nelson-mandela.fr\/index.php?rest_route=\/wp\/v2\/pages\/913"}],"wp:attachment":[{"href":"https:\/\/2025.lycee-nelson-mandela.fr\/index.php?rest_route=%2Fwp%2Fv2%2Fmedia&parent=450"}],"curies":[{"name":"wp","href":"https:\/\/api.w.org\/{rel}","templated":true}]}}