{"id":541,"date":"2024-11-15T10:21:36","date_gmt":"2024-11-15T10:21:36","guid":{"rendered":"https:\/\/2025.lycee-nelson-mandela.fr\/?page_id=541"},"modified":"2026-01-05T12:18:20","modified_gmt":"2026-01-05T12:18:20","slug":"contact","status":"publish","type":"page","link":"https:\/\/2025.lycee-nelson-mandela.fr\/?page_id=541","title":{"rendered":"Contact"},"content":{"rendered":"<div class=\"\" style=\"\" >\n    \n    <section class=\"u-clearfix u-container-align-center u-grey-5 u-section-2\" id=\"sec-e94a\" data-href=\"tel:03 81 96 22 00\">\n      <div class=\"u-clearfix u-sheet u-valign-top u-sheet-1\">\n        <div class=\"data-layout-selected u-clearfix u-expanded-width u-layout-wrap u-layout-wrap-1\">\n          <div class=\"u-layout\">\n            <div class=\"u-layout-row\">\n              <div class=\"u-size-27-lg u-size-30-xl u-size-60-md u-size-60-sm u-size-60-xs\">\n                <div class=\"u-layout-col\">\n                  <div class=\"u-align-center-xs u-container-style u-layout-cell u-left-cell u-size-60 u-layout-cell-1\" data-animation-name=\"customAnimationIn\" data-animation-duration=\"1000\" data-animation-delay=\"0\">\n                    <div class=\"u-container-layout u-container-layout-1\">\n                      <h2 class=\"u-align-center-lg u-align-center-md u-align-center-sm u-align-center-xl u-text u-text-1\">Contactez-nous<\/h2>\n                      <a href=\"tel:03 81 36 22 00\" class=\"u-btn u-btn-rectangle u-button-style u-btn-1\"><span class=\"u-icon u-icon-1\"><svg class=\"u-svg-content\" viewBox=\"0 0 405.333 405.333\" x=\"0px\" y=\"0px\" style=\"width: 1em; height: 1em;\"><path d=\"M373.333,266.88c-25.003,0-49.493-3.904-72.704-11.563c-11.328-3.904-24.192-0.896-31.637,6.699l-46.016,34.752    c-52.8-28.181-86.592-61.952-114.389-114.368l33.813-44.928c8.512-8.512,11.563-20.971,7.915-32.64    C142.592,81.472,138.667,56.96,138.667,32c0-17.643-14.357-32-32-32H32C14.357,0,0,14.357,0,32    c0,205.845,167.488,373.333,373.333,373.333c17.643,0,32-14.357,32-32V298.88C405.333,281.237,390.976,266.88,373.333,266.88z\"><\/path><\/svg><\/span>03 81 36 22 00\n                      <\/a>\n                      <p class=\"u-align-left-lg u-align-left-md u-align-left-sm u-align-left-xl u-custom-font u-font-lato u-text u-text-2\">6, rue Ren\u00e9 Girardot<br>25404 AUDINCOURT \n                      <\/p><span class=\"u-icon u-text-palette-2-base u-icon-2\"><svg class=\"u-svg-link\" preserveAspectRatio=\"xMidYMin slice\" viewBox=\"0 0 54.757 54.757\" style=\"\"><use xlink:href=\"#svg-9b9e\"><\/use><\/svg><svg class=\"u-svg-content\" viewBox=\"0 0 54.757 54.757\" x=\"0px\" y=\"0px\" id=\"svg-9b9e\" style=\"enable-background:new 0 0 54.757 54.757;\"><path d=\"M40.94,5.617C37.318,1.995,32.502,0,27.38,0c-5.123,0-9.938,1.995-13.56,5.617c-6.703,6.702-7.536,19.312-1.804,26.952\n\tL27.38,54.757L42.721,32.6C48.476,24.929,47.643,12.319,40.94,5.617z M27.557,26c-3.859,0-7-3.141-7-7s3.141-7,7-7s7,3.141,7,7\n\tS31.416,26,27.557,26z\"><\/path><\/svg><\/span>\n                      <h2 class=\"u-align-center-lg u-align-center-md u-align-center-sm u-align-center-xl u-text u-text-3\">SUIVEZ-nous<\/h2>\n                      <div class=\"u-social-icons u-social-icons-1\">\n                        <a class=\"u-social-url\" title=\"facebook\" target=\"_blank\" href=\"https:\/\/www.facebook.com\/lyceeMandela\/?locale=fr_FR\"><span class=\"u-icon u-social-facebook u-social-icon u-text-palette-5-dark-3\"><svg class=\"u-svg-link\" preserveAspectRatio=\"xMidYMin slice\" viewBox=\"0 0 112 112\" style=\"\"><use xlink:href=\"#svg-f5b1\"><\/use><\/svg><svg class=\"u-svg-content\" viewBox=\"0 0 112 112\" x=\"0\" y=\"0\" id=\"svg-f5b1\"><circle fill=\"currentColor\" cx=\"56.1\" cy=\"56.1\" r=\"55\"><\/circle><path fill=\"#FFFFFF\" d=\"M73.5,31.6h-9.1c-1.4,0-3.6,0.8-3.6,3.9v8.5h12.6L72,58.3H60.8v40.8H43.9V58.3h-8V43.9h8v-9.2\n      c0-6.7,3.1-17,17-17h12.5v13.9H73.5z\"><\/path><\/svg><\/span>\n                        <\/a>\n                        <a class=\"u-social-url\" title=\"instagram\" target=\"_blank\" href=\"https:\/\/www.instagram.com\/lycee.nelson.mandela\/\"><span class=\"u-icon u-social-icon u-social-instagram u-text-palette-5-dark-3\"><svg class=\"u-svg-link\" preserveAspectRatio=\"xMidYMin slice\" viewBox=\"0 0 112 112\" style=\"\"><use xlink:href=\"#svg-d78b\"><\/use><\/svg><svg class=\"u-svg-content\" viewBox=\"0 0 112 112\" x=\"0\" y=\"0\" id=\"svg-d78b\"><circle fill=\"currentColor\" cx=\"56.1\" cy=\"56.1\" r=\"55\"><\/circle><path fill=\"#FFFFFF\" d=\"M55.9,38.2c-9.9,0-17.9,8-17.9,17.9C38,66,46,74,55.9,74c9.9,0,17.9-8,17.9-17.9C73.8,46.2,65.8,38.2,55.9,38.2\n      z M55.9,66.4c-5.7,0-10.3-4.6-10.3-10.3c-0.1-5.7,4.6-10.3,10.3-10.3c5.7,0,10.3,4.6,10.3,10.3C66.2,61.8,61.6,66.4,55.9,66.4z\"><\/path><path fill=\"#FFFFFF\" d=\"M74.3,33.5c-2.3,0-4.2,1.9-4.2,4.2s1.9,4.2,4.2,4.2s4.2-1.9,4.2-4.2S76.6,33.5,74.3,33.5z\"><\/path><path fill=\"#FFFFFF\" d=\"M73.1,21.3H38.6c-9.7,0-17.5,7.9-17.5,17.5v34.5c0,9.7,7.9,17.6,17.5,17.6h34.5c9.7,0,17.5-7.9,17.5-17.5V38.8\n      C90.6,29.1,82.7,21.3,73.1,21.3z M83,73.3c0,5.5-4.5,9.9-9.9,9.9H38.6c-5.5,0-9.9-4.5-9.9-9.9V38.8c0-5.5,4.5-9.9,9.9-9.9h34.5\n      c5.5,0,9.9,4.5,9.9,9.9V73.3z\"><\/path><\/svg><\/span>\n                        <\/a>\n                        <a class=\"u-social-url\" target=\"_blank\" data-type=\"YouTube\" title=\"YouTube\" href=\"https:\/\/www.youtube.com\/@lyceenelsonmandeladiaporam4079\/videos\"><span class=\"u-icon u-social-icon u-social-youtube u-text-palette-5-dark-3 u-icon-5\"><svg class=\"u-svg-link\" preserveAspectRatio=\"xMidYMin slice\" viewBox=\"0 0 112 112\" style=\"\"><use xlink:href=\"#svg-22de\"><\/use><\/svg><svg class=\"u-svg-content\" viewBox=\"0 0 112 112\" x=\"0\" y=\"0\" id=\"svg-22de\"><circle fill=\"currentColor\" cx=\"56.1\" cy=\"56.1\" r=\"55\"><\/circle><path fill=\"#FFFFFF\" d=\"M74.9,33.3H37.3c-7.4,0-13.4,6-13.4,13.4v18.8c0,7.4,6,13.4,13.4,13.4h37.6c7.4,0,13.4-6,13.4-13.4V46.7 C88.3,39.3,82.3,33.3,74.9,33.3L74.9,33.3z M65.9,57l-17.6,8.4c-0.5,0.2-1-0.1-1-0.6V47.5c0-0.5,0.6-0.9,1-0.6l17.6,8.9 C66.4,56,66.4,56.8,65.9,57L65.9,57z\"><\/path><\/svg><\/span>\n                        <\/a>\n                      <\/div>\n                    <\/div>\n                  <\/div>\n                <\/div>\n              <\/div>\n              <div class=\"u-size-30-xl u-size-33-lg u-size-60-md u-size-60-sm u-size-60-xs\">\n                <div class=\"u-layout-col\">\n                  <div class=\"u-container-style u-layout-cell u-right-cell u-size-60 u-layout-cell-2\" data-animation-name=\"customAnimationIn\" data-animation-duration=\"1000\" data-animation-delay=\"0\" data-animation-direction=\"\">\n                    <div class=\"u-container-layout u-valign-bottom u-container-layout-2\">\n                      <div class=\"custom-expanded u-form u-form-1\">\n                        <form action=\"https:\/\/service.nicepagesrv.com\/form\/v4\/form-process\" class=\"u-clearfix u-form-spacing-10 u-form-vertical u-inner-form\" source=\"email\" name=\"form\" style=\"padding: 0px;\">\n                          <div class=\"u-form-group u-form-name u-label-top\">\n                            <label for=\"name-fb78\" class=\"u-label\">NOM<\/label>\n                            <input type=\"text\" placeholder=\"Saisissez votre NOM\" id=\"name-fb78\" name=\"last-name\" class=\"u-input u-input-rectangle\" required=\"\">\n                          <\/div>\n                          <div class=\"u-form-email u-form-group u-label-top\">\n                            <label for=\"email-fb78\" class=\"u-label\">E-mail<\/label>\n                            <input type=\"email\" placeholder=\"Saisissez votre e-mail\" id=\"email-fb78\" name=\"email\" class=\"u-input u-input-rectangle\" required=\"\">\n                          <\/div>\n                          <div class=\"u-form-group u-form-select u-label-top u-form-group-3\">\n                            <label for=\"select-9dc1\" class=\"u-label\">Votre demande concerne<\/label>\n                            <div class=\"u-form-select-wrapper\">\n                              <select id=\"select-9dc1\" name=\"select\" class=\"u-input u-input-rectangle\" size=\"5\" required=\"required\">\n                                <option value=\"La scolarit\u00e9\" data-calc=\"\" selected=\"selected\">La scolarit\u00e9<\/option>\n                                <option value=\"La r\u00e9mun\u00e9ration des stages\" data-calc=\"\">La r\u00e9mun\u00e9ration des stages<\/option>\n                                <option value=\"L'apprentissage\" data-calc=\"\">L'apprentissage<\/option>\n                                <option value=\"Les stages\" data-calc=\"\">Les stages<\/option>\n                                <option value=\"Autres\" data-calc=\"\">Autres<\/option>\n                              <\/select>\n                              <svg class=\"u-caret u-caret-svg\" version=\"1.1\" id=\"Layer_1\" xmlns=\"http:\/\/www.w3.org\/2000\/svg\" xmlns:xlink=\"http:\/\/www.w3.org\/1999\/xlink\" x=\"0px\" y=\"0px\" width=\"16px\" height=\"16px\" viewBox=\"0 0 16 16\" style=\"fill:currentColor;\" xml:space=\"preserve\"><polygon class=\"st0\" points=\"8,12 2,4 14,4 \"><\/polygon><\/svg>\n                            <\/div>\n                          <\/div>\n                          <div class=\"u-form-group u-form-message u-label-top\">\n                            <label for=\"message-fb78\" class=\"u-label\">Message<\/label>\n                            <textarea placeholder=\"Saisissez votre message\" rows=\"4\" cols=\"50\" id=\"message-fb78\" name=\"message\" class=\"u-input u-input-rectangle\" required=\"\"><\/textarea>\n                          <\/div>\n                          <div class=\"u-form-checkbox u-form-group u-label-top u-form-group-5\">\n                            <input type=\"checkbox\" id=\"checkbox-31b9\" name=\"checkbox\" value=\"On\" class=\"u-field-input\">\n                            <label for=\"checkbox-31b9\" class=\"u-field-label\">En soumettant ce formulaire, j'accepte que les informations saisies dans ce formulaire soient  trait\u00e9es pour permettre de me recontacter, pour m\u2019envoyer la newsletter.<\/label>\n                          <\/div>\n                          <div class=\"u-align-left u-form-group u-form-submit u-label-top\">\n                            <input type=\"submit\" value=\"submit\" class=\"u-form-control-hidden\">\n                            <a href=\"#\" class=\"u-border-none u-btn u-btn-submit u-button-style u-palette-2-base u-btn-2\">Soumettre<\/a>\n                          <\/div>\n                          <div class=\"u-form-send-message u-form-send-success\"> Thank you! Your message has been sent. <\/div>\n                          <div class=\"u-form-send-error u-form-send-message\"> Unable to send your message. Please fix errors then try again. <\/div>\n                          <input type=\"hidden\" value=\"\" name=\"recaptchaResponse\">\n                          <input type=\"hidden\" name=\"formServices\" value=\"ce99c0a9-ef12-5dff-8ee8-bc661fe14a45\">\n                          <input type=\"hidden\" name=\"siteKey\" value=\"6LcWuVYrAAAAAM_akdzUWXApF5wk0DflO4bjJ4E3\">\n                        <\/form>\n                      <\/div>\n                    <\/div>\n                  <\/div>\n                <\/div>\n              <\/div>\n            <\/div>\n          <\/div>\n        <\/div>\n      <\/div>\n    <\/section>\n    \n    \n    \n    \n    \n  \n<\/div>","protected":false},"excerpt":{"rendered":"<p>Contactez-nous 03 81 36 22 00 6, rue Ren\u00e9 Girardot25404 AUDINCOURT SUIVEZ-nous NOM E-mail Votre demande concerne La scolarit\u00e9 La r\u00e9mun\u00e9ration des stages L&rsquo;apprentissage Les stages Autres Message En soumettant ce formulaire, j&rsquo;accepte que les informations saisies dans ce formulaire soient trait\u00e9es pour permettre de me recontacter, pour m\u2019envoyer la newsletter. Soumettre Thank you! Your &#8230; <a title=\"Contact\" class=\"read-more\" href=\"https:\/\/2025.lycee-nelson-mandela.fr\/?page_id=541\" aria-label=\"En savoir plus sur Contact\">Lire la suite<\/a><\/p>\n","protected":false},"author":1,"featured_media":0,"parent":0,"menu_order":0,"comment_status":"closed","ping_status":"closed","template":"","meta":{"_uag_custom_page_level_css":"","footnotes":""},"class_list":["post-541","page","type-page","status-publish"],"uagb_featured_image_src":{"full":false,"thumbnail":false,"medium":false,"medium_large":false,"large":false,"1536x1536":false,"2048x2048":false},"uagb_author_info":{"display_name":"2025Ly_Admin","author_link":"https:\/\/2025.lycee-nelson-mandela.fr\/?author=1"},"uagb_comment_info":0,"uagb_excerpt":"Contactez-nous 03 81 36 22 00 6, rue Ren\u00e9 Girardot25404 AUDINCOURT SUIVEZ-nous NOM E-mail Votre demande concerne La scolarit\u00e9 La r\u00e9mun\u00e9ration des stages L'apprentissage Les stages Autres Message En soumettant ce formulaire, j'accepte que les informations saisies dans ce formulaire soient trait\u00e9es pour permettre de me recontacter, pour m\u2019envoyer la newsletter. Soumettre Thank you! Your\u2026","jetpack_sharing_enabled":true,"_links":{"self":[{"href":"https:\/\/2025.lycee-nelson-mandela.fr\/index.php?rest_route=\/wp\/v2\/pages\/541","targetHints":{"allow":["GET"]}}],"collection":[{"href":"https:\/\/2025.lycee-nelson-mandela.fr\/index.php?rest_route=\/wp\/v2\/pages"}],"about":[{"href":"https:\/\/2025.lycee-nelson-mandela.fr\/index.php?rest_route=\/wp\/v2\/types\/page"}],"author":[{"embeddable":true,"href":"https:\/\/2025.lycee-nelson-mandela.fr\/index.php?rest_route=\/wp\/v2\/users\/1"}],"replies":[{"embeddable":true,"href":"https:\/\/2025.lycee-nelson-mandela.fr\/index.php?rest_route=%2Fwp%2Fv2%2Fcomments&post=541"}],"version-history":[{"count":8,"href":"https:\/\/2025.lycee-nelson-mandela.fr\/index.php?rest_route=\/wp\/v2\/pages\/541\/revisions"}],"predecessor-version":[{"id":2236,"href":"https:\/\/2025.lycee-nelson-mandela.fr\/index.php?rest_route=\/wp\/v2\/pages\/541\/revisions\/2236"}],"wp:attachment":[{"href":"https:\/\/2025.lycee-nelson-mandela.fr\/index.php?rest_route=%2Fwp%2Fv2%2Fmedia&parent=541"}],"curies":[{"name":"wp","href":"https:\/\/api.w.org\/{rel}","templated":true}]}}