{"id":635,"date":"2024-11-15T14:55:58","date_gmt":"2024-11-15T14:55:58","guid":{"rendered":"https:\/\/2025.lycee-nelson-mandela.fr\/?page_id=635"},"modified":"2025-11-18T12:46:36","modified_gmt":"2025-11-18T12:46:36","slug":"famille-des-metiers","status":"publish","type":"page","link":"https:\/\/2025.lycee-nelson-mandela.fr\/?page_id=635","title":{"rendered":"Famille des m\u00e9tiers"},"content":{"rendered":"<div class=\"\" style=\"\" >\n    \n    <section class=\"u-align-center u-clearfix u-container-align-center u-section-2\" id=\"sec-20c4\">\n      <div class=\"u-clearfix u-sheet u-valign-middle u-sheet-1\">\n        <div class=\"u-expanded-width u-tab-links-align-justify u-tabs u-tabs-1\">\n          <ul class=\"u-tab-list u-unstyled\" role=\"tablist\"><li class=\"u-tab-item\" role=\"presentation\"><a class=\"active u-active-white u-border-6 u-border-active-palette-1-base u-border-grey-15 u-border-hover-grey-15 u-border-no-bottom u-border-no-left u-border-no-right u-button-style u-grey-10 u-hover-grey-10 u-tab-link u-tab-link-1\" id=\"link-tab-0da5\" href=\"#tab-0da5\" role=\"tab\" aria-controls=\"tab-0da5\" aria-selected=\"true\">Description<\/a>\n<\/li><li class=\"u-tab-item\" role=\"presentation\"><a class=\"u-active-white u-border-6 u-border-active-palette-1-base u-border-grey-15 u-border-hover-grey-15 u-border-no-bottom u-border-no-left u-border-no-right u-button-style u-grey-10 u-hover-grey-10 u-tab-link u-tab-link-2\" id=\"link-tab-14b7\" href=\"#tab-14b7\" role=\"tab\" aria-controls=\"tab-14b7\" aria-selected=\"false\">Specifications<\/a>\n<\/li><li class=\"u-tab-item\" role=\"presentation\"><a class=\"u-active-white u-border-6 u-border-active-palette-1-base u-border-grey-15 u-border-hover-grey-15 u-border-no-bottom u-border-no-left u-border-no-right u-button-style u-grey-10 u-hover-grey-10 u-tab-link u-tab-link-3\" id=\"link-tab-2917\" href=\"#tab-2917\" role=\"tab\" aria-controls=\"tab-2917\" aria-selected=\"false\">Reviews<\/a>\n<\/li><li class=\"u-tab-item u-tab-item-4\" role=\"presentation\"><a class=\"u-active-white u-border-6 u-border-active-palette-1-base u-border-grey-15 u-border-hover-grey-15 u-border-no-bottom u-border-no-left u-border-no-right u-button-style u-grey-10 u-hover-grey-10 u-tab-link u-tab-link-4\" id=\"tab-6ff1\" href=\"#link-tab-6ff1\" role=\"tab\" aria-controls=\"link-tab-6ff1\" aria-selected=\"false\">Questions<\/a>\n<\/li><\/ul>\n          <div class=\"u-tab-content\">\n            <div class=\"u-container-style u-tab-active u-tab-pane u-white u-tab-pane-1\" id=\"tab-0da5\" role=\"tabpanel\" aria-labelledby=\"link-tab-0da5\">\n              <div class=\"u-container-layout u-container-layout-1\">\n                <img decoding=\"async\" src=\"https:\/\/2025.lycee-nelson-mandela.fr\/wp-content\/uploads\/2025\/11\/c944f5d9420582c99ad6c4596e3e.jpeg\" alt=\"\" class=\"u-image u-image-default u-image-1\" data-image-width=\"1000\" data-image-height=\"1000\">\n                <h5 class=\"u-text u-text-default u-text-1\">\u00c0 propos de cet article<\/h5>\n                <p class=\"u-text u-text-2\">Sample text. Click to select the text box. Click again or double click to start editing the text.<\/p>\n                <div class=\"u-table u-table-responsive u-table-1\">\n                  <table class=\"u-table-entity\">\n                    <colgroup>\n                      <col width=\"50%\">\n                      <col width=\"50%\">\n                    <\/colgroup>\n                    <tbody class=\"u-table-body\">\n                      <tr style=\"height: 52px;\">\n                        <td class=\"u-border-2 u-border-grey-10 u-border-no-left u-border-no-right u-table-cell u-table-cell-1\">brand<\/td>\n                        <td class=\"u-border-2 u-border-grey-10 u-border-no-left u-border-no-right u-table-cell\">Xiaomi<\/td>\n                      <\/tr>\n                      <tr style=\"height: 53px;\">\n                        <td class=\"u-border-2 u-border-grey-10 u-border-no-left u-border-no-right u-table-cell u-table-cell-3\">Model<\/td>\n                        <td class=\"u-border-2 u-border-grey-10 u-border-no-left u-border-no-right u-table-cell\">Xiaomi Note 8<\/td>\n                      <\/tr>\n                      <tr style=\"height: 53px;\">\n                        <td class=\"u-border-2 u-border-grey-10 u-border-no-left u-border-no-right u-table-cell u-table-cell-5\">Cell Phone Type<\/td>\n                        <td class=\"u-border-2 u-border-grey-10 u-border-no-left u-border-no-right u-table-cell\">Unlocked Cell Phones<\/td>\n                      <\/tr>\n                      <tr style=\"height: 73px;\">\n                        <td class=\"u-border-2 u-border-grey-10 u-border-no-left u-border-no-right u-table-cell u-table-cell-7\">Cellular Network Technology<\/td>\n                        <td class=\"u-border-2 u-border-grey-10 u-border-no-left u-border-no-right u-table-cell\">GSM<\/td>\n                      <\/tr>\n                    <\/tbody>\n                  <\/table>\n                <\/div>\n              <\/div>\n            <\/div>\n            <div class=\"u-align-left u-container-align-left u-container-style u-tab-pane u-white u-tab-pane-2\" id=\"tab-14b7\" role=\"tabpanel\" aria-labelledby=\"link-tab-14b7\">\n              <div class=\"u-container-layout u-valign-top u-container-layout-2\">\n                <p class=\"u-text u-text-3\">Sample text. Click to select the text box. Click again or double click to start editing the text. Duis aute irure dolor in reprehenderit in voluptate velit esse cillum dolore eu fugiat nulla pariatur.<br style=\"\">\n                  <br style=\"\">Ut enim ad minim veniam, quis nostrud exercitation ullamco laboris nisi ut aliquip ex ea commodo consequat.&nbsp;Duis aute irure dolor in reprehenderit in voluptate velit esse cillum dolore eu fugiat nulla pariatur. \n                <\/p>\n              <\/div>\n            <\/div>\n            <div class=\"u-container-style u-tab-pane u-white u-tab-pane-3\" id=\"tab-2917\" role=\"tabpanel\" aria-labelledby=\"link-tab-2917\">\n              <div class=\"u-container-layout u-container-layout-3\">\n                <h4 class=\"u-text u-text-default u-text-4\">Soyez le premier a tester ce produit!<\/h4>\n                <p class=\"u-text u-text-default u-text-5\">Sample text. Click to select the text box. Click again or double click to start editing the text.<\/p>\n                <a href=\"#\" class=\"u-btn u-button-style u-btn-1\">r\u00e9diger un avis sur le produit<\/a>\n              <\/div>\n            <\/div>\n            <div class=\"u-container-style u-tab-pane u-white u-tab-pane-4\" id=\"link-tab-6ff1\" role=\"tabpanel\" aria-labelledby=\"tab-6ff1\">\n              <div class=\"u-container-layout u-container-layout-4\"><\/div>\n            <\/div>\n          <\/div>\n        <\/div>\n      <\/div>\n    <\/section>\n    <section class=\"u-align-left u-clearfix u-container-align-left u-section-3\" id=\"block-2\">\n      <div class=\"u-clearfix u-sheet u-valign-middle u-sheet-1\">\n        <div class=\"fr-view u-clearfix u-rich-text u-text u-text-1\">\n          <h1 id=\"isPasted\">Les familles de m\u00e9tiers ?<\/h1>\n          <p>La 2\u1d48\u1d49 pro est organis\u00e9e par familles de m\u00e9tiers dans la plupart des domaines. Chacune d\u2019entre elles regroupe plusieurs sp\u00e9cialit\u00e9s du bac pro. Objectif : permettre aux \u00e9l\u00e8ves de mieux conna\u00eetre un secteur professionnel et les comp\u00e9tences attendues avant de choisir un m\u00e9tier. \u00c0 noter, plus de 30 sp\u00e9cialit\u00e9s restent hors familles de m\u00e9tiers et sont accessibles d\u00e8s la classe de 2\u1d48\u1d49.<\/p>\n        <\/div>\n      <\/div>\n    <\/section>\n    <section class=\"u-clearfix u-section-4\" id=\"sec-7470\">\n      <div class=\"u-clearfix u-sheet u-sheet-1\">\n        <div class=\"u-rotation-parent u-rotation-parent-1\">\n          <div class=\"u-flip-horizontal u-flip-vertical u-shape u-shape-svg u-text-palette-4-dark-2 u-shape-1\">\n            <svg class=\"u-svg-link\" preserveAspectRatio=\"none\" viewBox=\"0 0 160 140\" style=\"\"><use xlink:href=\"#svg-aece\"><\/use><\/svg>\n            <svg class=\"u-svg-content\" viewBox=\"0 0 160 140\" x=\"0px\" y=\"0px\" id=\"svg-aece\" style=\"enable-background:new 0 0 160 140;\"><path d=\"M90,45H0v50h90v45l70-70L90,0V45z\"><\/path><\/svg>\n          <\/div>\n        <\/div>\n        <div class=\"u-palette-4-dark-2 u-shape u-shape-rectangle u-shape-2\"><\/div>\n        <p class=\"u-custom-font u-font-lato u-text u-text-default u-text-white u-text-1\">1MSPC <\/p>\n        <div class=\"u-rotation-parent u-rotation-parent-2\">\n          <div class=\"u-flip-horizontal u-flip-vertical u-shape u-shape-svg u-text-palette-4-dark-2 u-shape-3\">\n            <svg class=\"u-svg-link\" preserveAspectRatio=\"none\" viewBox=\"0 0 160 140\" style=\"\"><use xlink:href=\"#svg-46c2\"><\/use><\/svg>\n            <svg class=\"u-svg-content\" viewBox=\"0 0 160 140\" x=\"0px\" y=\"0px\" id=\"svg-46c2\" style=\"enable-background:new 0 0 160 140;\"><path d=\"M90,45H0v50h90v45l70-70L90,0V45z\"><\/path><\/svg>\n          <\/div>\n        <\/div>\n        <div class=\"u-container-style u-group u-palette-4-dark-2 u-group-1\">\n          <div class=\"u-container-layout u-container-layout-1\">\n            <p class=\"u-custom-font u-font-lato u-text u-text-default u-text-white u-text-2\">2MPMIA <\/p>\n          <\/div>\n        <\/div>\n        <div class=\"u-container-style u-group u-palette-4-dark-2 u-group-2\">\n          <div class=\"u-container-layout u-container-layout-2\">\n            <p class=\"u-custom-font u-font-lato u-text u-text-default u-text-white u-text-3\">TMSPC <\/p>\n          <\/div>\n        <\/div>\n        <div class=\"u-rotation-parent u-rotation-parent-3\">\n          <div class=\"u-flip-horizontal u-flip-vertical u-shape u-shape-svg u-text-black u-shape-4\">\n            <svg class=\"u-svg-link\" preserveAspectRatio=\"none\" viewBox=\"0 0 160 140\" style=\"\"><use xlink:href=\"#svg-434f\"><\/use><\/svg>\n            <svg class=\"u-svg-content\" viewBox=\"0 0 160 140\" x=\"0px\" y=\"0px\" id=\"svg-434f\" style=\"enable-background:new 0 0 160 140;\"><path d=\"M90,45H0v50h90v45l70-70L90,0V45z\"><\/path><\/svg>\n          <\/div>\n        <\/div>\n        <div class=\"u-flip-horizontal u-flip-vertical u-shape u-shape-svg u-text-black u-shape-5\">\n          <svg class=\"u-svg-link\" preserveAspectRatio=\"none\" viewBox=\"0 0 160 140\" style=\"\"><use xlink:href=\"#svg-6ed5\"><\/use><\/svg>\n          <svg class=\"u-svg-content\" viewBox=\"0 0 160 140\" x=\"0px\" y=\"0px\" id=\"svg-6ed5\" style=\"enable-background:new 0 0 160 140;\"><path d=\"M90,45H0v50h90v45l70-70L90,0V45z\"><\/path><\/svg>\n        <\/div>\n        <div class=\"u-align-center u-container-align-center u-container-style u-group u-palette-5-dark-2 u-group-3\">\n          <div class=\"u-container-layout u-container-layout-3\">\n            <p class=\"u-custom-font u-font-lato u-text u-text-4\">2MTNE <\/p>\n          <\/div>\n        <\/div>\n        <div class=\"u-align-center u-container-align-center u-container-style u-custom-color-13 u-group u-preserve-proportions u-group-4\">\n          <div class=\"u-container-layout u-container-layout-4\">\n            <p class=\"u-custom-font u-font-lato u-text u-text-5\">2MH<span style=\"font-weight: 700;\"><\/span>RA\/B \n            <\/p>\n          <\/div>\n        <\/div>\n        <div class=\"u-rotation-parent u-rotation-parent-4\">\n          <div class=\"u-preserve-proportions u-shape u-shape-svg u-text-custom-color-13 u-shape-6\">\n            <svg class=\"u-svg-link\" preserveAspectRatio=\"none\" viewBox=\"0 0 160 140\" style=\"\"><use xlink:href=\"#svg-8366\"><\/use><\/svg>\n            <svg class=\"u-svg-content\" viewBox=\"0 0 160 140\" x=\"0px\" y=\"0px\" id=\"svg-8366\" style=\"enable-background:new 0 0 160 140;\"><path d=\"M90,45H0v50h90v45l70-70L90,0V45z\"><\/path><\/svg>\n          <\/div>\n        <\/div>\n        <div class=\"u-flip-vertical u-shape u-shape-svg u-text-black u-shape-7\">\n          <svg class=\"u-svg-link\" preserveAspectRatio=\"none\" viewBox=\"0 0 160 140\" style=\"\"><use xlink:href=\"#svg-c181\"><\/use><\/svg>\n          <svg class=\"u-svg-content\" viewBox=\"0 0 160 140\" x=\"0px\" y=\"0px\" id=\"svg-c181\" style=\"enable-background:new 0 0 160 140;\"><path d=\"M90,45H0v50h90v45l70-70L90,0V45z\"><\/path><\/svg>\n        <\/div>\n        <div class=\"custom-expanded u-align-center u-container-align-center u-container-style u-group u-white u-group-5\">\n          <div class=\"u-container-layout u-valign-middle u-container-layout-5\">\n            <p class=\"u-custom-font u-font-lato u-text u-text-default u-text-6\"><b>DANS NOTRE LYC\u00c9E LES FAMILLES DES M\u00c9TIERS SONT&nbsp;<\/b>\n            <\/p>\n          <\/div>\n        <\/div>\n        <div class=\"u-rotation-parent u-rotation-parent-5\">\n          <div class=\"u-flip-horizontal u-shape u-shape-svg u-text-black u-shape-8\">\n            <svg class=\"u-svg-link\" preserveAspectRatio=\"none\" viewBox=\"0 0 160 140\" style=\"\"><use xlink:href=\"#svg-b6e4\"><\/use><\/svg>\n            <svg class=\"u-svg-content\" viewBox=\"0 0 160 140\" x=\"0px\" y=\"0px\" id=\"svg-b6e4\" style=\"enable-background:new 0 0 160 140;\"><path d=\"M90,45H0v50h90v45l70-70L90,0V45z\"><\/path><\/svg>\n          <\/div>\n        <\/div>\n        <div class=\"u-rotation-parent u-rotation-parent-6\">\n          <div class=\"u-preserve-proportions u-shape u-shape-svg u-text-custom-color-13 u-shape-9\">\n            <svg class=\"u-svg-link\" preserveAspectRatio=\"none\" viewBox=\"0 0 160 140\" style=\"\"><use xlink:href=\"#svg-3692\"><\/use><\/svg>\n            <svg class=\"u-svg-content\" viewBox=\"0 0 160 140\" x=\"0px\" y=\"0px\" id=\"svg-3692\" style=\"enable-background:new 0 0 160 140;\"><path d=\"M90,45H0v50h90v45l70-70L90,0V45z\"><\/path><\/svg>\n          <\/div>\n        <\/div>\n        <div class=\"u-rotation-parent u-rotation-parent-7\">\n          <div class=\"u-shape u-shape-svg u-text-grey-60 u-shape-10\">\n            <svg class=\"u-svg-link\" preserveAspectRatio=\"none\" viewBox=\"0 0 160 140\" style=\"\"><use xlink:href=\"#svg-2679\"><\/use><\/svg>\n            <svg class=\"u-svg-content\" viewBox=\"0 0 160 140\" x=\"0px\" y=\"0px\" id=\"svg-2679\" style=\"enable-background:new 0 0 160 140;\"><path d=\"M90,45H0v50h90v45l70-70L90,0V45z\"><\/path><\/svg>\n          <\/div>\n        <\/div>\n        <div class=\"u-align-center u-container-align-center u-container-style u-group u-palette-5-dark-2 u-group-6\">\n          <div class=\"u-container-layout u-container-layout-6\">\n            <p class=\"u-custom-font u-font-lato u-text u-text-7\">1MELEC <\/p>\n          <\/div>\n        <\/div>\n        <div class=\"u-rotation-parent u-rotation-parent-8\">\n          <div class=\"u-shape u-shape-svg u-text-grey-60 u-shape-11\">\n            <svg class=\"u-svg-link\" preserveAspectRatio=\"none\" viewBox=\"0 0 160 140\" style=\"\"><use xlink:href=\"#svg-992b\"><\/use><\/svg>\n            <svg class=\"u-svg-content\" viewBox=\"0 0 160 140\" x=\"0px\" y=\"0px\" id=\"svg-992b\" style=\"enable-background:new 0 0 160 140;\"><path d=\"M90,45H0v50h90v45l70-70L90,0V45z\"><\/path><\/svg>\n          <\/div>\n        <\/div>\n        <div class=\"u-align-center u-container-align-center u-container-style u-custom-color-13 u-group u-preserve-proportions u-group-7\">\n          <div class=\"u-container-layout u-container-layout-7\">\n            <p class=\"u-custom-font u-font-lato u-text u-text-8\">1CSRCUIB <\/p>\n          <\/div>\n        <\/div>\n        <div class=\"u-rotation-parent u-rotation-parent-9\">\n          <div class=\"u-preserve-proportions u-shape u-shape-svg u-text-custom-color-13 u-shape-12\">\n            <svg class=\"u-svg-link\" preserveAspectRatio=\"none\" viewBox=\"0 0 160 140\" style=\"\"><use xlink:href=\"#svg-b882\"><\/use><\/svg>\n            <svg class=\"u-svg-content\" viewBox=\"0 0 160 140\" x=\"0px\" y=\"0px\" id=\"svg-b882\" style=\"enable-background:new 0 0 160 140;\"><path d=\"M90,45H0v50h90v45l70-70L90,0V45z\"><\/path><\/svg>\n          <\/div>\n        <\/div>\n        <div class=\"u-align-center u-container-align-center u-container-style u-custom-color-13 u-group u-preserve-proportions u-group-8\">\n          <div class=\"u-container-layout u-container-layout-8\">\n            <p class=\"u-custom-font u-font-lato u-text u-text-9\">TCSRCUIB <\/p>\n          <\/div>\n        <\/div>\n        <div class=\"u-align-center u-container-align-center u-container-style u-custom-color-13 u-group u-preserve-proportions u-group-9\">\n          <div class=\"u-container-layout u-container-layout-9\">\n            <p class=\"u-custom-font u-font-lato u-text u-text-10\">1CSRCUIA <\/p>\n          <\/div>\n        <\/div>\n        <div class=\"u-align-center u-container-align-center u-container-style u-custom-color-13 u-group u-preserve-proportions u-group-10\">\n          <div class=\"u-container-layout u-container-layout-10\">\n            <p class=\"u-custom-font u-font-lato u-text u-text-11\">TCSRCUIA<\/p>\n          <\/div>\n        <\/div>\n        <div class=\"u-rotation-parent u-rotation-parent-10\">\n          <div class=\"u-preserve-proportions u-shape u-shape-svg u-text-custom-color-13 u-shape-13\">\n            <svg class=\"u-svg-link\" preserveAspectRatio=\"none\" viewBox=\"0 0 160 140\" style=\"\"><use xlink:href=\"#svg-1ee5\"><\/use><\/svg>\n            <svg class=\"u-svg-content\" viewBox=\"0 0 160 140\" x=\"0px\" y=\"0px\" id=\"svg-1ee5\" style=\"enable-background:new 0 0 160 140;\"><path d=\"M90,45H0v50h90v45l70-70L90,0V45z\"><\/path><\/svg>\n          <\/div>\n        <\/div>\n        <div class=\"u-palette-3-base u-shape u-shape-rectangle u-shape-14\"><\/div>\n        <p class=\"u-custom-font u-font-lato u-text u-text-default u-text-white u-text-12\">2MRC <\/p>\n        <div class=\"u-rotation-parent u-rotation-parent-11\">\n          <div class=\"u-flip-horizontal u-shape u-shape-svg u-text-palette-3-base u-shape-15\">\n            <svg class=\"u-svg-link\" preserveAspectRatio=\"none\" viewBox=\"0 0 160 140\" style=\"\"><use xlink:href=\"#svg-cfc6\"><\/use><\/svg>\n            <svg class=\"u-svg-content\" viewBox=\"0 0 160 140\" x=\"0px\" y=\"0px\" id=\"svg-cfc6\" style=\"enable-background:new 0 0 160 140;\"><path d=\"M90,45H0v50h90v45l70-70L90,0V45z\"><\/path><\/svg>\n          <\/div>\n        <\/div>\n        <div class=\"u-palette-3-base u-preserve-proportions u-shape u-shape-rectangle u-shape-16\"><\/div>\n        <p class=\"u-custom-font u-font-lato u-text u-text-default u-text-white u-text-13\">1MCV <\/p>\n        <div class=\"u-align-center u-container-align-center u-container-style u-group u-palette-5-dark-2 u-group-11\">\n          <div class=\"u-container-layout u-container-layout-11\">\n            <p class=\"u-custom-font u-font-lato u-text u-text-14\">TMELEC <\/p>\n          <\/div>\n        <\/div>\n        <div class=\"u-rotation-parent u-rotation-parent-12\">\n          <div class=\"u-flip-horizontal u-shape u-shape-svg u-text-palette-3-base u-shape-17\">\n            <svg class=\"u-svg-link\" preserveAspectRatio=\"none\" viewBox=\"0 0 160 140\" style=\"\"><use xlink:href=\"#svg-74de\"><\/use><\/svg>\n            <svg class=\"u-svg-content\" viewBox=\"0 0 160 140\" x=\"0px\" y=\"0px\" id=\"svg-74de\" style=\"enable-background:new 0 0 160 140;\"><path d=\"M90,45H0v50h90v45l70-70L90,0V45z\"><\/path><\/svg>\n          <\/div>\n        <\/div>\n        <div class=\"u-palette-3-base u-preserve-proportions u-shape u-shape-rectangle u-shape-18\"><\/div>\n        <p class=\"u-custom-font u-font-lato u-text u-text-default u-text-white u-text-15\">TMCV <\/p>\n      <\/div>\n    <\/section>\n    \n    \n    \n    \n    \n  \n<\/div>","protected":false},"excerpt":{"rendered":"<p>Description Specifications Reviews Questions \u00c0 propos de cet article Sample text. Click to select the text box. Click again or double click to start editing the text. brand Xiaomi Model Xiaomi Note 8 Cell Phone Type Unlocked Cell Phones Cellular Network Technology GSM Sample text. Click to select the text box. Click again or double &#8230; <a title=\"Famille des m\u00e9tiers\" class=\"read-more\" href=\"https:\/\/2025.lycee-nelson-mandela.fr\/?page_id=635\" aria-label=\"En savoir plus sur Famille des m\u00e9tiers\">Lire la suite<\/a><\/p>\n","protected":false},"author":1,"featured_media":0,"parent":913,"menu_order":0,"comment_status":"closed","ping_status":"closed","template":"","meta":{"_uag_custom_page_level_css":"","footnotes":""},"class_list":["post-635","page","type-page","status-publish"],"uagb_featured_image_src":{"full":false,"thumbnail":false,"medium":false,"medium_large":false,"large":false,"1536x1536":false,"2048x2048":false},"uagb_author_info":{"display_name":"2025Ly_Admin","author_link":"https:\/\/2025.lycee-nelson-mandela.fr\/?author=1"},"uagb_comment_info":0,"uagb_excerpt":"Description Specifications Reviews Questions \u00c0 propos de cet article Sample text. Click to select the text box. Click again or double click to start editing the text. brand Xiaomi Model Xiaomi Note 8 Cell Phone Type Unlocked Cell Phones Cellular Network Technology GSM Sample text. Click to select the text box. Click again or double\u2026","jetpack_sharing_enabled":true,"_links":{"self":[{"href":"https:\/\/2025.lycee-nelson-mandela.fr\/index.php?rest_route=\/wp\/v2\/pages\/635","targetHints":{"allow":["GET"]}}],"collection":[{"href":"https:\/\/2025.lycee-nelson-mandela.fr\/index.php?rest_route=\/wp\/v2\/pages"}],"about":[{"href":"https:\/\/2025.lycee-nelson-mandela.fr\/index.php?rest_route=\/wp\/v2\/types\/page"}],"author":[{"embeddable":true,"href":"https:\/\/2025.lycee-nelson-mandela.fr\/index.php?rest_route=\/wp\/v2\/users\/1"}],"replies":[{"embeddable":true,"href":"https:\/\/2025.lycee-nelson-mandela.fr\/index.php?rest_route=%2Fwp%2Fv2%2Fcomments&post=635"}],"version-history":[{"count":16,"href":"https:\/\/2025.lycee-nelson-mandela.fr\/index.php?rest_route=\/wp\/v2\/pages\/635\/revisions"}],"predecessor-version":[{"id":2055,"href":"https:\/\/2025.lycee-nelson-mandela.fr\/index.php?rest_route=\/wp\/v2\/pages\/635\/revisions\/2055"}],"up":[{"embeddable":true,"href":"https:\/\/2025.lycee-nelson-mandela.fr\/index.php?rest_route=\/wp\/v2\/pages\/913"}],"wp:attachment":[{"href":"https:\/\/2025.lycee-nelson-mandela.fr\/index.php?rest_route=%2Fwp%2Fv2%2Fmedia&parent=635"}],"curies":[{"name":"wp","href":"https:\/\/api.w.org\/{rel}","templated":true}]}}