{"id":67,"date":"2024-11-14T10:32:38","date_gmt":"2024-11-14T10:32:38","guid":{"rendered":"https:\/\/2025.lycee-nelson-mandela.fr\/?page_id=67"},"modified":"2026-02-27T12:06:03","modified_gmt":"2026-02-27T12:06:03","slug":"bts-epc","status":"publish","type":"page","link":"https:\/\/2025.lycee-nelson-mandela.fr\/?page_id=67","title":{"rendered":"BTS EPC"},"content":{"rendered":"<div class=\"\" style=\"\" >\n    \n    <section class=\"u-align-left u-clearfix u-container-align-left u-custom-color-28 u-section-2\" src=\"\" data-image-width=\"1080\" data-image-height=\"1080\" id=\"block-2\">\n      <div class=\"u-clearfix u-sheet u-valign-middle u-sheet-1\">\n        <div class=\"custom-expanded u-align-left-lg u-align-left-md u-align-left-sm u-align-left-xl u-container-style u-group u-shading u-group-1\">\n          <div class=\"u-container-layout u-valign-middle-lg u-valign-middle-md u-valign-middle-sm u-container-layout-1\">\n            <h2 class=\"u-align-center-lg u-align-center-md u-align-center-sm u-align-center-xl u-align-left-xs u-text u-text-default u-text-1\">BTS<\/h2>\n            <p class=\"u-align-center u-large-text u-text u-text-variant u-text-2\"> EPC<\/p>\n            <img decoding=\"async\" class=\"u-image u-image-contain u-image-default u-preserve-proportions u-image-1\" src=\"https:\/\/2025.lycee-nelson-mandela.fr\/wp-content\/uploads\/2024\/11\/Logo_plasturgie-11-1.webp\" alt=\"\" data-image-width=\"91\" data-image-height=\"119\">\n            <blockquote class=\"u-align-center u-text u-text-3\"> Europlastic et Composites<\/blockquote>\n          <\/div>\n        <\/div>\n      <\/div>\n    <\/section>\n    <section class=\"u-align-center u-clearfix u-container-align-center u-section-3\" id=\"block-3\">\n      <div class=\"u-clearfix u-sheet u-valign-middle-lg u-valign-middle-md u-valign-middle-sm u-sheet-1\">\n        <div class=\"u-expanded-width u-layout-grid u-list u-list-1\">\n          <div class=\"u-repeater u-repeater-1\">\n            <div class=\"u-align-left-xs u-container-style u-list-item u-repeater-item u-video-cover u-white u-list-item-1\">\n              <div class=\"u-container-layout u-similar-container u-valign-bottom-xs u-valign-top-lg u-valign-top-md u-valign-top-sm u-valign-top-xl u-container-layout-1\">\n                <h4 class=\"u-align-center-lg u-align-center-xl u-align-left-md u-align-left-sm u-text u-text-custom-color-28 u-text-1\"> Vous recherchez un m\u00e9tier :<\/h4>\n                <p class=\"u-align-left-lg u-align-left-md u-align-left-sm u-align-left-xl u-text u-text-default u-text-2\"> de technicien(ne) sup\u00e9rieur(e), polyvalent(e) et qualifi\u00e9(e), au c\u0153ur des proc\u00e9d\u00e9s industriels, de l\u2019optimisation de la production et de la qualit\u00e9.&nbsp;<br>\n                <\/p>\n              <\/div>\n            <\/div>\n            <div class=\"u-align-left-xs u-container-style u-list-item u-repeater-item u-video-cover u-white u-list-item-2\">\n              <div class=\"u-container-layout u-similar-container u-valign-bottom-xs u-valign-top-lg u-valign-top-md u-valign-top-sm u-valign-top-xl u-container-layout-2\">\n                <h4 class=\"u-align-center-lg u-align-center-xl u-align-left-md u-align-left-sm u-text u-text-custom-color-28 u-text-3\"> Vous devenez :<\/h4>\n                <p class=\"u-align-left-lg u-align-left-md u-align-left-sm u-align-left-xl u-text u-text-default u-text-4\"> \u2022\ttechnicien(ne) sup\u00e9rieur(e) en plasturgie et composites <br>\u2022\tr\u00e9gleur(se) expert(e) <br>\u2022\ttechnicien(ne) m\u00e9thodes \/ industrialisation <br>\u2022\tchef(fe) d\u2019\u00e9quipe ou assistant(e) ing\u00e9nieur(e)\n                <\/p>\n              <\/div>\n            <\/div>\n            <div class=\"u-align-left-xs u-container-style u-list-item u-repeater-item u-white u-list-item-3\">\n              <div class=\"u-container-layout u-similar-container u-valign-bottom-xs u-valign-top-lg u-valign-top-md u-valign-top-sm u-valign-top-xl u-container-layout-3\">\n                <h4 class=\"u-align-center-lg u-align-center-xl u-align-left-md u-align-left-sm u-text u-text-custom-color-28 u-text-5\"> Formation ouverte : <\/h4>\n                <p class=\"u-align-left-lg u-align-left-md u-align-left-sm u-align-left-xl u-text u-text-default u-text-6\"> \u2022\taux titulaires d\u2019un Bac Professionnel industriel (Plastiques et Composites, MSPC, HPS,...) <br>\u2022\taux bacheliers g\u00e9n\u00e9raux ou technologiques (STI2D, STL,\u2026)\n                <\/p>\n              <\/div>\n            <\/div>\n            <div class=\"u-align-left-xs u-container-style u-list-item u-repeater-item u-video-cover u-white u-list-item-4\">\n              <div class=\"u-container-layout u-similar-container u-valign-bottom-xs u-valign-top-lg u-valign-top-md u-valign-top-sm u-valign-top-xl u-container-layout-4\">\n                <h4 class=\"u-align-center-lg u-align-center-xl u-align-left-md u-align-left-sm u-text u-text-custom-color-28 u-text-7\">Les +<\/h4>\n                <p class=\"u-align-left-lg u-align-left-md u-align-left-sm u-align-left-xl u-text u-text-default u-text-8\"> \u2022\tformation reconnue au niveau europ\u00e9en <br>\u2022\tplateaux techniques industriels performants <br>\u2022\tma\u00eetrise approfondie des proc\u00e9d\u00e9s : <br> - injection <br> - extrusion <br> - thermoformage <br> - composites <br>\u2022\tlaboratoire d\u2019essais et de contr\u00f4le mat\u00e9riaux <br>\u2022\toption : valorisation et recyclage des mati\u00e8res plastiques <br>\u2022\tint\u00e9gration au dispositif national mentorat entreprises (P-TECH) <br>\u2022\tapprentissage possible <br>\u2022\ttr\u00e8s forte employabilit\u00e9\n                <\/p>\n              <\/div>\n            <\/div>\n            <div class=\"u-align-left-xs u-container-style u-list-item u-repeater-item u-video-cover u-white u-list-item-5\">\n              <div class=\"u-container-layout u-similar-container u-valign-bottom-xs u-valign-top-lg u-valign-top-md u-valign-top-sm u-valign-top-xl u-container-layout-5\">\n                <h4 class=\"u-align-center-lg u-align-center-xl u-align-left-md u-align-left-sm u-text u-text-custom-color-28 u-text-9\"> Poursuite :<\/h4>\n                <p class=\"u-align-left-lg u-align-left-md u-align-left-sm u-align-left-xl u-text u-text-default u-text-10\"> \u2022\tLicence Professionnelle Eco3P (CNAM) <br>\u2022\tEcoles d'ing\u00e9nieur <br>\u2022\tMasters industriels et QSE\n                <\/p>\n              <\/div>\n            <\/div>\n            <div class=\"u-align-left-xs u-container-style u-list-item u-repeater-item u-video-cover u-white u-list-item-6\">\n              <div class=\"u-container-layout u-similar-container u-valign-bottom-xs u-valign-top-lg u-valign-top-md u-valign-top-sm u-valign-top-xl u-container-layout-6\">\n                <h4 class=\"u-align-center-lg u-align-center-xl u-align-left-md u-align-left-sm u-text u-text-custom-color-28 u-text-11\">&nbsp; &nbsp; &nbsp; &nbsp;<\/h4>\n                <p class=\"u-align-left-lg u-align-left-md u-align-left-sm u-align-left-xl u-text u-text-default u-text-12\">&nbsp;<\/p>\n              <\/div>\n            <\/div>\n          <\/div>\n        <\/div>\n      <\/div>\n    <\/section>\n    \n    \n    \n    \n    \n  \n<\/div>","protected":false},"excerpt":{"rendered":"<p>BTS EPC Europlastic et Composites Vous recherchez un m\u00e9tier : de technicien(ne) sup\u00e9rieur(e), polyvalent(e) et qualifi\u00e9(e), au c\u0153ur des proc\u00e9d\u00e9s industriels, de l\u2019optimisation de la production et de la qualit\u00e9.&nbsp; Vous devenez : \u2022 technicien(ne) sup\u00e9rieur(e) en plasturgie et composites \u2022 r\u00e9gleur(se) expert(e) \u2022 technicien(ne) m\u00e9thodes \/ industrialisation \u2022 chef(fe) d\u2019\u00e9quipe ou assistant(e) ing\u00e9nieur(e) Formation &#8230; <a title=\"BTS EPC\" class=\"read-more\" href=\"https:\/\/2025.lycee-nelson-mandela.fr\/?page_id=67\" aria-label=\"En savoir plus sur BTS EPC\">Lire la suite<\/a><\/p>\n","protected":false},"author":1,"featured_media":0,"parent":913,"menu_order":0,"comment_status":"closed","ping_status":"closed","template":"","meta":{"_uag_custom_page_level_css":"","footnotes":""},"class_list":["post-67","page","type-page","status-publish"],"uagb_featured_image_src":{"full":false,"thumbnail":false,"medium":false,"medium_large":false,"large":false,"1536x1536":false,"2048x2048":false},"uagb_author_info":{"display_name":"2025Ly_Admin","author_link":"https:\/\/2025.lycee-nelson-mandela.fr\/?author=1"},"uagb_comment_info":0,"uagb_excerpt":"BTS EPC Europlastic et Composites Vous recherchez un m\u00e9tier : de technicien(ne) sup\u00e9rieur(e), polyvalent(e) et qualifi\u00e9(e), au c\u0153ur des proc\u00e9d\u00e9s industriels, de l\u2019optimisation de la production et de la qualit\u00e9.&nbsp; Vous devenez : \u2022 technicien(ne) sup\u00e9rieur(e) en plasturgie et composites \u2022 r\u00e9gleur(se) expert(e) \u2022 technicien(ne) m\u00e9thodes \/ industrialisation \u2022 chef(fe) d\u2019\u00e9quipe ou assistant(e) ing\u00e9nieur(e) Formation\u2026","jetpack_sharing_enabled":true,"_links":{"self":[{"href":"https:\/\/2025.lycee-nelson-mandela.fr\/index.php?rest_route=\/wp\/v2\/pages\/67","targetHints":{"allow":["GET"]}}],"collection":[{"href":"https:\/\/2025.lycee-nelson-mandela.fr\/index.php?rest_route=\/wp\/v2\/pages"}],"about":[{"href":"https:\/\/2025.lycee-nelson-mandela.fr\/index.php?rest_route=\/wp\/v2\/types\/page"}],"author":[{"embeddable":true,"href":"https:\/\/2025.lycee-nelson-mandela.fr\/index.php?rest_route=\/wp\/v2\/users\/1"}],"replies":[{"embeddable":true,"href":"https:\/\/2025.lycee-nelson-mandela.fr\/index.php?rest_route=%2Fwp%2Fv2%2Fcomments&post=67"}],"version-history":[{"count":15,"href":"https:\/\/2025.lycee-nelson-mandela.fr\/index.php?rest_route=\/wp\/v2\/pages\/67\/revisions"}],"predecessor-version":[{"id":2300,"href":"https:\/\/2025.lycee-nelson-mandela.fr\/index.php?rest_route=\/wp\/v2\/pages\/67\/revisions\/2300"}],"up":[{"embeddable":true,"href":"https:\/\/2025.lycee-nelson-mandela.fr\/index.php?rest_route=\/wp\/v2\/pages\/913"}],"wp:attachment":[{"href":"https:\/\/2025.lycee-nelson-mandela.fr\/index.php?rest_route=%2Fwp%2Fv2%2Fmedia&parent=67"}],"curies":[{"name":"wp","href":"https:\/\/api.w.org\/{rel}","templated":true}]}}