{"id":88,"date":"2024-11-14T08:58:11","date_gmt":"2024-11-14T08:58:11","guid":{"rendered":"https:\/\/2025.lycee-nelson-mandela.fr\/?page_id=88"},"modified":"2026-02-27T12:47:40","modified_gmt":"2026-02-27T12:47:40","slug":"licence-pro-plastique","status":"publish","type":"page","link":"https:\/\/2025.lycee-nelson-mandela.fr\/?page_id=88","title":{"rendered":"LICENCE PRO PLASTIQUE"},"content":{"rendered":"<div class=\"\" style=\"\" >\n    \n    <section class=\"u-align-left u-clearfix u-container-align-left u-custom-color-28 u-section-2\" src=\"\" data-image-width=\"1080\" data-image-height=\"1080\" id=\"block-2\">\n      <div class=\"u-clearfix u-sheet u-valign-middle u-sheet-1\">\n        <div class=\"custom-expanded u-align-left u-container-style u-group u-shading u-group-1\">\n          <div class=\"u-container-layout u-container-layout-1\">\n            <h2 class=\"u-align-center u-text u-text-default u-text-1\"> LICENCE PROFESSIONNELLE<\/h2>\n            <p class=\"u-align-center u-large-text u-text u-text-variant u-text-2\"> Eco 3P<\/p>\n            <img decoding=\"async\" class=\"u-image u-image-contain u-image-default u-preserve-proportions u-image-1\" src=\"https:\/\/2025.lycee-nelson-mandela.fr\/wp-content\/uploads\/2024\/11\/Logo_plasturgie-11-1.webp\" alt=\"\" data-image-width=\"91\" data-image-height=\"119\">\n            <blockquote class=\"u-align-center u-text u-text-3\"> \u00c9coconception de Produits et Processus pour la Plasturgie<\/blockquote>\n          <\/div>\n        <\/div>\n      <\/div>\n    <\/section>\n    <section class=\"u-align-center u-clearfix u-container-align-center u-section-3\" id=\"block-3\">\n      <div class=\"u-clearfix u-sheet u-valign-middle-lg u-valign-middle-md u-valign-middle-sm u-sheet-1\">\n        <div class=\"u-expanded-width u-layout-grid u-list u-list-1\">\n          <div class=\"u-repeater u-repeater-1\">\n            <div class=\"u-align-left-xs u-container-style u-list-item u-repeater-item u-video-cover u-white u-list-item-1\">\n              <div class=\"u-container-layout u-similar-container u-valign-bottom-xs u-valign-top-lg u-valign-top-md u-valign-top-sm u-valign-top-xl u-container-layout-1\">\n                <h4 class=\"u-align-center-lg u-align-center-xl u-align-left-md u-align-left-sm u-text u-text-custom-color-28 u-text-1\"> Vous recherchez un m\u00e9tier :<\/h4>\n                <p class=\"u-align-left-lg u-align-left-md u-align-left-sm u-align-left-xl u-text u-text-default u-text-2\"> de technicien(ne) sup\u00e9rieur(e) expert(e) ou de charg\u00e9(e) de projets, int\u00e9grant innovation, performance industrielle et transition \u00e9cologique.<br>\n                <\/p>\n              <\/div>\n            <\/div>\n            <div class=\"u-align-left-xs u-container-style u-list-item u-repeater-item u-video-cover u-white u-list-item-2\">\n              <div class=\"u-container-layout u-similar-container u-valign-bottom-xs u-valign-top-lg u-valign-top-md u-valign-top-sm u-valign-top-xl u-container-layout-2\">\n                <h4 class=\"u-align-center-lg u-align-center-xl u-align-left-md u-align-left-sm u-text u-text-custom-color-28 u-text-3\"> Vous devenez :<\/h4>\n                <p class=\"u-align-left-lg u-align-left-md u-align-left-sm u-align-left-xl u-text u-text-default u-text-4\"> \u2022\ttechnicien(ne) sup\u00e9rieur(e) bureau d\u2019\u00e9tudes mat\u00e9riaux <br>\u2022\ttechnicien(ne) sup\u00e9rieur(e) d\u2019analyses et d\u2019essais <br>\u2022\tresponsable d\u2019industrialisation et de fabrication <br>\u2022\tcharg\u00e9(e) de projets en plasturgie et \u00e9coconception <br>\u2022\tassistant(e) ing\u00e9nieur(e)\n                <\/p>\n              <\/div>\n            <\/div>\n            <div class=\"u-align-left-xs u-container-style u-list-item u-repeater-item u-white u-list-item-3\">\n              <div class=\"u-container-layout u-similar-container u-valign-bottom-xs u-valign-top-lg u-valign-top-md u-valign-top-sm u-valign-top-xl u-container-layout-3\">\n                <h4 class=\"u-align-center-lg u-align-center-xl u-align-left-md u-align-left-sm u-text u-text-custom-color-28 u-text-5\"> Formation ouverte : <\/h4>\n                <p class=\"u-align-left-lg u-align-left-md u-align-left-sm u-align-left-xl u-text u-text-default u-text-6\"> \u2022\taux titulaires d\u2019un Bac +2 <br>\u2022\tBTS EuroPlastics et Composites <br>\u2022\tBTS CPI, ATI, CIM, CPRP <br>\u2022\tDUT \/ BUT GMP, GP, Sciences des mat\u00e9riaux\n                <\/p>\n              <\/div>\n            <\/div>\n            <div class=\"u-align-left-xs u-container-style u-list-item u-repeater-item u-video-cover u-white u-list-item-4\">\n              <div class=\"u-container-layout u-similar-container u-valign-bottom-xs u-valign-top-lg u-valign-top-md u-valign-top-sm u-valign-top-xl u-container-layout-4\">\n                <h4 class=\"u-align-center-lg u-align-center-xl u-align-left-md u-align-left-sm u-text u-text-custom-color-28 u-text-7\">Les +<\/h4>\n                <p class=\"u-align-left-lg u-align-left-md u-align-left-sm u-align-left-xl u-text u-text-default u-text-8\"> \u2022\tlicence dipl\u00f4mante du CNAM <br>\u2022\tformation en alternance <br>\u2022\tsp\u00e9cialisation forte en \u00e9coconception et plasturgie durable <br>\u2022\tcomp\u00e9tences transverses recherch\u00e9es <br>\u2022\tanglais professionnel, Communication, Management op\u00e9rationnel, Qualit\u00e9, S\u00e9curit\u00e9, Environnement <br>\u2022\tma\u00eetrise des mat\u00e9riaux polym\u00e8res : Structure, propri\u00e9t\u00e9s, caract\u00e9risation <br>\u2022\tproc\u00e9d\u00e9s et technologies avanc\u00e9es : injection, extrusion, thermoformage, fabrication additive, robotique et automatismes\n                <\/p>\n              <\/div>\n            <\/div>\n            <div class=\"u-align-left-xs u-container-style u-list-item u-repeater-item u-video-cover u-white u-list-item-5\">\n              <div class=\"u-container-layout u-similar-container u-valign-bottom-xs u-valign-top-lg u-valign-top-md u-valign-top-sm u-valign-top-xl u-container-layout-5\">\n                <h4 class=\"u-align-center-lg u-align-center-xl u-align-left-md u-align-left-sm u-text u-text-custom-color-28 u-text-9\"> Poursuite :<\/h4>\n                <p class=\"u-align-left-lg u-align-left-md u-align-left-sm u-align-left-xl u-text u-text-default u-text-10\"> \u2022\tMasters : management industriel, QSE, conception <br>\u2022\t\u00c9coles d\u2019ing\u00e9nieur : g\u00e9nie industriel, mat\u00e9riaux, environnement et production&nbsp;\n                <\/p>\n              <\/div>\n            <\/div>\n            <div class=\"u-align-left-xs u-container-style u-list-item u-repeater-item u-video-cover u-white u-list-item-6\">\n              <div class=\"u-container-layout u-similar-container u-valign-bottom-xs u-valign-top-lg u-valign-top-md u-valign-top-sm u-valign-top-xl u-container-layout-6\">\n                <h4 class=\"u-align-center-lg u-align-center-xl u-align-left-md u-align-left-sm u-text u-text-custom-color-28 u-text-11\">&nbsp; &nbsp; &nbsp; &nbsp;<\/h4>\n                <p class=\"u-align-left-lg u-align-left-md u-align-left-sm u-align-left-xl u-text u-text-default u-text-12\">&nbsp;<\/p>\n              <\/div>\n            <\/div>\n          <\/div>\n        <\/div>\n      <\/div>\n    <\/section>\n    \n    \n    \n    \n    \n  \n<\/div>","protected":false},"excerpt":{"rendered":"<p>LICENCE PROFESSIONNELLE Eco 3P \u00c9coconception de Produits et Processus pour la Plasturgie Vous recherchez un m\u00e9tier : de technicien(ne) sup\u00e9rieur(e) expert(e) ou de charg\u00e9(e) de projets, int\u00e9grant innovation, performance industrielle et transition \u00e9cologique. Vous devenez : \u2022 technicien(ne) sup\u00e9rieur(e) bureau d\u2019\u00e9tudes mat\u00e9riaux \u2022 technicien(ne) sup\u00e9rieur(e) d\u2019analyses et d\u2019essais \u2022 responsable d\u2019industrialisation et de fabrication \u2022 &#8230; <a title=\"LICENCE PRO PLASTIQUE\" class=\"read-more\" href=\"https:\/\/2025.lycee-nelson-mandela.fr\/?page_id=88\" aria-label=\"En savoir plus sur LICENCE PRO PLASTIQUE\">Lire la suite<\/a><\/p>\n","protected":false},"author":1,"featured_media":0,"parent":913,"menu_order":0,"comment_status":"closed","ping_status":"closed","template":"","meta":{"_uag_custom_page_level_css":"","footnotes":""},"class_list":["post-88","page","type-page","status-publish"],"uagb_featured_image_src":{"full":false,"thumbnail":false,"medium":false,"medium_large":false,"large":false,"1536x1536":false,"2048x2048":false},"uagb_author_info":{"display_name":"2025Ly_Admin","author_link":"https:\/\/2025.lycee-nelson-mandela.fr\/?author=1"},"uagb_comment_info":0,"uagb_excerpt":"LICENCE PROFESSIONNELLE Eco 3P \u00c9coconception de Produits et Processus pour la Plasturgie Vous recherchez un m\u00e9tier : de technicien(ne) sup\u00e9rieur(e) expert(e) ou de charg\u00e9(e) de projets, int\u00e9grant innovation, performance industrielle et transition \u00e9cologique. Vous devenez : \u2022 technicien(ne) sup\u00e9rieur(e) bureau d\u2019\u00e9tudes mat\u00e9riaux \u2022 technicien(ne) sup\u00e9rieur(e) d\u2019analyses et d\u2019essais \u2022 responsable d\u2019industrialisation et de fabrication \u2022\u2026","jetpack_sharing_enabled":true,"_links":{"self":[{"href":"https:\/\/2025.lycee-nelson-mandela.fr\/index.php?rest_route=\/wp\/v2\/pages\/88","targetHints":{"allow":["GET"]}}],"collection":[{"href":"https:\/\/2025.lycee-nelson-mandela.fr\/index.php?rest_route=\/wp\/v2\/pages"}],"about":[{"href":"https:\/\/2025.lycee-nelson-mandela.fr\/index.php?rest_route=\/wp\/v2\/types\/page"}],"author":[{"embeddable":true,"href":"https:\/\/2025.lycee-nelson-mandela.fr\/index.php?rest_route=\/wp\/v2\/users\/1"}],"replies":[{"embeddable":true,"href":"https:\/\/2025.lycee-nelson-mandela.fr\/index.php?rest_route=%2Fwp%2Fv2%2Fcomments&post=88"}],"version-history":[{"count":19,"href":"https:\/\/2025.lycee-nelson-mandela.fr\/index.php?rest_route=\/wp\/v2\/pages\/88\/revisions"}],"predecessor-version":[{"id":2303,"href":"https:\/\/2025.lycee-nelson-mandela.fr\/index.php?rest_route=\/wp\/v2\/pages\/88\/revisions\/2303"}],"up":[{"embeddable":true,"href":"https:\/\/2025.lycee-nelson-mandela.fr\/index.php?rest_route=\/wp\/v2\/pages\/913"}],"wp:attachment":[{"href":"https:\/\/2025.lycee-nelson-mandela.fr\/index.php?rest_route=%2Fwp%2Fv2%2Fmedia&parent=88"}],"curies":[{"name":"wp","href":"https:\/\/api.w.org\/{rel}","templated":true}]}}