{"id":925,"date":"2024-12-11T08:27:39","date_gmt":"2024-12-11T08:27:39","guid":{"rendered":"https:\/\/2025.lycee-nelson-mandela.fr\/?page_id=925"},"modified":"2025-03-25T10:29:47","modified_gmt":"2025-03-25T10:29:47","slug":"cap-aaga","status":"publish","type":"page","link":"https:\/\/2025.lycee-nelson-mandela.fr\/?page_id=925","title":{"rendered":"CAP AAGA"},"content":{"rendered":"<div class=\"\" style=\"\" >\n    \n    <section class=\"u-clearfix u-section-2\" id=\"sec-3532\">\n      <div class=\"u-clearfix u-sheet u-sheet-1\">\n        <div class=\"data-layout-selected u-clearfix u-expanded-width u-layout-wrap u-layout-wrap-1\">\n          <div class=\"u-layout\">\n            <div class=\"u-layout-row\">\n              <div class=\"u-size-19-lg u-size-19-xl u-size-29-sm u-size-29-xs u-size-60-md\">\n                <div class=\"u-layout-col\">\n                  <div class=\"u-container-style u-layout-cell u-size-60 u-layout-cell-1\">\n                    <div class=\"u-container-layout u-container-layout-1\">\n                      <p class=\"u-text u-text-1\">Agent d'Accompagnement au Grand Age<\/p>\n                      <div class=\"u-container-style u-group u-palette-4-dark-2 u-group-1\">\n                        <div class=\"u-container-layout u-container-layout-2\">\n                          <img decoding=\"async\" class=\"u-image u-image-contain u-image-default u-preserve-proportions u-image-1\" src=\"https:\/\/2025.lycee-nelson-mandela.fr\/wp-content\/uploads\/2024\/12\/Logo_HPS-11-4.webp\" alt=\"\" data-image-width=\"138\" data-image-height=\"103\">\n                          <p class=\"u-align-center u-custom-font u-font-lato u-text u-text-white u-text-2\">CAP<br>A.G.A.A\n                          <\/p>\n                        <\/div>\n                      <\/div>\n                      <div class=\"u-container-style u-group u-palette-4-dark-2 u-group-2\">\n                        <div class=\"u-container-layout u-valign-middle-xs u-container-layout-3\">\n                          <p class=\"u-text u-text-default u-text-white u-text-3\">OUVERT : <\/p>\n                        <\/div>\n                      <\/div>\n                      <p class=\"u-text u-text-custom-color-19 u-text-4\">- 3\u00e8me SEGPA<br>- 3\u00e8me d'ULIS<br>- 3\u00e8me Pr\u00e9pa-M\u00e9tiers<br>- 3\u00e8me g\u00e9n\u00e9rale. \n                      <\/p>\n                    <\/div>\n                  <\/div>\n                <\/div>\n              <\/div>\n              <div class=\"u-size-31-sm u-size-31-xs u-size-41-lg u-size-41-xl u-size-60-md\">\n                <div class=\"u-layout-col\">\n                  <div class=\"u-size-30\">\n                    <div class=\"u-layout-row\">\n                      <div class=\"u-container-style u-layout-cell u-size-30 u-layout-cell-2\">\n                        <div class=\"u-container-layout u-container-layout-4\">\n                          <div class=\"u-container-style u-group u-palette-4-dark-2 u-group-3\">\n                            <div class=\"u-container-layout u-valign-middle-xs u-container-layout-5\">\n                              <p class=\"u-text u-text-white u-text-5\">VOUS RECHERCHEZ UN M\u00c9TIE<span style=\"font-weight: 700;\"><\/span>R : \n                              <\/p>\n                            <\/div>\n                          <\/div>\n                          <p class=\"u-text u-text-6\">- Qui vous permettent de travailler au sein de structures sociales ou m\u00e9dico-sociales.<br>- Qui recrute.<br>- Qui recherche du personnel QUALIFI\u00c9.\n                          <\/p>\n                        <\/div>\n                      <\/div>\n                      <div class=\"u-container-style u-layout-cell u-size-30 u-layout-cell-3\">\n                        <div class=\"u-container-layout u-container-layout-6\">\n                          <div class=\"custom-expanded u-container-style u-group u-palette-4-dark-2 u-group-4\">\n                            <div class=\"u-container-layout u-valign-bottom-xs u-container-layout-7\">\n                              <p class=\"u-text u-text-default u-text-white u-text-7\">VOUS DEVENEZ : <\/p>\n                            <\/div>\n                          <\/div>\n                          <p class=\"u-text u-text-8\">- Accompagnement\/e \u00e9ducatif\/ve et social\/e <br>- Aide-soignant<br>- Auxiliaire de vie sociale<br>- Agent social\n                          <\/p>\n                        <\/div>\n                      <\/div>\n                    <\/div>\n                  <\/div>\n                  <div class=\"u-size-30\">\n                    <div class=\"u-layout-row\">\n                      <div class=\"u-container-style u-layout-cell u-size-30 u-layout-cell-4\">\n                        <div class=\"u-container-layout u-container-layout-8\">\n                          <div class=\"u-container-style u-group u-palette-4-dark-2 u-group-5\">\n                            <div class=\"u-container-layout u-valign-middle u-container-layout-9\">\n                              <p class=\"u-text u-text-default u-text-white u-text-9\">LES PLUS : <\/p>\n                            <\/div>\n                          <\/div>\n                          <p class=\"u-text u-text-10\">- Une classe \u00e0 petits effectifs (12).<br>- Acquisition de comp\u00e9tences permettant le bon fonctionnement d'actes de la vie quotidienne et sociales une fois dans le monde du travail.<br>- 14 semaines de stage en entreprise.<br>\n                          <\/p>\n                        <\/div>\n                      <\/div>\n                      <div class=\"u-container-style u-layout-cell u-size-30 u-layout-cell-5\">\n                        <div class=\"u-container-layout u-valign-top u-container-layout-10\">\n                          <div class=\"u-container-style u-group u-palette-4-dark-2 u-group-6\">\n                            <div class=\"u-container-layout u-valign-bottom-xs u-container-layout-11\">\n                              <p class=\"u-text u-text-white u-text-11\">POURSUITE D'\u00c9TUDE : <\/p>\n                            <\/div>\n                          <\/div>\n                          <p class=\"u-text u-text-default u-text-12\">Dipl\u00f4me d'\u00c9tat d'AES <\/p>\n                          <p class=\"u-text u-text-default u-text-13\">CS aide \u00e0 domicile <\/p>\n                          <p class=\"u-text u-text-default u-text-14\">BAC PRO A.S.S.P <\/p>\n                        <\/div>\n                      <\/div>\n                    <\/div>\n                  <\/div>\n                <\/div>\n              <\/div>\n            <\/div>\n          <\/div>\n        <\/div>\n      <\/div>\n    <\/section>\n    \n    \n    \n    \n  \n<\/div>","protected":false},"excerpt":{"rendered":"<p>Agent d&rsquo;Accompagnement au Grand Age CAPA.G.A.A OUVERT : &#8211; 3\u00e8me SEGPA- 3\u00e8me d&rsquo;ULIS- 3\u00e8me Pr\u00e9pa-M\u00e9tiers- 3\u00e8me g\u00e9n\u00e9rale. VOUS RECHERCHEZ UN M\u00c9TIER : &#8211; Qui vous permettent de travailler au sein de structures sociales ou m\u00e9dico-sociales.- Qui recrute.- Qui recherche du personnel QUALIFI\u00c9. VOUS DEVENEZ : &#8211; Accompagnement\/e \u00e9ducatif\/ve et social\/e &#8211; Aide-soignant- Auxiliaire de vie &#8230; <a title=\"CAP AAGA\" class=\"read-more\" href=\"https:\/\/2025.lycee-nelson-mandela.fr\/?page_id=925\" aria-label=\"En savoir plus sur CAP AAGA\">Lire la suite<\/a><\/p>\n","protected":false},"author":1,"featured_media":0,"parent":913,"menu_order":0,"comment_status":"closed","ping_status":"closed","template":"","meta":{"_uag_custom_page_level_css":"","footnotes":""},"class_list":["post-925","page","type-page","status-publish"],"uagb_featured_image_src":{"full":false,"thumbnail":false,"medium":false,"medium_large":false,"large":false,"1536x1536":false,"2048x2048":false},"uagb_author_info":{"display_name":"2025Ly_Admin","author_link":"https:\/\/2025.lycee-nelson-mandela.fr\/?author=1"},"uagb_comment_info":0,"uagb_excerpt":"Agent d'Accompagnement au Grand Age CAPA.G.A.A OUVERT : - 3\u00e8me SEGPA- 3\u00e8me d'ULIS- 3\u00e8me Pr\u00e9pa-M\u00e9tiers- 3\u00e8me g\u00e9n\u00e9rale. VOUS RECHERCHEZ UN M\u00c9TIER : - Qui vous permettent de travailler au sein de structures sociales ou m\u00e9dico-sociales.- Qui recrute.- Qui recherche du personnel QUALIFI\u00c9. VOUS DEVENEZ : - Accompagnement\/e \u00e9ducatif\/ve et social\/e - Aide-soignant- Auxiliaire de vie\u2026","jetpack_sharing_enabled":true,"_links":{"self":[{"href":"https:\/\/2025.lycee-nelson-mandela.fr\/index.php?rest_route=\/wp\/v2\/pages\/925","targetHints":{"allow":["GET"]}}],"collection":[{"href":"https:\/\/2025.lycee-nelson-mandela.fr\/index.php?rest_route=\/wp\/v2\/pages"}],"about":[{"href":"https:\/\/2025.lycee-nelson-mandela.fr\/index.php?rest_route=\/wp\/v2\/types\/page"}],"author":[{"embeddable":true,"href":"https:\/\/2025.lycee-nelson-mandela.fr\/index.php?rest_route=\/wp\/v2\/users\/1"}],"replies":[{"embeddable":true,"href":"https:\/\/2025.lycee-nelson-mandela.fr\/index.php?rest_route=%2Fwp%2Fv2%2Fcomments&post=925"}],"version-history":[{"count":15,"href":"https:\/\/2025.lycee-nelson-mandela.fr\/index.php?rest_route=\/wp\/v2\/pages\/925\/revisions"}],"predecessor-version":[{"id":1320,"href":"https:\/\/2025.lycee-nelson-mandela.fr\/index.php?rest_route=\/wp\/v2\/pages\/925\/revisions\/1320"}],"up":[{"embeddable":true,"href":"https:\/\/2025.lycee-nelson-mandela.fr\/index.php?rest_route=\/wp\/v2\/pages\/913"}],"wp:attachment":[{"href":"https:\/\/2025.lycee-nelson-mandela.fr\/index.php?rest_route=%2Fwp%2Fv2%2Fmedia&parent=925"}],"curies":[{"name":"wp","href":"https:\/\/api.w.org\/{rel}","templated":true}]}}