{"id":967,"date":"2024-12-11T17:22:51","date_gmt":"2024-12-11T17:22:51","guid":{"rendered":"https:\/\/2025.lycee-nelson-mandela.fr\/?page_id=967"},"modified":"2025-03-20T10:11:31","modified_gmt":"2025-03-20T10:11:31","slug":"formation_continue","status":"publish","type":"page","link":"https:\/\/2025.lycee-nelson-mandela.fr\/?page_id=967","title":{"rendered":"Lyc\u00e9ens et apprentis au cin\u00e9ma"},"content":{"rendered":"<div class=\"\" style=\"\" >\n    \n    <section class=\"u-clearfix u-section-2\" id=\"sec-abad\">\n      <div class=\"u-clearfix u-sheet u-sheet-1\">\n        <p class=\"u-align-center-xs u-custom-font u-font-lato u-text u-text-1\">LYC\u00c9ENS ET APPRENTIS AU CIN\u00c9MA <\/p>\n        <div class=\"u-rotation-parent u-rotation-parent-1\">\n          <span class=\"u-file-icon u-icon u-icon-1\"><img decoding=\"async\" src=\"https:\/\/2025.lycee-nelson-mandela.fr\/wp-content\/uploads\/2025\/03\/73960.png\" alt=\"\"><\/span>\n        <\/div>\n        <div class=\"custom-expanded u-video u-video-1\">\n          <div class=\"embed-responsive embed-responsive-1\">\n            <iframe style=\"position: absolute;top: 0;left: 0;width: 100%;height: 100%;\" class=\"embed-responsive-item\" src=\"https:\/\/www.youtube.com\/embed\/wbBIjOhH6V4?mute=0&amp;showinfo=0&amp;controls=0&amp;start=0\" frameborder=\"0\" allowfullscreen=\"\"><\/iframe>\n          <\/div>\n        <\/div>\n        <p class=\"u-custom-font u-font-lato u-text u-text-2\">Les lyc\u00e9ens et les apprentis d\u00e9couvrent des \u0153uvres cin\u00e9matographiques lors de projections organis\u00e9es sp\u00e9cialement \u00e0 leur intention dans les salles de cin\u00e9ma.&nbsp;<br>\n          <br>Gr\u00e2ce au travail p\u00e9dagogique d'accompagnement conduit par les enseignants et les partenaires culturels, ils se constituent les bases d'une culture cin\u00e9matographique. \n        <\/p>\n        <p class=\"u-custom-font u-font-lato u-text u-text-3\">Les films sont en version originale sous-titr\u00e9e en fran\u00e7ais. Ils sont majoritairement class\u00e9s art et essai et une partie importante d\u2019entre eux sont fran\u00e7ais et europ\u00e9ens. \u00c9galement un court m\u00e9trage peut \u00eatre pr\u00e9sent\u00e9 avant le long m\u00e9trage programm\u00e9.<\/p>\n        <p class=\"u-custom-font u-font-lato u-text u-text-4\">EXPLICATION <\/p>\n        <p class=\"u-custom-font u-font-lato u-text u-text-5\">Chaque film est accompagn\u00e9 d'un dossier enseignant et d'une fiche \u00e9l\u00e8ve. Des vid\u00e9os d'analyse, de d\u00e9cryptages et d'entretien de cin\u00e9astes et de professionnels sont \u00e9galement propos\u00e9es.<\/p>\n        <p class=\"u-custom-font u-font-lato u-text u-text-6\">COMMENT PARTICIPER ? <\/p>\n        <p class=\"u-custom-font u-font-lato u-text u-text-7\">Les \u00e9tablissements scolaires qui veulent participer \u00e0 ce projet peuvent directement s'adresser \u00e0 la structure de la coordination r\u00e9gionale du dispositif .&nbsp;<\/p>\n      <\/div>\n    <\/section>\n    \n    \n    \n    \n  \n<\/div>","protected":false},"excerpt":{"rendered":"<p>LYC\u00c9ENS ET APPRENTIS AU CIN\u00c9MA Les lyc\u00e9ens et les apprentis d\u00e9couvrent des \u0153uvres cin\u00e9matographiques lors de projections organis\u00e9es sp\u00e9cialement \u00e0 leur intention dans les salles de cin\u00e9ma.&nbsp; Gr\u00e2ce au travail p\u00e9dagogique d&rsquo;accompagnement conduit par les enseignants et les partenaires culturels, ils se constituent les bases d&rsquo;une culture cin\u00e9matographique. Les films sont en version originale sous-titr\u00e9e &#8230; <a title=\"Lyc\u00e9ens et apprentis au cin\u00e9ma\" class=\"read-more\" href=\"https:\/\/2025.lycee-nelson-mandela.fr\/?page_id=967\" aria-label=\"En savoir plus sur Lyc\u00e9ens et apprentis au cin\u00e9ma\">Lire la suite<\/a><\/p>\n","protected":false},"author":1,"featured_media":0,"parent":913,"menu_order":0,"comment_status":"closed","ping_status":"closed","template":"","meta":{"_uag_custom_page_level_css":"","footnotes":""},"class_list":["post-967","page","type-page","status-publish"],"uagb_featured_image_src":{"full":false,"thumbnail":false,"medium":false,"medium_large":false,"large":false,"1536x1536":false,"2048x2048":false},"uagb_author_info":{"display_name":"2025Ly_Admin","author_link":"https:\/\/2025.lycee-nelson-mandela.fr\/?author=1"},"uagb_comment_info":0,"uagb_excerpt":"LYC\u00c9ENS ET APPRENTIS AU CIN\u00c9MA Les lyc\u00e9ens et les apprentis d\u00e9couvrent des \u0153uvres cin\u00e9matographiques lors de projections organis\u00e9es sp\u00e9cialement \u00e0 leur intention dans les salles de cin\u00e9ma.&nbsp; Gr\u00e2ce au travail p\u00e9dagogique d'accompagnement conduit par les enseignants et les partenaires culturels, ils se constituent les bases d'une culture cin\u00e9matographique. Les films sont en version originale sous-titr\u00e9e\u2026","jetpack_sharing_enabled":true,"_links":{"self":[{"href":"https:\/\/2025.lycee-nelson-mandela.fr\/index.php?rest_route=\/wp\/v2\/pages\/967","targetHints":{"allow":["GET"]}}],"collection":[{"href":"https:\/\/2025.lycee-nelson-mandela.fr\/index.php?rest_route=\/wp\/v2\/pages"}],"about":[{"href":"https:\/\/2025.lycee-nelson-mandela.fr\/index.php?rest_route=\/wp\/v2\/types\/page"}],"author":[{"embeddable":true,"href":"https:\/\/2025.lycee-nelson-mandela.fr\/index.php?rest_route=\/wp\/v2\/users\/1"}],"replies":[{"embeddable":true,"href":"https:\/\/2025.lycee-nelson-mandela.fr\/index.php?rest_route=%2Fwp%2Fv2%2Fcomments&post=967"}],"version-history":[{"count":8,"href":"https:\/\/2025.lycee-nelson-mandela.fr\/index.php?rest_route=\/wp\/v2\/pages\/967\/revisions"}],"predecessor-version":[{"id":1334,"href":"https:\/\/2025.lycee-nelson-mandela.fr\/index.php?rest_route=\/wp\/v2\/pages\/967\/revisions\/1334"}],"up":[{"embeddable":true,"href":"https:\/\/2025.lycee-nelson-mandela.fr\/index.php?rest_route=\/wp\/v2\/pages\/913"}],"wp:attachment":[{"href":"https:\/\/2025.lycee-nelson-mandela.fr\/index.php?rest_route=%2Fwp%2Fv2%2Fmedia&parent=967"}],"curies":[{"name":"wp","href":"https:\/\/api.w.org\/{rel}","templated":true}]}}